{"id":237060,"date":"2025-03-21T11:19:54","date_gmt":"2025-03-21T11:19:54","guid":{"rendered":"https:\/\/aromasentia.com\/product\/ancient-witch-purification-candles-locked-desires\/"},"modified":"2025-06-23T19:04:01","modified_gmt":"2025-06-23T19:04:01","slug":"bougies-de-purification-de-sorciere-ancestrale-desirs-enchaines","status":"publish","type":"product","link":"https:\/\/aromasentia.com\/fr\/bougies-de-purification-de-sorciere-ancestrale-desirs-enchaines\/","title":{"rendered":"Bougies de Purification de Sorci\u00e8re Ancestrale &#8211; D\u00e9sirs Encha\u00een\u00e9s"},"content":{"rendered":"<p>Con&ccedil;ue pour \u00e9veiller les d\u00e9sirs et lib\u00e9rer l&rsquo;\u00e9nergie int\u00e9rieure.&nbsp;<\/p>\n<p><strong>Infus\u00e9e de l&rsquo;essence puissante de l&rsquo;huile essentielle de romarin<\/strong>, cette bougie est id\u00e9ale pour les pratiques de sorcellerie qui n\u00e9cessitent concentration, intention et activation spirituelle.&nbsp;<\/p>\n<p>Le romarin, connu pour ses pouvoirs de clart\u00e9 et de protection, purifie l&rsquo;esprit, laissant place \u00e0 la manifestation et \u00e0 la poursuite d&rsquo;aspirations de longue date.&nbsp;<\/p>\n<p>La chauve-souris enferm\u00e9e dans une cage symbolise les d\u00e9sirs li\u00e9s et en attente d&rsquo;\u00eatre lib\u00e9r\u00e9s. Pendant que la bougie br\u00fble, visualisez l&rsquo;ouverture de la cage, lib\u00e9rant vos intentions pour qu&rsquo;elles s&rsquo;envolent.&nbsp;<\/p>\n<p>Laissez la bougie de manifestation vous guider pendant que vous canalisez l&rsquo;\u00e9nergie vers la manifestation de vos d\u00e9sirs les plus sinc\u00e8res et le d\u00e9blocage du potentiel int\u00e9rieur.&nbsp;<\/p>\n<p><strong>Votre sort :&nbsp;<\/strong><\/p>\n<p><em>\u00ab\u00a0Le pouvoir du romarin, d\u00e9verrouille la porte,&nbsp;<\/em><\/p>\n<p><em>d\u00e9voile mes r\u00eaves pour toujours.&nbsp;<\/em><\/p>\n<p><em>D\u00e9sirs en cage, prenez votre envol,&nbsp;<\/em><\/p>\n<p><em>surgissez, r\u00e9v\u00e9lez mes souhaits sous mes yeux.\u00a0\u00bb&nbsp;<\/em><\/p>\n<p><strong>Dur\u00e9e de combustion jusqu&rsquo;\u00e0 50 heures.<\/strong><\/p>\n","protected":false},"excerpt":{"rendered":"<p>Con&ccedil;ue pour \u00e9veiller les d\u00e9sirs et lib\u00e9rer l&rsquo;\u00e9nergie int\u00e9rieure.&nbsp; Infus\u00e9e de l&rsquo;essence puissante de l&rsquo;huile essentielle de romarin, cette bougie est id\u00e9ale pour les pratiques de sorcellerie qui n\u00e9cessitent concentration, intention et activation spirituelle.&nbsp; Le romarin, connu pour ses pouvoirs de clart\u00e9 et de protection, purifie l&rsquo;esprit, laissant place \u00e0 la manifestation et \u00e0 la [&hellip;]<\/p>\n","protected":false},"featured_media":304346,"comment_status":"closed","ping_status":"open","template":"","meta":{"_angie_page":false},"product_brand":[],"product_cat":[17461,19989,19988],"product_tag":[],"class_list":{"0":"post-237060","1":"product","2":"type-product","3":"status-publish","4":"has-post-thumbnail","6":"product_cat-bougeoirs-et-bougies","7":"product_cat-bougies-en-cire-de-soja","8":"product_cat-bougies-parfumees","9":"pa_collection-botanical-wooden-wick-soy-candle-fr","10":"pa_made-in-chine","12":"first","13":"instock","14":"purchasable","15":"product-type-simple"},"supplier_id":null,"supplier_sku":"AWtPC-05","barcode":null,"atum_controlled":true,"out_stock_date":null,"out_stock_threshold":null,"inheritable":false,"inbound_stock":null,"stock_on_hold":0,"sold_today":0,"sales_last_days":0,"reserved_stock":null,"customer_returns":null,"warehouse_damage":null,"lost_in_post":null,"other_logs":null,"out_stock_days":0,"lost_sales":0,"has_location":null,"update_date":"2026-05-04T00:02:50","atum_locations":[],"atum_stock_status":"instock","restock_status":false,"low_stock_amount":"","sales_update_date":"2025-10-09T03:24:52","calc_backorders":null,"_links":{"self":[{"href":"https:\/\/aromasentia.com\/fr\/wp-json\/wp\/v2\/product\/237060","targetHints":{"allow":["GET"]}}],"collection":[{"href":"https:\/\/aromasentia.com\/fr\/wp-json\/wp\/v2\/product"}],"about":[{"href":"https:\/\/aromasentia.com\/fr\/wp-json\/wp\/v2\/types\/product"}],"replies":[{"embeddable":true,"href":"https:\/\/aromasentia.com\/fr\/wp-json\/wp\/v2\/comments?post=237060"}],"version-history":[{"count":0,"href":"https:\/\/aromasentia.com\/fr\/wp-json\/wp\/v2\/product\/237060\/revisions"}],"wp:featuredmedia":[{"embeddable":true,"href":"https:\/\/aromasentia.com\/fr\/wp-json\/wp\/v2\/media\/304346"}],"wp:attachment":[{"href":"https:\/\/aromasentia.com\/fr\/wp-json\/wp\/v2\/media?parent=237060"}],"wp:term":[{"taxonomy":"product_brand","embeddable":true,"href":"https:\/\/aromasentia.com\/fr\/wp-json\/wp\/v2\/product_brand?post=237060"},{"taxonomy":"product_cat","embeddable":true,"href":"https:\/\/aromasentia.com\/fr\/wp-json\/wp\/v2\/product_cat?post=237060"},{"taxonomy":"product_tag","embeddable":true,"href":"https:\/\/aromasentia.com\/fr\/wp-json\/wp\/v2\/product_tag?post=237060"}],"curies":[{"name":"wp","href":"https:\/\/api.w.org\/{rel}","templated":true}]}}