{"id":237012,"date":"2025-03-21T11:19:54","date_gmt":"2025-03-21T11:19:54","guid":{"rendered":"https:\/\/aromasentia.com\/product\/art-tin-candle-sea-life\/"},"modified":"2025-06-23T19:03:54","modified_gmt":"2025-06-23T19:03:54","slug":"bougies-artistiques-etain-vie-marine","status":"publish","type":"product","link":"https:\/\/aromasentia.com\/fr\/bougies-artistiques-etain-vie-marine\/","title":{"rendered":"Bougies Artistiques \u00c9tain &#8211; Vie Marine"},"content":{"rendered":"<p><strong><span style=\"color: rgb(75, 80, 88);\">Nos Bougies en \u00e9tain d&rsquo;art &#8211; Vie Marine&nbsp;<\/span><\/strong>en gros sont fabriqu\u00e9es avec de la cire de soja naturelle et un m\u00e9lange d&rsquo;huiles parfum\u00e9es de haute qualit\u00e9. Les bougies \u00e0 la cire de soja sont une excellente alternative \u00e9cologique aux bougies \u00e0 la paraffine.&nbsp;<\/p>\n<p>Notre choix d&rsquo;utiliser de la cire de soja a \u00e9t\u00e9 une d\u00e9cision facile : les bougies de soja parfument magnifiquement et sont meilleures pour la plan\u00e8te. Les bougies de soja br\u00fblent \u00e9galement 30 \u00e0 50 % plus longtemps et ne contiennent pas les toxines que contiennent les bougies \u00e0 la paraffine. Nos bougies 100 % naturelles produisent \u00e9galement 95 % de suie en moins ! Pr\u00e9sent\u00e9 dans de belles bo\u00eetes imprim\u00e9es \u00e0 th\u00e8me avec une belle \u00e9tiquette d&rsquo;en-t\u00eate.&nbsp;<\/p>\n<p>Grand 120g. Cire de soja. Vendues en coffret de 6 bougies avec 3 motifs diff\u00e9rents pour chaque th\u00e8me. Toutes nos bougies utilisent des produits naturels et ne sont pas test\u00e9es sur les animaux, ce qui signifie qu&rsquo;elles sont v\u00e9g\u00e9taliennes.&nbsp;<\/p>\n<p>Vous pouvez aussi r\u00e9utiliser ou recycler tous nos emballages !&nbsp;<\/p>\n<p><strong>Parfum : Framboise<\/strong><\/p>\n<p><strong><span style=\"color: rgb(141, 186, 216);\">Ces bougies br\u00fblent jusqu&rsquo;\u00e0 23 heures et sont livr\u00e9es avec leurs propres instructions d&rsquo;entretien pour vous aider \u00e0 tirer le meilleur parti de votre bougie de haut en bas.<\/span><\/strong><\/p>\n","protected":false},"excerpt":{"rendered":"<p>Nos Bougies en \u00e9tain d&rsquo;art &#8211; Vie Marine&nbsp;en gros sont fabriqu\u00e9es avec de la cire de soja naturelle et un m\u00e9lange d&rsquo;huiles parfum\u00e9es de haute qualit\u00e9. Les bougies \u00e0 la cire de soja sont une excellente alternative \u00e9cologique aux bougies \u00e0 la paraffine.&nbsp; Notre choix d&rsquo;utiliser de la cire de soja a \u00e9t\u00e9 une d\u00e9cision [&hellip;]<\/p>\n","protected":false},"featured_media":303606,"comment_status":"closed","ping_status":"open","template":"","meta":[],"product_brand":[],"product_cat":[17461,19989,19988],"product_tag":[],"class_list":{"0":"post-237012","1":"product","2":"type-product","3":"status-publish","4":"has-post-thumbnail","6":"product_cat-bougeoirs-et-bougies","7":"product_cat-bougies-en-cire-de-soja","8":"product_cat-bougies-parfumees","9":"pa_collection-art-tin-candles-fr","10":"pa_made-in-chine","12":"first","13":"instock","14":"purchasable","15":"product-type-simple"},"supplier_id":null,"supplier_sku":"ATC-02","barcode":null,"atum_controlled":true,"out_stock_date":null,"out_stock_threshold":null,"inheritable":false,"inbound_stock":null,"stock_on_hold":0,"sold_today":0,"sales_last_days":0,"reserved_stock":null,"customer_returns":null,"warehouse_damage":null,"lost_in_post":null,"other_logs":null,"out_stock_days":0,"lost_sales":0,"has_location":null,"update_date":"2026-01-30T01:24:39","atum_locations":[],"atum_stock_status":"instock","restock_status":false,"low_stock_amount":"","sales_update_date":"2026-01-30T01:24:39","calc_backorders":null,"_links":{"self":[{"href":"https:\/\/aromasentia.com\/fr\/wp-json\/wp\/v2\/product\/237012","targetHints":{"allow":["GET"]}}],"collection":[{"href":"https:\/\/aromasentia.com\/fr\/wp-json\/wp\/v2\/product"}],"about":[{"href":"https:\/\/aromasentia.com\/fr\/wp-json\/wp\/v2\/types\/product"}],"replies":[{"embeddable":true,"href":"https:\/\/aromasentia.com\/fr\/wp-json\/wp\/v2\/comments?post=237012"}],"version-history":[{"count":0,"href":"https:\/\/aromasentia.com\/fr\/wp-json\/wp\/v2\/product\/237012\/revisions"}],"wp:featuredmedia":[{"embeddable":true,"href":"https:\/\/aromasentia.com\/fr\/wp-json\/wp\/v2\/media\/303606"}],"wp:attachment":[{"href":"https:\/\/aromasentia.com\/fr\/wp-json\/wp\/v2\/media?parent=237012"}],"wp:term":[{"taxonomy":"product_brand","embeddable":true,"href":"https:\/\/aromasentia.com\/fr\/wp-json\/wp\/v2\/product_brand?post=237012"},{"taxonomy":"product_cat","embeddable":true,"href":"https:\/\/aromasentia.com\/fr\/wp-json\/wp\/v2\/product_cat?post=237012"},{"taxonomy":"product_tag","embeddable":true,"href":"https:\/\/aromasentia.com\/fr\/wp-json\/wp\/v2\/product_tag?post=237012"}],"curies":[{"name":"wp","href":"https:\/\/api.w.org\/{rel}","templated":true}]}}