{"id":236976,"date":"2025-03-21T11:19:54","date_gmt":"2025-03-21T11:19:54","guid":{"rendered":"https:\/\/aromasentia.com\/product\/large-botanical-candles-victorian-peony\/"},"modified":"2025-06-23T19:03:50","modified_gmt":"2025-06-23T19:03:50","slug":"bougies-botaniques-large-pivoine-victorienne","status":"publish","type":"product","link":"https:\/\/aromasentia.com\/fr\/bougies-botaniques-large-pivoine-victorienne\/","title":{"rendered":"Bougies Botaniques &#8211; Large &#8211; Pivoine Victorienne"},"content":{"rendered":"<h3><\/h3>\n<p>Nous sommes ravis de vous pr\u00e9senter une gamme de bougies botaniques \u00e0 la cire naturelle \u00e0 prix de grossiste !<\/p>\n<p>Les pots \u00e0 <strong>conception minimaliste<\/strong>, la <strong>double m\u00e8che en bois<\/strong>, la <strong>cire de soja&nbsp;<\/strong>et le <strong>support en fer<\/strong> enchanteront votre client\u00e8le.<\/p>\n<p>Les Bougies Botaniques sont pr\u00e9sent\u00e9es dans des pots ronds en c\u00e9ramique r\u00e9utilisables, avec un &nbsp;code barre et sont emball\u00e9es dans leur magnifique bo\u00eete de pr\u00e9sentation.<\/p>\n<p>Chaque bougie contient une m\u00e8che en bois au lieu d&rsquo;une m\u00e8che traditionnelle, permettant son <strong>gr\u00e9sillement<\/strong> tout en lib\u00e9rant de d\u00e9licieux parfums <strong>botaniques<\/strong>.<\/p>\n<p>Son \u00e9l\u00e9gant support en fer (vendu \u00e0 part) fera ressortir la bougie dans n&rsquo;importe quelle pi\u00e8ce du domicile ou du bureau de vos clients.<\/p>\n<p>Apr\u00e8s utilisation, ces bougies feront d&rsquo;excellents porte plantes minimalistes.<\/p>\n<p><span style=\"color: rgb(184, 49, 47);\"><strong>Stockez la gamme d\u00e8s aujourd&rsquo;hui et apporter une touche d&rsquo;originalit\u00e9 \u00e0 votre rayon bougie !<\/strong><\/span><\/p>\n","protected":false},"excerpt":{"rendered":"<p>Nous sommes ravis de vous pr\u00e9senter une gamme de bougies botaniques \u00e0 la cire naturelle \u00e0 prix de grossiste ! Les pots \u00e0 conception minimaliste, la double m\u00e8che en bois, la cire de soja&nbsp;et le support en fer enchanteront votre client\u00e8le. Les Bougies Botaniques sont pr\u00e9sent\u00e9es dans des pots ronds en c\u00e9ramique r\u00e9utilisables, avec un [&hellip;]<\/p>\n","protected":false},"featured_media":304598,"comment_status":"closed","ping_status":"open","template":"","meta":{"_angie_page":false},"product_brand":[27093],"product_cat":[17461,19989,19988],"product_tag":[],"class_list":{"0":"post-236976","1":"product","2":"type-product","3":"status-publish","4":"has-post-thumbnail","6":"product_brand-ancient-wisdom","7":"product_cat-bougeoirs-et-bougies","8":"product_cat-bougies-en-cire-de-soja","9":"product_cat-bougies-parfumees","10":"pa_collection-botanical-wooden-wick-soy-candle-fr","11":"pa_made-in-chine","13":"first","14":"instock","15":"purchasable","16":"product-type-simple"},"supplier_id":null,"supplier_sku":"BotC-04","barcode":null,"atum_controlled":true,"out_stock_date":null,"out_stock_threshold":null,"inheritable":false,"inbound_stock":null,"stock_on_hold":0,"sold_today":0,"sales_last_days":0,"reserved_stock":null,"customer_returns":null,"warehouse_damage":null,"lost_in_post":null,"other_logs":null,"out_stock_days":0,"lost_sales":0,"has_location":null,"update_date":"2026-05-04T00:02:51","atum_locations":[],"atum_stock_status":"instock","restock_status":false,"low_stock_amount":"","sales_update_date":"2026-01-30T01:24:27","calc_backorders":null,"_links":{"self":[{"href":"https:\/\/aromasentia.com\/fr\/wp-json\/wp\/v2\/product\/236976","targetHints":{"allow":["GET"]}}],"collection":[{"href":"https:\/\/aromasentia.com\/fr\/wp-json\/wp\/v2\/product"}],"about":[{"href":"https:\/\/aromasentia.com\/fr\/wp-json\/wp\/v2\/types\/product"}],"replies":[{"embeddable":true,"href":"https:\/\/aromasentia.com\/fr\/wp-json\/wp\/v2\/comments?post=236976"}],"version-history":[{"count":0,"href":"https:\/\/aromasentia.com\/fr\/wp-json\/wp\/v2\/product\/236976\/revisions"}],"wp:featuredmedia":[{"embeddable":true,"href":"https:\/\/aromasentia.com\/fr\/wp-json\/wp\/v2\/media\/304598"}],"wp:attachment":[{"href":"https:\/\/aromasentia.com\/fr\/wp-json\/wp\/v2\/media?parent=236976"}],"wp:term":[{"taxonomy":"product_brand","embeddable":true,"href":"https:\/\/aromasentia.com\/fr\/wp-json\/wp\/v2\/product_brand?post=236976"},{"taxonomy":"product_cat","embeddable":true,"href":"https:\/\/aromasentia.com\/fr\/wp-json\/wp\/v2\/product_cat?post=236976"},{"taxonomy":"product_tag","embeddable":true,"href":"https:\/\/aromasentia.com\/fr\/wp-json\/wp\/v2\/product_tag?post=236976"}],"curies":[{"name":"wp","href":"https:\/\/api.w.org\/{rel}","templated":true}]}}