{"id":236904,"date":"2025-03-21T11:21:45","date_gmt":"2025-03-21T11:21:45","guid":{"rendered":"https:\/\/aromasentia.com\/product\/candle-holder-sign-peace\/"},"modified":"2025-06-23T19:03:40","modified_gmt":"2025-06-23T19:03:40","slug":"bougeoir-panneau-en-bois-paix","status":"publish","type":"product","link":"https:\/\/aromasentia.com\/fr\/bougeoir-panneau-en-bois-paix\/","title":{"rendered":"Bougeoir Panneau en Bois &#8211; Paix"},"content":{"rendered":"<p>Laissez vos clients cr\u00e9er un bel affichage avec ces <strong><span style=\"color: rgb(75, 80, 88);\">B<\/span><\/strong><strong><span style=\"color: rgb(75, 80, 88);\"><strong>o<\/strong>ugeoirs en bois en gros avec texte &#8211; Paix.&nbsp;<\/span><\/strong><\/p>\n<p>Id\u00e9al pour cr\u00e9er une ambiance chaleureuse parfaite. Dot\u00e9 de bois brun naturel avec un design sculpt\u00e9 simple adapt\u00e9 \u00e0 tout type d&rsquo;int\u00e9rieur.&nbsp;<\/p>\n<p>Fait \u00e0 la main avec amour en Indon\u00e9sie par des artisans. Fabriqu\u00e9 avec une base solide et avec un petit espace sculpt\u00e9 pour une bougie chauffe-plat. Une fois la bougie allum\u00e9e et pos\u00e9e sur le bougeoir, le tout apportera une ambiance agr\u00e9able et chaleureuse.&nbsp;<\/p>\n<p><strong><span style=\"color: rgb(75, 80, 88);\">VEUILLEZ NOTER : En raison des mat\u00e9riaux naturels, de l\u00e9g\u00e8res variations et imperfections peuvent se produire<\/span><\/strong>.&nbsp;<\/p>\n<p><strong><span style=\"color: rgb(141, 186, 216);\">Faites plaisir \u00e0 vos clients avec ces ravissants bougeoirs, commandez d\u00e8s maintenant.<\/span><\/strong><\/p>\n","protected":false},"excerpt":{"rendered":"<p>Laissez vos clients cr\u00e9er un bel affichage avec ces Bougeoirs en bois en gros avec texte &#8211; Paix.&nbsp; Id\u00e9al pour cr\u00e9er une ambiance chaleureuse parfaite. Dot\u00e9 de bois brun naturel avec un design sculpt\u00e9 simple adapt\u00e9 \u00e0 tout type d&rsquo;int\u00e9rieur.&nbsp; Fait \u00e0 la main avec amour en Indon\u00e9sie par des artisans. Fabriqu\u00e9 avec une base [&hellip;]<\/p>\n","protected":false},"featured_media":305224,"comment_status":"closed","ping_status":"open","template":"","meta":{"_angie_page":false},"product_brand":[],"product_cat":[17460,17461],"product_tag":[],"class_list":{"0":"post-236904","1":"product","2":"type-product","3":"status-publish","4":"has-post-thumbnail","6":"product_cat-bougeoirs","7":"product_cat-bougeoirs-et-bougies","8":"pa_collection-candle-holder-signs-fr","9":"pa_made-in-indonesie","11":"first","12":"instock","13":"purchasable","14":"product-type-simple"},"supplier_id":null,"supplier_sku":"CHS-03","barcode":null,"atum_controlled":true,"out_stock_date":null,"out_stock_threshold":null,"inheritable":false,"inbound_stock":null,"stock_on_hold":0,"sold_today":0,"sales_last_days":0,"reserved_stock":null,"customer_returns":null,"warehouse_damage":null,"lost_in_post":null,"other_logs":null,"out_stock_days":0,"lost_sales":0,"has_location":null,"update_date":"2026-04-27T06:57:22","atum_locations":[],"atum_stock_status":"instock","restock_status":false,"low_stock_amount":"","sales_update_date":"2026-01-30T01:24:22","calc_backorders":null,"_links":{"self":[{"href":"https:\/\/aromasentia.com\/fr\/wp-json\/wp\/v2\/product\/236904","targetHints":{"allow":["GET"]}}],"collection":[{"href":"https:\/\/aromasentia.com\/fr\/wp-json\/wp\/v2\/product"}],"about":[{"href":"https:\/\/aromasentia.com\/fr\/wp-json\/wp\/v2\/types\/product"}],"replies":[{"embeddable":true,"href":"https:\/\/aromasentia.com\/fr\/wp-json\/wp\/v2\/comments?post=236904"}],"version-history":[{"count":0,"href":"https:\/\/aromasentia.com\/fr\/wp-json\/wp\/v2\/product\/236904\/revisions"}],"wp:featuredmedia":[{"embeddable":true,"href":"https:\/\/aromasentia.com\/fr\/wp-json\/wp\/v2\/media\/305224"}],"wp:attachment":[{"href":"https:\/\/aromasentia.com\/fr\/wp-json\/wp\/v2\/media?parent=236904"}],"wp:term":[{"taxonomy":"product_brand","embeddable":true,"href":"https:\/\/aromasentia.com\/fr\/wp-json\/wp\/v2\/product_brand?post=236904"},{"taxonomy":"product_cat","embeddable":true,"href":"https:\/\/aromasentia.com\/fr\/wp-json\/wp\/v2\/product_cat?post=236904"},{"taxonomy":"product_tag","embeddable":true,"href":"https:\/\/aromasentia.com\/fr\/wp-json\/wp\/v2\/product_tag?post=236904"}],"curies":[{"name":"wp","href":"https:\/\/api.w.org\/{rel}","templated":true}]}}