{"id":236888,"date":"2025-03-21T11:21:45","date_gmt":"2025-03-21T11:21:45","guid":{"rendered":"https:\/\/aromasentia.com\/product\/chakra-crystal-candles-crown-chakra\/"},"modified":"2025-06-23T19:03:38","modified_gmt":"2025-06-23T19:03:38","slug":"bougie-chakra-de-cristal-chakra-de-la-couronne","status":"publish","type":"product","link":"https:\/\/aromasentia.com\/fr\/bougie-chakra-de-cristal-chakra-de-la-couronne\/","title":{"rendered":"Bougie Chakra de Cristal  &#8211; Chakra de la Couronne"},"content":{"rendered":"<p>Faites l&rsquo;exp\u00e9rience du pouvoir de gu\u00e9rison avec cette <strong><span style=\"color: rgb(75, 80, 88);\">Bougie Chakra de Cristal.<\/span><\/strong> Fabriqu\u00e9e avec de v\u00e9ritables pierres pr\u00e9cieuses, de la cire de soja enti\u00e8rement naturelle, un parfum sp\u00e9cialement m\u00e9lang\u00e9 et des m\u00e8ches de bois magiques.&nbsp;<\/p>\n<p>Connectez-vous \u00e0 la conscience sup\u00e9rieure et \u00e0 l&rsquo;illumination spirituelle gr\u00e2ce \u00e0 notre bougie de cristal du chakra de la couronne.&nbsp;<\/p>\n<p>Impr\u00e9gn\u00e9e de<strong><span style=\"color: rgb(75, 80, 88);\">&nbsp;C\u00e9lestite et de S\u00e9l\u00e9nite<\/span><\/strong>, elle r\u00e9sonne avec l&rsquo;essence du Chakra de la Couronne.&nbsp;<\/p>\n<p>Le parfum rafra\u00eechissant de Brise de l&rsquo;Oc\u00e9an \u00e9l\u00e8ve votre esprit.&nbsp;<\/p>\n<p>La bo\u00eete transmet la sagesse suivante : <strong><span style=\"color: rgb(75, 80, 88);\">\u00ab\u00a0A chaque instant, l&rsquo;univers vous chuchote quelque chose\u00a0\u00bb<\/span><\/strong>.&nbsp;<\/p>\n<p>Allumez cette bougie pour acc\u00e9der \u00e0 la sagesse divine, transcender les pr\u00e9occupations terrestres et faire l&rsquo;exp\u00e9rience de la transcendance spirituelle. En allumant la bougie, vous ressentirez l&rsquo;\u00e9nergie curative des cristaux et le parfum apaisant de l&rsquo;ar\u00f4me sp\u00e9cialement m\u00e9lang\u00e9.&nbsp;<\/p>\n<p>Apr\u00e8s avoir br\u00fbl\u00e9 cette bougie, le pot peut \u00eatre r\u00e9utilis\u00e9 et vous pouvez nettoyer et conserver les cristaux de roche.&nbsp;<\/p>\n<p><strong><span style=\"color: rgb(75, 80, 88);\">PARFUM :<\/span><\/strong> Oc\u00e9an&nbsp;<\/p>\n<p>Notes de t\u00eate : sel marin, calone, bergamote&nbsp;<\/p>\n<p>Notes de c\u0153ur : Algues, Lotus&nbsp;<\/p>\n<p>Notes de fond : Bois flott\u00e9, Musc<\/p>\n<p><strong><span style=\"color: rgb(75, 80, 88);\">Dur\u00e9e de combustion : 17 heures<\/span><\/strong><\/p>\n","protected":false},"excerpt":{"rendered":"<p>Faites l&rsquo;exp\u00e9rience du pouvoir de gu\u00e9rison avec cette Bougie Chakra de Cristal. Fabriqu\u00e9e avec de v\u00e9ritables pierres pr\u00e9cieuses, de la cire de soja enti\u00e8rement naturelle, un parfum sp\u00e9cialement m\u00e9lang\u00e9 et des m\u00e8ches de bois magiques.&nbsp; Connectez-vous \u00e0 la conscience sup\u00e9rieure et \u00e0 l&rsquo;illumination spirituelle gr\u00e2ce \u00e0 notre bougie de cristal du chakra de la couronne.&nbsp; [&hellip;]<\/p>\n","protected":false},"featured_media":305124,"comment_status":"closed","ping_status":"open","template":"","meta":{"_angie_page":false},"product_brand":[],"product_cat":[17461,20263],"product_tag":[],"class_list":{"0":"post-236888","1":"product","2":"type-product","3":"status-publish","4":"has-post-thumbnail","6":"product_cat-bougeoirs-et-bougies","7":"product_cat-bougies-lithotherapie","8":"pa_collection-chakra-crystal-candle-root-chakra-fr","9":"pa_made-in-chine","11":"first","12":"instock","13":"purchasable","14":"product-type-simple"},"supplier_id":null,"supplier_sku":"ChkCC-07","barcode":null,"atum_controlled":true,"out_stock_date":null,"out_stock_threshold":null,"inheritable":false,"inbound_stock":null,"stock_on_hold":0,"sold_today":0,"sales_last_days":0,"reserved_stock":null,"customer_returns":null,"warehouse_damage":null,"lost_in_post":null,"other_logs":null,"out_stock_days":0,"lost_sales":0,"has_location":null,"update_date":"2026-04-27T06:57:12","atum_locations":[],"atum_stock_status":"instock","restock_status":false,"low_stock_amount":"","sales_update_date":"2025-10-09T03:27:53","calc_backorders":null,"_links":{"self":[{"href":"https:\/\/aromasentia.com\/fr\/wp-json\/wp\/v2\/product\/236888","targetHints":{"allow":["GET"]}}],"collection":[{"href":"https:\/\/aromasentia.com\/fr\/wp-json\/wp\/v2\/product"}],"about":[{"href":"https:\/\/aromasentia.com\/fr\/wp-json\/wp\/v2\/types\/product"}],"replies":[{"embeddable":true,"href":"https:\/\/aromasentia.com\/fr\/wp-json\/wp\/v2\/comments?post=236888"}],"version-history":[{"count":0,"href":"https:\/\/aromasentia.com\/fr\/wp-json\/wp\/v2\/product\/236888\/revisions"}],"wp:featuredmedia":[{"embeddable":true,"href":"https:\/\/aromasentia.com\/fr\/wp-json\/wp\/v2\/media\/305124"}],"wp:attachment":[{"href":"https:\/\/aromasentia.com\/fr\/wp-json\/wp\/v2\/media?parent=236888"}],"wp:term":[{"taxonomy":"product_brand","embeddable":true,"href":"https:\/\/aromasentia.com\/fr\/wp-json\/wp\/v2\/product_brand?post=236888"},{"taxonomy":"product_cat","embeddable":true,"href":"https:\/\/aromasentia.com\/fr\/wp-json\/wp\/v2\/product_cat?post=236888"},{"taxonomy":"product_tag","embeddable":true,"href":"https:\/\/aromasentia.com\/fr\/wp-json\/wp\/v2\/product_tag?post=236888"}],"curies":[{"name":"wp","href":"https:\/\/api.w.org\/{rel}","templated":true}]}}