{"id":236872,"date":"2025-03-21T11:21:45","date_gmt":"2025-03-21T11:21:45","guid":{"rendered":"https:\/\/aromasentia.com\/product\/chakra-crystal-candles-solar-plexus-chakra\/"},"modified":"2025-06-23T19:03:34","modified_gmt":"2025-06-23T19:03:34","slug":"bougie-chakra-de-cristal-chakra-du-plexus-solaire","status":"publish","type":"product","link":"https:\/\/aromasentia.com\/fr\/bougie-chakra-de-cristal-chakra-du-plexus-solaire\/","title":{"rendered":"Bougie Chakra de Cristal  &#8211; Chakra du Plexus Solaire"},"content":{"rendered":"<p>D\u00e9couvrez le pouvoir de gu\u00e9rison avec cette <strong><span style=\"color: rgb(75, 80, 88);\">Bougie en cristal Chakra<\/span><\/strong>. Fabriqu\u00e9 avec de v\u00e9ritables pierres pr\u00e9cieuses, de la cire de soja enti\u00e8rement naturelle, un parfum sp\u00e9cialement m\u00e9lang\u00e9 et des m\u00e8ches de bois magiques.&nbsp;<\/p>\n<p>\u00e9levez votre puissance personnelle et votre confiance en vous avec notre bougie en cristal du chakra du plexus solaire.<strong><span style=\"color: rgb(75, 80, 88);\">&nbsp;Infus\u00e9e d&rsquo;am\u00e9thyste et d&rsquo;agate noire, cette bougie incarne l&rsquo;essence du chakra du plexus solaire.&nbsp;<\/span><\/strong><\/p>\n<p>Le parfum &laquo; Profond\u00e9ment dans la for\u00eat&raquo; \u00e9voque le courage et la confiance en soi.&nbsp;<\/p>\n<p>La bo\u00eete porte le message stimulant : <strong><span style=\"color: rgb(75, 80, 88);\">&laquo; Ne vous laissez pas contr\u00f4ler par les peurs dans votre esprit, laissez-vous guider par les r\u00eaves dans votre c\u0153ur. &raquo;<\/span><\/strong>&nbsp;<\/p>\n<p>Allumez cette bougie pour renforcer votre estime de soi, exploiter votre force int\u00e9rieure et rayonner de confiance. Lorsque vous allumerez la bougie, vous ressentirez l&rsquo;\u00e9nergie curative des cristaux et le parfum apaisant de l&rsquo;ar\u00f4me sp\u00e9cialement m\u00e9lang\u00e9.&nbsp;<\/p>\n<p>Apr\u00e8s avoir br\u00fbl\u00e9 cette bougie, le pot peut \u00eatre r\u00e9utilis\u00e9 et vous pouvez nettoyer et conserver les cristaux de roche.&nbsp;<\/p>\n<p><strong><span style=\"color: rgb(75, 80, 88);\">PARFUM :<\/span><\/strong> Bois d&rsquo;Agal&nbsp;<\/p>\n<p>Notes de t\u00eate : Bergamote, Cardamome&nbsp;<\/p>\n<p>Notes de c\u0153ur : Rose, Jasmin&nbsp;<\/p>\n<p>Notes de fond : Ambre, Bois de santal<\/p>\n<p><strong><span style=\"color: rgb(75, 80, 88);\">Dur\u00e9e de combustion : 17 heures<\/span><\/strong><\/p>\n","protected":false},"excerpt":{"rendered":"<p>D\u00e9couvrez le pouvoir de gu\u00e9rison avec cette Bougie en cristal Chakra. Fabriqu\u00e9 avec de v\u00e9ritables pierres pr\u00e9cieuses, de la cire de soja enti\u00e8rement naturelle, un parfum sp\u00e9cialement m\u00e9lang\u00e9 et des m\u00e8ches de bois magiques.&nbsp; \u00e9levez votre puissance personnelle et votre confiance en vous avec notre bougie en cristal du chakra du plexus solaire.&nbsp;Infus\u00e9e d&rsquo;am\u00e9thyste et [&hellip;]<\/p>\n","protected":false},"featured_media":304960,"comment_status":"closed","ping_status":"open","template":"","meta":{"_angie_page":false},"product_brand":[],"product_cat":[17461,20263],"product_tag":[],"class_list":{"0":"post-236872","1":"product","2":"type-product","3":"status-publish","4":"has-post-thumbnail","6":"product_cat-bougeoirs-et-bougies","7":"product_cat-bougies-lithotherapie","8":"pa_collection-chakra-crystal-candle-root-chakra-fr","9":"pa_made-in-chine","11":"first","12":"instock","13":"purchasable","14":"product-type-simple"},"supplier_id":null,"supplier_sku":"ChkCC-03","barcode":null,"atum_controlled":true,"out_stock_date":null,"out_stock_threshold":null,"inheritable":false,"inbound_stock":null,"stock_on_hold":0,"sold_today":0,"sales_last_days":0,"reserved_stock":null,"customer_returns":null,"warehouse_damage":null,"lost_in_post":null,"other_logs":null,"out_stock_days":0,"lost_sales":0,"has_location":null,"update_date":"2026-04-27T06:57:12","atum_locations":[],"atum_stock_status":"instock","restock_status":false,"low_stock_amount":"","sales_update_date":"2025-10-09T03:27:53","calc_backorders":null,"_links":{"self":[{"href":"https:\/\/aromasentia.com\/fr\/wp-json\/wp\/v2\/product\/236872","targetHints":{"allow":["GET"]}}],"collection":[{"href":"https:\/\/aromasentia.com\/fr\/wp-json\/wp\/v2\/product"}],"about":[{"href":"https:\/\/aromasentia.com\/fr\/wp-json\/wp\/v2\/types\/product"}],"replies":[{"embeddable":true,"href":"https:\/\/aromasentia.com\/fr\/wp-json\/wp\/v2\/comments?post=236872"}],"version-history":[{"count":0,"href":"https:\/\/aromasentia.com\/fr\/wp-json\/wp\/v2\/product\/236872\/revisions"}],"wp:featuredmedia":[{"embeddable":true,"href":"https:\/\/aromasentia.com\/fr\/wp-json\/wp\/v2\/media\/304960"}],"wp:attachment":[{"href":"https:\/\/aromasentia.com\/fr\/wp-json\/wp\/v2\/media?parent=236872"}],"wp:term":[{"taxonomy":"product_brand","embeddable":true,"href":"https:\/\/aromasentia.com\/fr\/wp-json\/wp\/v2\/product_brand?post=236872"},{"taxonomy":"product_cat","embeddable":true,"href":"https:\/\/aromasentia.com\/fr\/wp-json\/wp\/v2\/product_cat?post=236872"},{"taxonomy":"product_tag","embeddable":true,"href":"https:\/\/aromasentia.com\/fr\/wp-json\/wp\/v2\/product_tag?post=236872"}],"curies":[{"name":"wp","href":"https:\/\/api.w.org\/{rel}","templated":true}]}}