{"id":236832,"date":"2025-03-21T11:23:59","date_gmt":"2025-03-21T11:23:59","guid":{"rendered":"https:\/\/aromasentia.com\/product\/med-concrete-soy-candle-berrys-juniper-sweet-gin\/"},"modified":"2025-06-23T19:03:30","modified_gmt":"2025-06-23T19:03:30","slug":"med-pot-berrys-juniper-sweet-gin","status":"publish","type":"product","link":"https:\/\/aromasentia.com\/fr\/med-pot-berrys-juniper-sweet-gin\/","title":{"rendered":"Med Pot &#8211; Berrys &#8211; Juniper &#038; Sweet Gin"},"content":{"rendered":"<p>Ces belles et uniques <strong><span style=\"color: rgb(75, 80, 88);\">Bougies en b\u00e9ton \u00e0 m\u00e8che en bois Gen\u00e9vrier &amp; Sweet Gin<\/span><\/strong> sont l&rsquo;une de nos pr\u00e9f\u00e9r\u00e9es. Ils ont un aspect naturel et brut qui donne une sensation de l\u00e9g\u00e8ret\u00e9 et d&rsquo;amour.&nbsp;<\/p>\n<p>La bougie en b\u00e9ton \u00e0 m\u00e8che en bois s&rsquo;adaptera \u00e0 tous les styles de maison de vos clients et sera s\u00fbre de cr\u00e9er un point focal unique et d&rsquo;\u00eatre remarqu\u00e9e par tous les passants de votre boutique. Des coussinets en feutre ont \u00e9t\u00e9 ajout\u00e9s au fond pour \u00e9viter de rayer les surfaces.&nbsp;<\/p>\n<p><strong><span style=\"color: rgb(75, 80, 88);\">La m\u00e8che en bois naturel cr\u00e9e le son apaisant d&rsquo;un feu cr\u00e9pitant ! <\/span><\/strong><\/p>\n<p>La conception du pot en b\u00e9ton permet de le r\u00e9utiliser pour l&rsquo;int\u00e9grer dans le d\u00e9cor de votre client une fois la bougie consomm\u00e9e comme un cache-pot.&nbsp;<\/p>\n<p>L&rsquo;avantage d&rsquo;utiliser un mat\u00e9riau tel que le b\u00e9ton signifie que chaque article fabriqu\u00e9 est unique avec ses propres anomalies et bizarreries. Il fait \u00e9galement le cadeau parfait pour la Saint-Valentin, une faveur de mariage et une d\u00e9coration de table.&nbsp;<\/p>\n<p><strong><span style=\"color: rgb(141, 186, 216);\">Illuminez votre vente et commandez aujourd&rsquo;hui.<\/span><\/strong><\/p>\n","protected":false},"excerpt":{"rendered":"<p>Ces belles et uniques Bougies en b\u00e9ton \u00e0 m\u00e8che en bois Gen\u00e9vrier &amp; Sweet Gin sont l&rsquo;une de nos pr\u00e9f\u00e9r\u00e9es. Ils ont un aspect naturel et brut qui donne une sensation de l\u00e9g\u00e8ret\u00e9 et d&rsquo;amour.&nbsp; La bougie en b\u00e9ton \u00e0 m\u00e8che en bois s&rsquo;adaptera \u00e0 tous les styles de maison de vos clients et sera [&hellip;]<\/p>\n","protected":false},"featured_media":305917,"comment_status":"closed","ping_status":"open","template":"","meta":{"_angie_page":false},"product_brand":[],"product_cat":[17461,19989,19988],"product_tag":[],"class_list":{"0":"post-236832","1":"product","2":"type-product","3":"status-publish","4":"has-post-thumbnail","6":"product_cat-bougeoirs-et-bougies","7":"product_cat-bougies-en-cire-de-soja","8":"product_cat-bougies-parfumees","9":"pa_collection-concrete-wooden-wick-candles-fr","10":"pa_made-in-chine","12":"first","13":"instock","14":"purchasable","15":"product-type-simple"},"supplier_id":null,"supplier_sku":"CWC-06","barcode":null,"atum_controlled":true,"out_stock_date":null,"out_stock_threshold":null,"inheritable":false,"inbound_stock":null,"stock_on_hold":0,"sold_today":0,"sales_last_days":0,"reserved_stock":null,"customer_returns":null,"warehouse_damage":null,"lost_in_post":null,"other_logs":null,"out_stock_days":0,"lost_sales":0,"has_location":null,"update_date":"2026-04-27T06:58:54","atum_locations":[],"atum_stock_status":"instock","restock_status":false,"low_stock_amount":"","sales_update_date":"2026-01-30T01:24:38","calc_backorders":null,"_links":{"self":[{"href":"https:\/\/aromasentia.com\/fr\/wp-json\/wp\/v2\/product\/236832","targetHints":{"allow":["GET"]}}],"collection":[{"href":"https:\/\/aromasentia.com\/fr\/wp-json\/wp\/v2\/product"}],"about":[{"href":"https:\/\/aromasentia.com\/fr\/wp-json\/wp\/v2\/types\/product"}],"replies":[{"embeddable":true,"href":"https:\/\/aromasentia.com\/fr\/wp-json\/wp\/v2\/comments?post=236832"}],"version-history":[{"count":0,"href":"https:\/\/aromasentia.com\/fr\/wp-json\/wp\/v2\/product\/236832\/revisions"}],"wp:featuredmedia":[{"embeddable":true,"href":"https:\/\/aromasentia.com\/fr\/wp-json\/wp\/v2\/media\/305917"}],"wp:attachment":[{"href":"https:\/\/aromasentia.com\/fr\/wp-json\/wp\/v2\/media?parent=236832"}],"wp:term":[{"taxonomy":"product_brand","embeddable":true,"href":"https:\/\/aromasentia.com\/fr\/wp-json\/wp\/v2\/product_brand?post=236832"},{"taxonomy":"product_cat","embeddable":true,"href":"https:\/\/aromasentia.com\/fr\/wp-json\/wp\/v2\/product_cat?post=236832"},{"taxonomy":"product_tag","embeddable":true,"href":"https:\/\/aromasentia.com\/fr\/wp-json\/wp\/v2\/product_tag?post=236832"}],"curies":[{"name":"wp","href":"https:\/\/api.w.org\/{rel}","templated":true}]}}