{"id":236820,"date":"2025-03-21T11:23:59","date_gmt":"2025-03-21T11:23:59","guid":{"rendered":"https:\/\/aromasentia.com\/product\/pot-concrete-soy-candle-grey-coffee-in-the-club\/"},"modified":"2025-06-23T19:03:28","modified_gmt":"2025-06-23T19:03:28","slug":"bougie-beton-pot-beige-cafe-au-club","status":"publish","type":"product","link":"https:\/\/aromasentia.com\/fr\/bougie-beton-pot-beige-cafe-au-club\/","title":{"rendered":"Bougie B\u00e9ton Pot Beige &#8211; Caf\u00e9 au Club"},"content":{"rendered":"<p>Ces magnifiques <strong><span style=\"color: rgb(75, 80, 88);\">Bougies en B\u00e9ton \u00e0 M\u00e8che en Bois &#8211; Caf\u00e9 au Club<\/span><\/strong> ont un style unique et font partie de nos bougies pr\u00e9f\u00e9r\u00e9es!<\/p>\n<p>Avec leur aspect naturel et brut, elle apportent une sensation de l\u00e9g\u00e8ret\u00e9 et de chaleur ou qu&rsquo;elles soient expos\u00e9es.<\/p>\n<p>Cette gamme complimentera tout type de d\u00e9coration et seront appr\u00e9ci\u00e9es \u00e0 leur juste valeur en tant que pi\u00e8ces principale de la pi\u00e8ce. Elles seront rapidement remarqu\u00e9es &nbsp;par tous les clients de votre boutique.<\/p>\n<p>Des coussinets en feutre ont \u00e9t\u00e9 ajout\u00e9s sous le r\u00e9cipient pour \u00e9viter les rayures sur les surfaces. La m\u00e8che en bois naturel cr\u00e9e le son l\u00e9ger et apaisant d&rsquo;un feu cr\u00e9pitant!<\/p>\n<p>Vous pourrez int\u00e9grer le pot en b\u00e9ton \u00e0 votre d\u00e9coration une fois la bougie consum\u00e9e. De par leur fabrication artisanale en b\u00e9ton, chaque mod\u00e8le est unique et original.&nbsp;<\/p>\n<p><strong><span style=\"color: rgb(141, 186, 216);\">Un cadeau id\u00e9al pour les occasions comme la Saint-Valentin et les mariages ouelles illumineront la d\u00e9coration de tables.&nbsp;<\/span><\/strong><\/p>\n<p><strong><span style=\"color: rgb(141, 186, 216);\">Commandez d\u00e8s aujourd&rsquo;hui !!<\/span><\/strong><\/p>\n","protected":false},"excerpt":{"rendered":"<p>Ces magnifiques Bougies en B\u00e9ton \u00e0 M\u00e8che en Bois &#8211; Caf\u00e9 au Club ont un style unique et font partie de nos bougies pr\u00e9f\u00e9r\u00e9es! Avec leur aspect naturel et brut, elle apportent une sensation de l\u00e9g\u00e8ret\u00e9 et de chaleur ou qu&rsquo;elles soient expos\u00e9es. Cette gamme complimentera tout type de d\u00e9coration et seront appr\u00e9ci\u00e9es \u00e0 leur [&hellip;]<\/p>\n","protected":false},"featured_media":305810,"comment_status":"closed","ping_status":"open","template":"","meta":[],"product_brand":[],"product_cat":[17461,19989,19988],"product_tag":[],"class_list":{"0":"post-236820","1":"product","2":"type-product","3":"status-publish","4":"has-post-thumbnail","6":"product_cat-bougeoirs-et-bougies","7":"product_cat-bougies-en-cire-de-soja","8":"product_cat-bougies-parfumees","9":"pa_collection-concrete-wooden-wick-candles-fr","10":"pa_made-in-chine","12":"first","13":"instock","14":"purchasable","15":"product-type-simple"},"supplier_id":null,"supplier_sku":"CWC-10","barcode":null,"atum_controlled":true,"out_stock_date":null,"out_stock_threshold":null,"inheritable":false,"inbound_stock":null,"stock_on_hold":0,"sold_today":0,"sales_last_days":0,"reserved_stock":null,"customer_returns":null,"warehouse_damage":null,"lost_in_post":null,"other_logs":null,"out_stock_days":0,"lost_sales":0,"has_location":null,"update_date":"2026-02-07T03:19:21","atum_locations":[],"atum_stock_status":"instock","restock_status":false,"low_stock_amount":"","sales_update_date":"2026-01-30T01:24:36","calc_backorders":null,"_links":{"self":[{"href":"https:\/\/aromasentia.com\/fr\/wp-json\/wp\/v2\/product\/236820","targetHints":{"allow":["GET"]}}],"collection":[{"href":"https:\/\/aromasentia.com\/fr\/wp-json\/wp\/v2\/product"}],"about":[{"href":"https:\/\/aromasentia.com\/fr\/wp-json\/wp\/v2\/types\/product"}],"replies":[{"embeddable":true,"href":"https:\/\/aromasentia.com\/fr\/wp-json\/wp\/v2\/comments?post=236820"}],"version-history":[{"count":0,"href":"https:\/\/aromasentia.com\/fr\/wp-json\/wp\/v2\/product\/236820\/revisions"}],"wp:featuredmedia":[{"embeddable":true,"href":"https:\/\/aromasentia.com\/fr\/wp-json\/wp\/v2\/media\/305810"}],"wp:attachment":[{"href":"https:\/\/aromasentia.com\/fr\/wp-json\/wp\/v2\/media?parent=236820"}],"wp:term":[{"taxonomy":"product_brand","embeddable":true,"href":"https:\/\/aromasentia.com\/fr\/wp-json\/wp\/v2\/product_brand?post=236820"},{"taxonomy":"product_cat","embeddable":true,"href":"https:\/\/aromasentia.com\/fr\/wp-json\/wp\/v2\/product_cat?post=236820"},{"taxonomy":"product_tag","embeddable":true,"href":"https:\/\/aromasentia.com\/fr\/wp-json\/wp\/v2\/product_tag?post=236820"}],"curies":[{"name":"wp","href":"https:\/\/api.w.org\/{rel}","templated":true}]}}