{"id":236808,"date":"2025-03-21T11:23:59","date_gmt":"2025-03-21T11:23:59","guid":{"rendered":"https:\/\/aromasentia.com\/product\/small-floating-candles-ivory\/"},"modified":"2025-06-23T19:03:27","modified_gmt":"2025-06-23T19:03:27","slug":"petites-bougies-flottantes-ivoire","status":"publish","type":"product","link":"https:\/\/aromasentia.com\/fr\/petites-bougies-flottantes-ivoire\/","title":{"rendered":"Petites Bougies Flottantes &#8211; Ivoire"},"content":{"rendered":"<p>Ces petites <strong><span style=\"color: rgb(75, 80, 88);\">Bougies flottantes &#8211; ivoire<\/span><\/strong> en gros sont parfaites pour \u00eatre expos\u00e9es lors de mariages en tant que centres de table, ou plac\u00e9es dans des verres remplis d&rsquo;eau tels que des bols \u00e0 poisson pour ajouter un peu d&rsquo;excitation \u00e0 une pi\u00e8ce.&nbsp;<\/p>\n<p>Vous avez le choix entre deux tailles diff\u00e9rentes, les plus petites tailles sont en paquets de vingt tandis que les plus grandes tailles sont en paquets de six. Les bougies ne sont pas parfum\u00e9es et sont tremp\u00e9es dans des couleurs.&nbsp;<\/p>\n<p>Les grandes bougies br\u00fblent pendant 7\/8 heures et les petites bougies pendant 3 heures. La verrerie serait l&rsquo;endroit le plus id\u00e9al pour les utiliser, vous pouvez devenir vraiment cr\u00e9atif !&nbsp;<\/p>\n<p><strong><span style=\"color: rgb(141, 186, 216);\">Aidez vos clients \u00e0 ajouter de la couleur \u00e0 leur \u00e9v\u00e9nement sp\u00e9cial d&rsquo;une mani\u00e8re excitante et unique, commandez d\u00e8s aujourd&rsquo;hui !<\/span><\/strong><\/p>\n","protected":false},"excerpt":{"rendered":"<p>Ces petites Bougies flottantes &#8211; ivoire en gros sont parfaites pour \u00eatre expos\u00e9es lors de mariages en tant que centres de table, ou plac\u00e9es dans des verres remplis d&rsquo;eau tels que des bols \u00e0 poisson pour ajouter un peu d&rsquo;excitation \u00e0 une pi\u00e8ce.&nbsp; Vous avez le choix entre deux tailles diff\u00e9rentes, les plus petites tailles [&hellip;]<\/p>\n","protected":false},"featured_media":306600,"comment_status":"closed","ping_status":"open","template":"","meta":[],"product_brand":[],"product_cat":[17461],"product_tag":[],"class_list":{"0":"post-236808","1":"product","2":"type-product","3":"status-publish","4":"has-post-thumbnail","6":"product_cat-bougeoirs-et-bougies","7":"pa_made-in-chine","9":"first","10":"outofstock","11":"purchasable","12":"product-type-simple"},"supplier_id":null,"supplier_sku":"FLCand-01","barcode":null,"atum_controlled":true,"out_stock_date":"2025-10-09 12:51:40","out_stock_threshold":null,"inheritable":false,"inbound_stock":null,"stock_on_hold":0,"sold_today":0,"sales_last_days":0,"reserved_stock":null,"customer_returns":null,"warehouse_damage":null,"lost_in_post":null,"other_logs":null,"out_stock_days":112,"lost_sales":0,"has_location":null,"update_date":"2026-01-30T01:25:13","atum_locations":[],"atum_stock_status":"outofstock","restock_status":false,"low_stock_amount":"","sales_update_date":"2026-01-30T01:25:13","calc_backorders":null,"_links":{"self":[{"href":"https:\/\/aromasentia.com\/fr\/wp-json\/wp\/v2\/product\/236808","targetHints":{"allow":["GET"]}}],"collection":[{"href":"https:\/\/aromasentia.com\/fr\/wp-json\/wp\/v2\/product"}],"about":[{"href":"https:\/\/aromasentia.com\/fr\/wp-json\/wp\/v2\/types\/product"}],"replies":[{"embeddable":true,"href":"https:\/\/aromasentia.com\/fr\/wp-json\/wp\/v2\/comments?post=236808"}],"version-history":[{"count":0,"href":"https:\/\/aromasentia.com\/fr\/wp-json\/wp\/v2\/product\/236808\/revisions"}],"wp:featuredmedia":[{"embeddable":true,"href":"https:\/\/aromasentia.com\/fr\/wp-json\/wp\/v2\/media\/306600"}],"wp:attachment":[{"href":"https:\/\/aromasentia.com\/fr\/wp-json\/wp\/v2\/media?parent=236808"}],"wp:term":[{"taxonomy":"product_brand","embeddable":true,"href":"https:\/\/aromasentia.com\/fr\/wp-json\/wp\/v2\/product_brand?post=236808"},{"taxonomy":"product_cat","embeddable":true,"href":"https:\/\/aromasentia.com\/fr\/wp-json\/wp\/v2\/product_cat?post=236808"},{"taxonomy":"product_tag","embeddable":true,"href":"https:\/\/aromasentia.com\/fr\/wp-json\/wp\/v2\/product_tag?post=236808"}],"curies":[{"name":"wp","href":"https:\/\/api.w.org\/{rel}","templated":true}]}}