{"id":236752,"date":"2025-03-21T11:25:58","date_gmt":"2025-03-21T11:25:58","guid":{"rendered":"https:\/\/aromasentia.com\/product\/manifest-magic-candles-pack-of-12-green-heart-chakra\/"},"modified":"2025-06-23T19:03:18","modified_gmt":"2025-06-23T19:03:18","slug":"bougies-magiques-manifeste-pack-de-12-vert-chakra-du-coeur","status":"publish","type":"product","link":"https:\/\/aromasentia.com\/fr\/bougies-magiques-manifeste-pack-de-12-vert-chakra-du-coeur\/","title":{"rendered":"Bougies Magiques Manifeste (pack de 12) &#8211; Vert &#8211; Chakra du Coeur"},"content":{"rendered":"<p>En proposant la bougie magique Manifeste \u00e0 vos clients, vous leur offrez un outil puissant pour manifester leurs d\u00e9sirs et \u00e9lever leur cheminement spirituel.&nbsp;<\/p>\n<p>Ces bougies ne sont pas seulement magnifiquement fabriqu\u00e9es, elles sont aussi impr\u00e9gn\u00e9es d&rsquo;intention, ce qui les rend parfaites pour la m\u00e9ditation, les pratiques spirituelles ou simplement pour cr\u00e9er une atmosph\u00e8re de s\u00e9r\u00e9nit\u00e9 et de transformation.&nbsp;<\/p>\n<p><strong><span style=\"color: rgb(97, 189, 109);\">Ouvrez votre c\u0153ur \u00e0 l&rsquo;amour, \u00e0 la compassion et \u00e0 la gu\u00e9rison avec la Bougie du Chakra du C\u0153ur.<\/span><\/strong>&nbsp;<\/p>\n<p>Sa flamme douce favorise l&rsquo;\u00e9quilibre \u00e9motionnel et les relations harmonieuses. Laissez-la vous aider \u00e0 manifester l&rsquo;amour et la gentillesse en abondance.<\/p>\n<p><strong><span style=\"color: rgb(75, 80, 88);\">Dimensions : <\/span><\/strong>La bo\u00eete : 16 x 7,5 x 2,5cm Bougies : 12 x 1,2cm&nbsp;<\/p>\n<p><strong><span style=\"color: rgb(75, 80, 88);\">Dur\u00e9e de combustion :<\/span><\/strong> 90 minutes<\/p>\n","protected":false},"excerpt":{"rendered":"<p>En proposant la bougie magique Manifeste \u00e0 vos clients, vous leur offrez un outil puissant pour manifester leurs d\u00e9sirs et \u00e9lever leur cheminement spirituel.&nbsp; Ces bougies ne sont pas seulement magnifiquement fabriqu\u00e9es, elles sont aussi impr\u00e9gn\u00e9es d&rsquo;intention, ce qui les rend parfaites pour la m\u00e9ditation, les pratiques spirituelles ou simplement pour cr\u00e9er une atmosph\u00e8re de [&hellip;]<\/p>\n","protected":false},"featured_media":307430,"comment_status":"closed","ping_status":"open","template":"","meta":[],"product_brand":[],"product_cat":[17461],"product_tag":[],"class_list":{"0":"post-236752","1":"product","2":"type-product","3":"status-publish","4":"has-post-thumbnail","6":"product_cat-bougeoirs-et-bougies","7":"pa_collection-magic-candles-for-manifestation-fr","8":"pa_made-in-chine","10":"first","11":"instock","12":"purchasable","13":"product-type-simple"},"supplier_id":null,"supplier_sku":"MMC-04","barcode":null,"atum_controlled":true,"out_stock_date":null,"out_stock_threshold":null,"inheritable":false,"inbound_stock":null,"stock_on_hold":0,"sold_today":0,"sales_last_days":0,"reserved_stock":null,"customer_returns":null,"warehouse_damage":null,"lost_in_post":null,"other_logs":null,"out_stock_days":0,"lost_sales":0,"has_location":null,"update_date":"2026-02-11T09:35:33","atum_locations":[],"atum_stock_status":"instock","restock_status":false,"low_stock_amount":"","sales_update_date":"2025-09-05T00:21:45","calc_backorders":null,"_links":{"self":[{"href":"https:\/\/aromasentia.com\/fr\/wp-json\/wp\/v2\/product\/236752","targetHints":{"allow":["GET"]}}],"collection":[{"href":"https:\/\/aromasentia.com\/fr\/wp-json\/wp\/v2\/product"}],"about":[{"href":"https:\/\/aromasentia.com\/fr\/wp-json\/wp\/v2\/types\/product"}],"replies":[{"embeddable":true,"href":"https:\/\/aromasentia.com\/fr\/wp-json\/wp\/v2\/comments?post=236752"}],"version-history":[{"count":0,"href":"https:\/\/aromasentia.com\/fr\/wp-json\/wp\/v2\/product\/236752\/revisions"}],"wp:featuredmedia":[{"embeddable":true,"href":"https:\/\/aromasentia.com\/fr\/wp-json\/wp\/v2\/media\/307430"}],"wp:attachment":[{"href":"https:\/\/aromasentia.com\/fr\/wp-json\/wp\/v2\/media?parent=236752"}],"wp:term":[{"taxonomy":"product_brand","embeddable":true,"href":"https:\/\/aromasentia.com\/fr\/wp-json\/wp\/v2\/product_brand?post=236752"},{"taxonomy":"product_cat","embeddable":true,"href":"https:\/\/aromasentia.com\/fr\/wp-json\/wp\/v2\/product_cat?post=236752"},{"taxonomy":"product_tag","embeddable":true,"href":"https:\/\/aromasentia.com\/fr\/wp-json\/wp\/v2\/product_tag?post=236752"}],"curies":[{"name":"wp","href":"https:\/\/api.w.org\/{rel}","templated":true}]}}