{"id":236736,"date":"2025-03-21T11:25:58","date_gmt":"2025-03-21T11:25:58","guid":{"rendered":"https:\/\/aromasentia.com\/product\/hop-hare-crystal-magic-flower-candle-the-king-of-swords\/"},"modified":"2025-06-23T19:03:17","modified_gmt":"2025-06-23T19:03:17","slug":"bougie-magique-en-cristal-avec-fleurs-et-gemmes-de-hop-hare-le-chevalier-des-epees","status":"publish","type":"product","link":"https:\/\/aromasentia.com\/fr\/bougie-magique-en-cristal-avec-fleurs-et-gemmes-de-hop-hare-le-chevalier-des-epees\/","title":{"rendered":"Bougie Magique en Cristal avec Fleurs et Gemmes de Hop Hare &#8211; Le Chevalier des \u00e9p\u00e9es"},"content":{"rendered":"<p>Canalisez la force et la clart\u00e9 avec la <strong><span style=\"color: rgb(75, 80, 88);\">Bougie Magique Hop Hare &#8211; Le Chevalier des \u00e9p\u00e9es<\/span><\/strong>. Le parfum royal du ch\u00e2teau de c\u00e8dre emplit votre espace, cr\u00e9ant une atmosph\u00e8re stimulante.&nbsp;<\/p>\n<p>Cette bougie, qui s&rsquo;appuie sur la <strong><span style=\"color: rgb(75, 80, 88);\">pierre pr\u00e9cieuse de l&rsquo;obsidienne noire<\/span><\/strong>, am\u00e9liore la clart\u00e9 mentale et la concentration. L&rsquo;obsidienne noire, connue pour ses propri\u00e9t\u00e9s protectrices et de mise \u00e0 la terre, s&rsquo;associe au parfum vivifiant du c\u00e8dre pour cr\u00e9er un espace qui respire la force et la d\u00e9termination.&nbsp;<\/p>\n<p>Illuminez votre environnement avec Le Chevalier des \u00e9p\u00e9es et laissez le parfum du ch\u00e2teau de c\u00e8dre et l&rsquo;\u00e9nergie de l&rsquo;obsidienne noire renforcer vos efforts. Am\u00e9liorez votre concentration mentale, favorisez un sentiment de d\u00e9termination et cr\u00e9ez un environnement propice \u00e0 l&rsquo;\u00e9panouissement.&nbsp;<\/p>\n<p>Envelopp\u00e9e dans un contenant en verre vert fonc\u00e9 avec une m\u00e8che en bois rustique, chaque bougie magique Hop Hare est un chef-d&rsquo;\u0153uvre unique.&nbsp;<\/p>\n<p>D\u00e9couvrez la magie \u00e0 l&rsquo;int\u00e9rieur en d\u00e9couvrant une pierre pr\u00e9cieuse accompagn\u00e9e de petits \u00e9clats de pierres pr\u00e9cieuses, cr\u00e9ant ainsi un spectacle \u00e9blouissant de merveilles naturelles. L&rsquo;essence de ces bougies est encore rehauss\u00e9e par les d\u00e9licates fleurs s\u00e8ches.&nbsp;<\/p>\n<p><strong><span style=\"color: rgb(75, 80, 88);\">PARFUM : <\/span><\/strong>Bois de c\u00e8dre et patchouli&nbsp;<\/p>\n<p>Notes de t\u00eate : Orange, Poivre Noir&nbsp;<\/p>\n<p>Notes de c\u0153ur : Accord Whisky, Cuir&nbsp;<\/p>\n<p>Notes de fond : Bois de c\u00e8dre, Patchouli, Vanille<\/p>\n<p><strong><em><span style=\"color: rgb(75, 80, 88);\">Dur\u00e9e de combustion : 22 heures<\/span><\/em><\/strong><\/p>\n","protected":false},"excerpt":{"rendered":"<p>Canalisez la force et la clart\u00e9 avec la Bougie Magique Hop Hare &#8211; Le Chevalier des \u00e9p\u00e9es. Le parfum royal du ch\u00e2teau de c\u00e8dre emplit votre espace, cr\u00e9ant une atmosph\u00e8re stimulante.&nbsp; Cette bougie, qui s&rsquo;appuie sur la pierre pr\u00e9cieuse de l&rsquo;obsidienne noire, am\u00e9liore la clart\u00e9 mentale et la concentration. L&rsquo;obsidienne noire, connue pour ses propri\u00e9t\u00e9s [&hellip;]<\/p>\n","protected":false},"featured_media":307322,"comment_status":"closed","ping_status":"open","template":"","meta":{"_angie_page":false},"product_brand":[27113],"product_cat":[17461,20263],"product_tag":[],"class_list":{"0":"post-236736","1":"product","2":"type-product","3":"status-publish","4":"has-post-thumbnail","6":"product_brand-hop-hare","7":"product_cat-bougeoirs-et-bougies","8":"product_cat-bougies-lithotherapie","9":"pa_collection-crystal-floral-candles-hop-hare-fr","10":"pa_made-in-chine","12":"first","13":"instock","14":"purchasable","15":"product-type-simple"},"supplier_id":null,"supplier_sku":"HHC-07","barcode":null,"atum_controlled":true,"out_stock_date":null,"out_stock_threshold":null,"inheritable":false,"inbound_stock":null,"stock_on_hold":0,"sold_today":0,"sales_last_days":0,"reserved_stock":null,"customer_returns":null,"warehouse_damage":null,"lost_in_post":null,"other_logs":null,"out_stock_days":0,"lost_sales":0,"has_location":null,"update_date":"2026-04-27T07:07:11","atum_locations":[],"atum_stock_status":"instock","restock_status":false,"low_stock_amount":"","sales_update_date":"2025-09-05T00:21:44","calc_backorders":null,"_links":{"self":[{"href":"https:\/\/aromasentia.com\/fr\/wp-json\/wp\/v2\/product\/236736","targetHints":{"allow":["GET"]}}],"collection":[{"href":"https:\/\/aromasentia.com\/fr\/wp-json\/wp\/v2\/product"}],"about":[{"href":"https:\/\/aromasentia.com\/fr\/wp-json\/wp\/v2\/types\/product"}],"replies":[{"embeddable":true,"href":"https:\/\/aromasentia.com\/fr\/wp-json\/wp\/v2\/comments?post=236736"}],"version-history":[{"count":0,"href":"https:\/\/aromasentia.com\/fr\/wp-json\/wp\/v2\/product\/236736\/revisions"}],"wp:featuredmedia":[{"embeddable":true,"href":"https:\/\/aromasentia.com\/fr\/wp-json\/wp\/v2\/media\/307322"}],"wp:attachment":[{"href":"https:\/\/aromasentia.com\/fr\/wp-json\/wp\/v2\/media?parent=236736"}],"wp:term":[{"taxonomy":"product_brand","embeddable":true,"href":"https:\/\/aromasentia.com\/fr\/wp-json\/wp\/v2\/product_brand?post=236736"},{"taxonomy":"product_cat","embeddable":true,"href":"https:\/\/aromasentia.com\/fr\/wp-json\/wp\/v2\/product_cat?post=236736"},{"taxonomy":"product_tag","embeddable":true,"href":"https:\/\/aromasentia.com\/fr\/wp-json\/wp\/v2\/product_tag?post=236736"}],"curies":[{"name":"wp","href":"https:\/\/api.w.org\/{rel}","templated":true}]}}