{"id":236728,"date":"2025-03-21T11:25:58","date_gmt":"2025-03-21T11:25:58","guid":{"rendered":"https:\/\/aromasentia.com\/product\/hop-hare-crystal-magic-flower-candle-the-sun\/"},"modified":"2025-06-23T19:03:16","modified_gmt":"2025-06-23T19:03:16","slug":"bougie-magique-en-cristal-avec-fleurs-et-gemmes-de-hop-hare-le-soleil","status":"publish","type":"product","link":"https:\/\/aromasentia.com\/fr\/bougie-magique-en-cristal-avec-fleurs-et-gemmes-de-hop-hare-le-soleil\/","title":{"rendered":"Bougie Magique en Cristal avec Fleurs et Gemmes de Hop Hare &#8211; Le Soleil"},"content":{"rendered":"<p>Profitez de la chaleur des horizons citronn\u00e9s avec cette vibrante <strong><span style=\"color: rgb(75, 80, 88);\">Bougie Magique &#8211; Le Soleil.&nbsp;<\/span><\/strong><\/p>\n<p>Le parfum vivifiant d&rsquo;agrumes remplit l&rsquo;air, remonte l&rsquo;humeur et cr\u00e9e une atmosph\u00e8re ensoleill\u00e9e. Compl\u00e9t\u00e9e par les<strong><span style=\"color: rgb(75, 80, 88);\">&nbsp;pierres pr\u00e9cieuses citrine et sodalite<\/span><\/strong>, cette bougie rayonne de positivit\u00e9.&nbsp;<\/p>\n<p>La citrine, connue comme la \u00ab\u00a0pierre du succ\u00e8s\u00a0\u00bb, s&rsquo;associe \u00e0 l&rsquo;\u00e9nergie harmonisante de la sodalite pour cr\u00e9er un espace rempli d&rsquo;optimisme et de joie. Illuminez votre environnement avec Le Soleil et infusez votre espace d&rsquo;un \u00e9clat de bonheur \u00e9nergisant.&nbsp;<\/p>\n<p>Am\u00e9liorez votre humeur, encouragez la positivit\u00e9 et cr\u00e9ez une ambiance joyeuse.&nbsp;<\/p>\n<p>Chaque bougie Hop Hare est un chef-d&rsquo;\u0153uvre unique, pr\u00e9sent\u00e9 dans un contenant en verre vert fonc\u00e9 et muni d&rsquo;une m\u00e8che en bois rustique. D\u00e9couvrez la magie \u00e0 l&rsquo;int\u00e9rieur en d\u00e9couvrant une pierre pr\u00e9cieuse accompagn\u00e9e de petits \u00e9clats de pierres pr\u00e9cieuses, cr\u00e9ant ainsi un spectacle \u00e9blouissant de merveilles naturelles. L&rsquo;essence de ces bougies est encore rehauss\u00e9e par les d\u00e9licates fleurs s\u00e8ches.&nbsp;<\/p>\n<p><strong><span style=\"color: rgb(75, 80, 88);\">PARFUM : <\/span><\/strong>Citronnelle et Ch\u00e8vrefeuille&nbsp;<\/p>\n<p>Notes de t\u00eate : Citronnelle, Mandarine, Orange&nbsp;<\/p>\n<p>Notes de c\u0153ur : Ch\u00e8vrefeuille, Gard\u00e9nia&nbsp;<\/p>\n<p>Notes de fond : Th\u00e9 vert, Musc blanc<\/p>\n<p><strong><em><span style=\"color: rgb(75, 80, 88);\">Dur\u00e9e de combustion : 22 heures<\/span><\/em><\/strong><\/p>\n","protected":false},"excerpt":{"rendered":"<p>Profitez de la chaleur des horizons citronn\u00e9s avec cette vibrante Bougie Magique &#8211; Le Soleil.&nbsp; Le parfum vivifiant d&rsquo;agrumes remplit l&rsquo;air, remonte l&rsquo;humeur et cr\u00e9e une atmosph\u00e8re ensoleill\u00e9e. Compl\u00e9t\u00e9e par les&nbsp;pierres pr\u00e9cieuses citrine et sodalite, cette bougie rayonne de positivit\u00e9.&nbsp; La citrine, connue comme la \u00ab\u00a0pierre du succ\u00e8s\u00a0\u00bb, s&rsquo;associe \u00e0 l&rsquo;\u00e9nergie harmonisante de la sodalite [&hellip;]<\/p>\n","protected":false},"featured_media":307216,"comment_status":"closed","ping_status":"open","template":"","meta":{"_angie_page":false},"product_brand":[27113],"product_cat":[17461,20263],"product_tag":[],"class_list":{"0":"post-236728","1":"product","2":"type-product","3":"status-publish","4":"has-post-thumbnail","6":"product_brand-hop-hare","7":"product_cat-bougeoirs-et-bougies","8":"product_cat-bougies-lithotherapie","9":"pa_collection-crystal-floral-candles-hop-hare-fr","10":"pa_made-in-chine","12":"first","13":"instock","14":"purchasable","15":"product-type-simple"},"supplier_id":null,"supplier_sku":"HHC-05","barcode":null,"atum_controlled":true,"out_stock_date":null,"out_stock_threshold":null,"inheritable":false,"inbound_stock":null,"stock_on_hold":0,"sold_today":0,"sales_last_days":0,"reserved_stock":null,"customer_returns":null,"warehouse_damage":null,"lost_in_post":null,"other_logs":null,"out_stock_days":0,"lost_sales":0,"has_location":null,"update_date":"2026-04-27T07:07:11","atum_locations":[],"atum_stock_status":"instock","restock_status":false,"low_stock_amount":"","sales_update_date":"2025-09-05T00:21:44","calc_backorders":null,"_links":{"self":[{"href":"https:\/\/aromasentia.com\/fr\/wp-json\/wp\/v2\/product\/236728","targetHints":{"allow":["GET"]}}],"collection":[{"href":"https:\/\/aromasentia.com\/fr\/wp-json\/wp\/v2\/product"}],"about":[{"href":"https:\/\/aromasentia.com\/fr\/wp-json\/wp\/v2\/types\/product"}],"replies":[{"embeddable":true,"href":"https:\/\/aromasentia.com\/fr\/wp-json\/wp\/v2\/comments?post=236728"}],"version-history":[{"count":0,"href":"https:\/\/aromasentia.com\/fr\/wp-json\/wp\/v2\/product\/236728\/revisions"}],"wp:featuredmedia":[{"embeddable":true,"href":"https:\/\/aromasentia.com\/fr\/wp-json\/wp\/v2\/media\/307216"}],"wp:attachment":[{"href":"https:\/\/aromasentia.com\/fr\/wp-json\/wp\/v2\/media?parent=236728"}],"wp:term":[{"taxonomy":"product_brand","embeddable":true,"href":"https:\/\/aromasentia.com\/fr\/wp-json\/wp\/v2\/product_brand?post=236728"},{"taxonomy":"product_cat","embeddable":true,"href":"https:\/\/aromasentia.com\/fr\/wp-json\/wp\/v2\/product_cat?post=236728"},{"taxonomy":"product_tag","embeddable":true,"href":"https:\/\/aromasentia.com\/fr\/wp-json\/wp\/v2\/product_tag?post=236728"}],"curies":[{"name":"wp","href":"https:\/\/api.w.org\/{rel}","templated":true}]}}