{"id":236724,"date":"2025-03-21T11:25:58","date_gmt":"2025-03-21T11:25:58","guid":{"rendered":"https:\/\/aromasentia.com\/product\/hop-hare-crystal-magic-flower-candle-the-devil\/"},"modified":"2025-06-23T19:03:13","modified_gmt":"2025-06-23T19:03:13","slug":"bougie-magique-en-cristal-avec-fleurs-et-gemmes-de-hop-hare-le-diable","status":"publish","type":"product","link":"https:\/\/aromasentia.com\/fr\/bougie-magique-en-cristal-avec-fleurs-et-gemmes-de-hop-hare-le-diable\/","title":{"rendered":"Bougie Magique en Cristal avec Fleurs et Gemmes de Hop Hare &#8211; Le Diable"},"content":{"rendered":"<p>Enflammez votre passion avec la <strong><span style=\"color: rgb(75, 80, 88);\">Bougie Magique Le Diable<\/span><\/strong>, o\u00f9un parfum de brasier en pleine floraison met en sc\u00e8ne l&rsquo;intensit\u00e9. Cette bougie est compos\u00e9e de <strong><span style=\"color: rgb(75, 80, 88);\">pierres pr\u00e9cieuses de jaspe rouge et d&rsquo;agate noire<\/span><\/strong>, qui incarnent l&rsquo;\u00e9nergie ardente de la passion.&nbsp;<\/p>\n<p>Le jaspe rouge, connu pour ses propri\u00e9t\u00e9s de mise \u00e0 la terre, s&rsquo;associe \u00e0 l&rsquo;\u00e9nergie protectrice de l&rsquo;agate noire pour cr\u00e9er une atmosph\u00e8re dynamique et puissante.&nbsp;<\/p>\n<p>Allumez Le Diable et profitez de l&rsquo;intensit\u00e9 passionn\u00e9e qu&rsquo;il apporte, transformant votre espace en un havre de motivation et de vitalit\u00e9. Dynamisez votre environnement, stimulez votre cr\u00e9ativit\u00e9 et inspirez des actions dynamiques.&nbsp;<\/p>\n<p>Chaque bougie magique Hop Hare est un chef-d&rsquo;\u0153uvre unique, pr\u00e9sent\u00e9 dans un contenant en verre vert fonc\u00e9 et muni d&rsquo;une m\u00e8che en bois rustique. D\u00e9couvrez la magie \u00e0 l&rsquo;int\u00e9rieur en d\u00e9couvrant une pierre pr\u00e9cieuse accompagn\u00e9e de petits \u00e9clats de pierres pr\u00e9cieuses, cr\u00e9ant ainsi un spectacle \u00e9blouissant de merveilles naturelles. L&rsquo;essence de ces bougies est encore rehauss\u00e9e par les d\u00e9licates fleurs s\u00e8ches.&nbsp;<\/p>\n<p><strong>PARFUM :<\/strong> Orange douce et patchouli&nbsp;<\/p>\n<p>Notes de t\u00eate : Bergamote, Citronnelle&nbsp;<\/p>\n<p>Notes de c\u0153ur : Ylang Ylang, N\u00e9roli&nbsp;<\/p>\n<p>Notes de fond : Patchouli, Bois de santal, Vanille<\/p>\n<p><strong><span style=\"color: rgb(75, 80, 88);\">Dur\u00e9e de combustion : 22 heures<\/span><\/strong><\/p>\n","protected":false},"excerpt":{"rendered":"<p>Enflammez votre passion avec la Bougie Magique Le Diable, o\u00f9un parfum de brasier en pleine floraison met en sc\u00e8ne l&rsquo;intensit\u00e9. Cette bougie est compos\u00e9e de pierres pr\u00e9cieuses de jaspe rouge et d&rsquo;agate noire, qui incarnent l&rsquo;\u00e9nergie ardente de la passion.&nbsp; Le jaspe rouge, connu pour ses propri\u00e9t\u00e9s de mise \u00e0 la terre, s&rsquo;associe \u00e0 l&rsquo;\u00e9nergie [&hellip;]<\/p>\n","protected":false},"featured_media":307143,"comment_status":"closed","ping_status":"open","template":"","meta":[],"product_brand":[27113],"product_cat":[17461,20263],"product_tag":[],"class_list":{"0":"post-236724","1":"product","2":"type-product","3":"status-publish","4":"has-post-thumbnail","6":"product_brand-hop-hare","7":"product_cat-bougeoirs-et-bougies","8":"product_cat-bougies-lithotherapie","9":"pa_collection-crystal-floral-candles-hop-hare-fr","10":"pa_made-in-chine","12":"first","13":"outofstock","14":"purchasable","15":"product-type-simple"},"supplier_id":null,"supplier_sku":"HHC-04","barcode":null,"atum_controlled":true,"out_stock_date":"2026-01-10 03:13:46","out_stock_threshold":null,"inheritable":false,"inbound_stock":null,"stock_on_hold":0,"sold_today":0,"sales_last_days":0,"reserved_stock":null,"customer_returns":null,"warehouse_damage":null,"lost_in_post":null,"other_logs":null,"out_stock_days":19,"lost_sales":0,"has_location":null,"update_date":"2026-01-30T01:24:33","atum_locations":[],"atum_stock_status":"outofstock","restock_status":false,"low_stock_amount":"","sales_update_date":"2026-01-30T01:24:33","calc_backorders":null,"_links":{"self":[{"href":"https:\/\/aromasentia.com\/fr\/wp-json\/wp\/v2\/product\/236724","targetHints":{"allow":["GET"]}}],"collection":[{"href":"https:\/\/aromasentia.com\/fr\/wp-json\/wp\/v2\/product"}],"about":[{"href":"https:\/\/aromasentia.com\/fr\/wp-json\/wp\/v2\/types\/product"}],"replies":[{"embeddable":true,"href":"https:\/\/aromasentia.com\/fr\/wp-json\/wp\/v2\/comments?post=236724"}],"version-history":[{"count":0,"href":"https:\/\/aromasentia.com\/fr\/wp-json\/wp\/v2\/product\/236724\/revisions"}],"wp:featuredmedia":[{"embeddable":true,"href":"https:\/\/aromasentia.com\/fr\/wp-json\/wp\/v2\/media\/307143"}],"wp:attachment":[{"href":"https:\/\/aromasentia.com\/fr\/wp-json\/wp\/v2\/media?parent=236724"}],"wp:term":[{"taxonomy":"product_brand","embeddable":true,"href":"https:\/\/aromasentia.com\/fr\/wp-json\/wp\/v2\/product_brand?post=236724"},{"taxonomy":"product_cat","embeddable":true,"href":"https:\/\/aromasentia.com\/fr\/wp-json\/wp\/v2\/product_cat?post=236724"},{"taxonomy":"product_tag","embeddable":true,"href":"https:\/\/aromasentia.com\/fr\/wp-json\/wp\/v2\/product_tag?post=236724"}],"curies":[{"name":"wp","href":"https:\/\/api.w.org\/{rel}","templated":true}]}}