{"id":236720,"date":"2025-03-21T11:25:58","date_gmt":"2025-03-21T11:25:58","guid":{"rendered":"https:\/\/aromasentia.com\/product\/hop-hare-crystal-magic-flower-candle-the-moon\/"},"modified":"2025-06-23T19:03:13","modified_gmt":"2025-06-23T19:03:13","slug":"bougie-magique-en-cristal-avec-fleurs-et-gemmes-de-hop-hare-la-lune","status":"publish","type":"product","link":"https:\/\/aromasentia.com\/fr\/bougie-magique-en-cristal-avec-fleurs-et-gemmes-de-hop-hare-la-lune\/","title":{"rendered":"Bougie Magique en Cristal avec Fleurs et Gemmes de Hop Hare &#8211; La Lune"},"content":{"rendered":"<p>D\u00e9couvrez la s\u00e9r\u00e9nit\u00e9 des collines de Lavande \u00e9clair\u00e9es par la lune avec la <strong><span style=\"color: rgb(75, 80, 88);\">Bougie Magique Hop Hare &#8211; La Lune.<\/span><\/strong>&nbsp;<\/p>\n<p>Le parfum apaisant de la lavande embrasse votre environnement, cr\u00e9ant un havre de paix. Rehauss\u00e9e par la <strong><span style=\"color: rgb(75, 80, 88);\">pierre pr\u00e9cieuse am\u00e9thyste<\/span><\/strong>, cette bougie invite l&rsquo;\u00e9quilibre et l&rsquo;harmonie dans votre espace. L&rsquo;am\u00e9thyste, v\u00e9n\u00e9r\u00e9e pour ses propri\u00e9t\u00e9s anti-stress, favorise une atmosph\u00e8re paisible, ce qui en fait le compagnon id\u00e9al pour les moments de d\u00e9tente.&nbsp;<\/p>\n<p>Illuminez votre espace avec La Lune et laissez l&rsquo;ar\u00f4me apaisant et l&rsquo;\u00e9nergie de l&rsquo;am\u00e9thyste vous guider vers un \u00e9tat de bonheur et d&rsquo;harmonie. Chaque bougie Hop Hare est un chef-d&rsquo;\u0153uvre unique, pr\u00e9sent\u00e9 dans un contenant en verre vert fonc\u00e9 et muni d&rsquo;une m\u00e8che en bois rustique.&nbsp;<\/p>\n<p>D\u00e9voilez la magie \u00e0 l&rsquo;int\u00e9rieur en d\u00e9couvrant une pierre pr\u00e9cieuse accompagn\u00e9e d&rsquo;un saupoudrage de plus petits \u00e9clats de pierres pr\u00e9cieuses, cr\u00e9ant ainsi un spectacle \u00e9blouissant de merveilles naturelles. L&rsquo;essence de ces bougies est encore rehauss\u00e9e par les d\u00e9licates fleurs s\u00e8ches.&nbsp;<\/p>\n<p><strong>PARFUM :<\/strong> Lavande&nbsp;<\/p>\n<p>Notes de t\u00eate : Basilic&nbsp;<\/p>\n<p>Notes de c\u0153ur : Lavande, Noix de muscade&nbsp;<\/p>\n<p>Notes de fond : Ambre, Patchouli<\/p>\n<p><strong><span style=\"color: rgb(75, 80, 88);\"><em>Dur\u00e9e de combustion : 22 heures<\/em><\/span><\/strong><\/p>\n<p><\/p>\n<p><\/p>\n","protected":false},"excerpt":{"rendered":"<p>D\u00e9couvrez la s\u00e9r\u00e9nit\u00e9 des collines de Lavande \u00e9clair\u00e9es par la lune avec la Bougie Magique Hop Hare &#8211; La Lune.&nbsp; Le parfum apaisant de la lavande embrasse votre environnement, cr\u00e9ant un havre de paix. Rehauss\u00e9e par la pierre pr\u00e9cieuse am\u00e9thyste, cette bougie invite l&rsquo;\u00e9quilibre et l&rsquo;harmonie dans votre espace. L&rsquo;am\u00e9thyste, v\u00e9n\u00e9r\u00e9e pour ses propri\u00e9t\u00e9s anti-stress, [&hellip;]<\/p>\n","protected":false},"featured_media":307094,"comment_status":"closed","ping_status":"open","template":"","meta":{"_angie_page":false},"product_brand":[27113],"product_cat":[17461,20263],"product_tag":[],"class_list":{"0":"post-236720","1":"product","2":"type-product","3":"status-publish","4":"has-post-thumbnail","6":"product_brand-hop-hare","7":"product_cat-bougeoirs-et-bougies","8":"product_cat-bougies-lithotherapie","9":"pa_collection-crystal-floral-candles-hop-hare-fr","10":"pa_made-in-chine","12":"first","13":"instock","14":"purchasable","15":"product-type-simple"},"supplier_id":null,"supplier_sku":"HHC-03","barcode":null,"atum_controlled":true,"out_stock_date":null,"out_stock_threshold":null,"inheritable":false,"inbound_stock":null,"stock_on_hold":0,"sold_today":0,"sales_last_days":0,"reserved_stock":null,"customer_returns":null,"warehouse_damage":null,"lost_in_post":null,"other_logs":null,"out_stock_days":0,"lost_sales":0,"has_location":null,"update_date":"2026-04-27T07:07:11","atum_locations":[],"atum_stock_status":"instock","restock_status":false,"low_stock_amount":"","sales_update_date":"2025-09-05T00:21:43","calc_backorders":null,"_links":{"self":[{"href":"https:\/\/aromasentia.com\/fr\/wp-json\/wp\/v2\/product\/236720","targetHints":{"allow":["GET"]}}],"collection":[{"href":"https:\/\/aromasentia.com\/fr\/wp-json\/wp\/v2\/product"}],"about":[{"href":"https:\/\/aromasentia.com\/fr\/wp-json\/wp\/v2\/types\/product"}],"replies":[{"embeddable":true,"href":"https:\/\/aromasentia.com\/fr\/wp-json\/wp\/v2\/comments?post=236720"}],"version-history":[{"count":0,"href":"https:\/\/aromasentia.com\/fr\/wp-json\/wp\/v2\/product\/236720\/revisions"}],"wp:featuredmedia":[{"embeddable":true,"href":"https:\/\/aromasentia.com\/fr\/wp-json\/wp\/v2\/media\/307094"}],"wp:attachment":[{"href":"https:\/\/aromasentia.com\/fr\/wp-json\/wp\/v2\/media?parent=236720"}],"wp:term":[{"taxonomy":"product_brand","embeddable":true,"href":"https:\/\/aromasentia.com\/fr\/wp-json\/wp\/v2\/product_brand?post=236720"},{"taxonomy":"product_cat","embeddable":true,"href":"https:\/\/aromasentia.com\/fr\/wp-json\/wp\/v2\/product_cat?post=236720"},{"taxonomy":"product_tag","embeddable":true,"href":"https:\/\/aromasentia.com\/fr\/wp-json\/wp\/v2\/product_tag?post=236720"}],"curies":[{"name":"wp","href":"https:\/\/api.w.org\/{rel}","templated":true}]}}