{"id":236660,"date":"2025-03-21T11:28:36","date_gmt":"2025-03-21T11:28:36","guid":{"rendered":"https:\/\/aromasentia.com\/product\/magic-spell-candle-cleansing\/"},"modified":"2025-06-23T19:03:06","modified_gmt":"2025-06-23T19:03:06","slug":"bougie-magique-purifiante","status":"publish","type":"product","link":"https:\/\/aromasentia.com\/fr\/bougie-magique-purifiante\/","title":{"rendered":"Bougie Magique &#8211; Purifiante"},"content":{"rendered":"<p><strong><span style=\"color: rgb(75, 80, 88);\">Bougie en cire de soja avec pierres pr\u00e9cieuses JASPE BLANC &amp; MENTHE POIVR\u00e9E, SAUGE<\/span><\/strong><\/p>\n<p>A quoi sert votre Bougie Magique &#8211; Purification ?&nbsp;<\/p>\n<p>&#8211; Pour purifier et renouveler l&rsquo;\u00e9nergie dans votre espace sacr\u00e9.&nbsp;<\/p>\n<p>&#8211; Pour bannir la n\u00e9gativit\u00e9, \u00e9liminer l&rsquo;\u00e9nergie stagnante et cr\u00e9er un environnement harmonieux.&nbsp;<\/p>\n<p>Dans la bougie, vous d\u00e9couvrirez un v\u00e9ritable<strong>&nbsp;jaspe blanc<\/strong> qui agit comme un bouclier contre les \u00e9nergies n\u00e9gatives, favorisant un sentiment de stabilit\u00e9 et d&rsquo;\u00e9quilibre.&nbsp;<\/p>\n<p>Le<strong>&nbsp;parfum de la sauge et de la menthe poivr\u00e9e<\/strong>, connues pour leurs propri\u00e9t\u00e9s purifiantes et rafra\u00eechissantes, embaumera l&rsquo;air, revitalisera votre espace et \u00e9l\u00e8vera votre esprit. Il s&rsquo;agit de <strong>bougies en cire de soja<\/strong>. L&rsquo;avantage de la cire de soja est qu&rsquo;elle a d&rsquo;excellentes qualit\u00e9s de r\u00e9tention des parfums et qu&rsquo;elle les diffuse de mani\u00e8re homog\u00e8ne tout au long de la combustion.&nbsp;<\/p>\n<p>Les bougies de soja br\u00fblent plus proprement, plus froidement, durent plus longtemps que les bougies de paraffine et laissent un r\u00e9sidu de cire minime.<\/p>\n<p><strong><span style=\"color: rgb(75, 80, 88);\">Comment utiliser votre bougie magique :<\/span><\/strong> Tout d\u2019abord, s\u00e9lectionnez la bougie ou la combinaison de bougies qui repr\u00e9sentent les choses que vous d\u00e9sirez le plus dans votre vie.&nbsp;<\/p>\n<p>Cr\u00e9ez un espace dans votre maison et entreprenez de cr\u00e9er un mini sanctuaire selon vos envies. Disposez votre bougie avec des objets personnels dans sa lumi\u00e8re, des images, des bijoux et des pierres pr\u00e9cieuses. N&rsquo;allumez pas la bougie imm\u00e9diatement. Laissez-le reposer en paix. Vous saurez quand le moment sera venu d\u2019allumer la flamme.&nbsp;<\/p>\n<p>Asseyez-vous paisiblement avec votre flamme et utilisez le temps pour la m\u00e9ditation et la r\u00e9flexion. Lorsque la bougie est \u00e9teinte et la flamme \u00e9teinte, vous pouvez nettoyer les r\u00e9sidus de cire \u00e0 l&rsquo;eau chaude et r\u00e9cup\u00e9rer les pierres pr\u00e9cieuses que vous trouverez. Gardez-les sur vous pour prolonger la magie.<\/p>\n<p>Pour un bon karma, le tube de bougie en verre doit \u00eatre recycl\u00e9 et r\u00e9utilis\u00e9. Par exemple. pour le stockage ou pour contenir une fleur.&nbsp;<\/p>\n<p><strong><span style=\"color: rgb(75, 80, 88);\">* Dur\u00e9e de combustion : 50 heures &#8211; Bougie en cire de soja * Poids : 280g H : 20 cm P : 5 cm&nbsp;<\/span><\/strong><\/p>\n<p>Con&ccedil;u en Espagne, fabriqu\u00e9 en Chine.&nbsp;<\/p>\n<p><strong><span style=\"color: rgb(141, 186, 216);\">Commandez maintenant et envo\u00fbtez vos clients avec ces bougies magiques.<\/span><\/strong><\/p>\n","protected":false},"excerpt":{"rendered":"<p>Bougie en cire de soja avec pierres pr\u00e9cieuses JASPE BLANC &amp; MENTHE POIVR\u00e9E, SAUGE A quoi sert votre Bougie Magique &#8211; Purification ?&nbsp; &#8211; Pour purifier et renouveler l&rsquo;\u00e9nergie dans votre espace sacr\u00e9.&nbsp; &#8211; Pour bannir la n\u00e9gativit\u00e9, \u00e9liminer l&rsquo;\u00e9nergie stagnante et cr\u00e9er un environnement harmonieux.&nbsp; Dans la bougie, vous d\u00e9couvrirez un v\u00e9ritable&nbsp;jaspe blanc qui [&hellip;]<\/p>\n","protected":false},"featured_media":307711,"comment_status":"closed","ping_status":"open","template":"","meta":{"_angie_page":false},"product_brand":[],"product_cat":[17461,20263,19988],"product_tag":[],"class_list":{"0":"post-236660","1":"product","2":"type-product","3":"status-publish","4":"has-post-thumbnail","6":"product_cat-bougeoirs-et-bougies","7":"product_cat-bougies-lithotherapie","8":"product_cat-bougies-parfumees","9":"pa_collection-magic-spell-candles-fr","10":"pa_made-in-chine","12":"first","13":"instock","14":"purchasable","15":"product-type-simple"},"supplier_id":null,"supplier_sku":"MSC-02","barcode":null,"atum_controlled":true,"out_stock_date":null,"out_stock_threshold":null,"inheritable":false,"inbound_stock":null,"stock_on_hold":0,"sold_today":0,"sales_last_days":0,"reserved_stock":null,"customer_returns":null,"warehouse_damage":null,"lost_in_post":null,"other_logs":null,"out_stock_days":0,"lost_sales":0,"has_location":null,"update_date":"2026-05-04T00:03:58","atum_locations":[],"atum_stock_status":"instock","restock_status":false,"low_stock_amount":"","sales_update_date":"2025-09-05T00:21:48","calc_backorders":null,"_links":{"self":[{"href":"https:\/\/aromasentia.com\/fr\/wp-json\/wp\/v2\/product\/236660","targetHints":{"allow":["GET"]}}],"collection":[{"href":"https:\/\/aromasentia.com\/fr\/wp-json\/wp\/v2\/product"}],"about":[{"href":"https:\/\/aromasentia.com\/fr\/wp-json\/wp\/v2\/types\/product"}],"replies":[{"embeddable":true,"href":"https:\/\/aromasentia.com\/fr\/wp-json\/wp\/v2\/comments?post=236660"}],"version-history":[{"count":0,"href":"https:\/\/aromasentia.com\/fr\/wp-json\/wp\/v2\/product\/236660\/revisions"}],"wp:featuredmedia":[{"embeddable":true,"href":"https:\/\/aromasentia.com\/fr\/wp-json\/wp\/v2\/media\/307711"}],"wp:attachment":[{"href":"https:\/\/aromasentia.com\/fr\/wp-json\/wp\/v2\/media?parent=236660"}],"wp:term":[{"taxonomy":"product_brand","embeddable":true,"href":"https:\/\/aromasentia.com\/fr\/wp-json\/wp\/v2\/product_brand?post=236660"},{"taxonomy":"product_cat","embeddable":true,"href":"https:\/\/aromasentia.com\/fr\/wp-json\/wp\/v2\/product_cat?post=236660"},{"taxonomy":"product_tag","embeddable":true,"href":"https:\/\/aromasentia.com\/fr\/wp-json\/wp\/v2\/product_tag?post=236660"}],"curies":[{"name":"wp","href":"https:\/\/api.w.org\/{rel}","templated":true}]}}