{"id":236636,"date":"2025-03-21T11:28:36","date_gmt":"2025-03-21T11:28:36","guid":{"rendered":"https:\/\/aromasentia.com\/product\/pure-olive-wax-jar-candle-120x70-mandarin\/"},"modified":"2025-06-23T19:03:01","modified_gmt":"2025-06-23T19:03:01","slug":"bougies-pot-pure-cire-dolive-120x70-mandarine","status":"publish","type":"product","link":"https:\/\/aromasentia.com\/fr\/bougies-pot-pure-cire-dolive-120x70-mandarine\/","title":{"rendered":"Bougies Pot Pure Cire d&rsquo;Olive 120&#215;70 &#8211; Mandarine"},"content":{"rendered":"<p>Ces <strong><span style=\"color: rgb(75, 80, 88);\">Bougies en cire d&rsquo;olive pure en gros &#8211; Mandarine&nbsp;<\/span><\/strong>sont fabriqu\u00e9es \u00e0 partir de cire d&rsquo;olive naturelle, cultiv\u00e9e en Europe (Italie).&nbsp;<\/p>\n<p>Les olives qui ne sont pas utilis\u00e9es pour l&rsquo;industrie alimentaire sont utilis\u00e9es \u00e0 des fins industrielles. La cire de nos bougies est fabriqu\u00e9e \u00e0 partir de la pulpe qui reste apr\u00e8s l&rsquo;extraction de l&rsquo;huile par des proc\u00e9d\u00e9s sp\u00e9ciaux. Elles br\u00fblent proprement, \u00e9mettant peu ou pas de fum\u00e9e ou de suie, et ont une dur\u00e9e de combustion plus longue que les bougies traditionnelles.&nbsp;<\/p>\n<p>Les bougies en cire d&rsquo;olive ont \u00e9galement un parfum doux et naturel et sont consid\u00e9r\u00e9es comme \u00e9cologiques et durables car elles sont fabriqu\u00e9es \u00e0 partir d&rsquo;une source renouvelable. Elles sont coul\u00e9es \u00e0 la main, fabriqu\u00e9es en Allemagne et 100 % v\u00e9g\u00e9taliennes.&nbsp;<\/p>\n<p><strong><span style=\"color: rgb(141, 186, 216);\">Le temps de combustion par bougie est de 25h. Commandez-les pour cr\u00e9er du confort et de la chaleur \u00e0 la maison.<\/span><\/strong><\/p>\n","protected":false},"excerpt":{"rendered":"<p>Ces Bougies en cire d&rsquo;olive pure en gros &#8211; Mandarine&nbsp;sont fabriqu\u00e9es \u00e0 partir de cire d&rsquo;olive naturelle, cultiv\u00e9e en Europe (Italie).&nbsp; Les olives qui ne sont pas utilis\u00e9es pour l&rsquo;industrie alimentaire sont utilis\u00e9es \u00e0 des fins industrielles. La cire de nos bougies est fabriqu\u00e9e \u00e0 partir de la pulpe qui reste apr\u00e8s l&rsquo;extraction de l&rsquo;huile [&hellip;]<\/p>\n","protected":false},"featured_media":308314,"comment_status":"closed","ping_status":"open","template":"","meta":{"_angie_page":false},"product_brand":[],"product_cat":[17461,26818,26265,25842],"product_tag":[],"class_list":{"0":"post-236636","1":"product","2":"type-product","3":"status-publish","4":"has-post-thumbnail","6":"product_cat-bougeoirs-et-bougies","7":"product_cat-hesperide-agrumes","8":"product_cat-mandarine","9":"product_cat-senteurs-aromes","10":"pa_made-in-allemagne","12":"first","13":"instock","14":"purchasable","15":"product-type-simple"},"supplier_id":null,"supplier_sku":"OliveC-09","barcode":null,"atum_controlled":true,"out_stock_date":null,"out_stock_threshold":null,"inheritable":false,"inbound_stock":null,"stock_on_hold":0,"sold_today":0,"sales_last_days":0,"reserved_stock":null,"customer_returns":null,"warehouse_damage":null,"lost_in_post":null,"other_logs":null,"out_stock_days":0,"lost_sales":0,"has_location":null,"update_date":"2026-02-02T14:18:28","atum_locations":[],"atum_stock_status":"instock","restock_status":false,"low_stock_amount":"","sales_update_date":"2026-01-30T01:26:02","calc_backorders":null,"_links":{"self":[{"href":"https:\/\/aromasentia.com\/fr\/wp-json\/wp\/v2\/product\/236636","targetHints":{"allow":["GET"]}}],"collection":[{"href":"https:\/\/aromasentia.com\/fr\/wp-json\/wp\/v2\/product"}],"about":[{"href":"https:\/\/aromasentia.com\/fr\/wp-json\/wp\/v2\/types\/product"}],"replies":[{"embeddable":true,"href":"https:\/\/aromasentia.com\/fr\/wp-json\/wp\/v2\/comments?post=236636"}],"version-history":[{"count":0,"href":"https:\/\/aromasentia.com\/fr\/wp-json\/wp\/v2\/product\/236636\/revisions"}],"wp:featuredmedia":[{"embeddable":true,"href":"https:\/\/aromasentia.com\/fr\/wp-json\/wp\/v2\/media\/308314"}],"wp:attachment":[{"href":"https:\/\/aromasentia.com\/fr\/wp-json\/wp\/v2\/media?parent=236636"}],"wp:term":[{"taxonomy":"product_brand","embeddable":true,"href":"https:\/\/aromasentia.com\/fr\/wp-json\/wp\/v2\/product_brand?post=236636"},{"taxonomy":"product_cat","embeddable":true,"href":"https:\/\/aromasentia.com\/fr\/wp-json\/wp\/v2\/product_cat?post=236636"},{"taxonomy":"product_tag","embeddable":true,"href":"https:\/\/aromasentia.com\/fr\/wp-json\/wp\/v2\/product_tag?post=236636"}],"curies":[{"name":"wp","href":"https:\/\/api.w.org\/{rel}","templated":true}]}}