{"id":236620,"date":"2025-03-21T11:28:36","date_gmt":"2025-03-21T11:28:36","guid":{"rendered":"https:\/\/aromasentia.com\/product\/classic-candle-stand-whitewash-37x10cm-large\/"},"modified":"2025-06-23T19:02:59","modified_gmt":"2025-06-23T19:02:59","slug":"bougeoir-classique-blanchi-37x10cm-grand","status":"publish","type":"product","link":"https:\/\/aromasentia.com\/fr\/bougeoir-classique-blanchi-37x10cm-grand\/","title":{"rendered":"Bougeoir Classique &#8211; Blanchi &#8211; 37x10cm &#8211; Grand"},"content":{"rendered":"<\/p>\n<p><strong>En gros, bougeoir classique &#8211; Chaux blanche (grand 37x10cm)&nbsp;<\/strong><\/p>\n<p><strong>Fabriqu\u00e9 en bois de manguier<\/strong>, connu pour sa solidit\u00e9 et sa durabilit\u00e9, chaque pi\u00e8ce est unique et pr\u00e9sente des motifs naturels de grain de bois.<\/p>\n<p>Ce bougeoir classique et haut arbore une silhouette traditionnelle avec une finition <strong>distressed whitewash,<\/strong> qui se marie sans effort avec diff\u00e9rents styles de d\u00e9coration. Mesurant 37x10cm, ce bougeoir est parfait pour mettre en valeur les grands espaces. <\/p>\n<p>Rapprovisionnez-vous d\u00e8s aujourd&rsquo;hui pour ajouter cet article intemporel \u00e0 la collection de votre magasin.<\/p>\n","protected":false},"excerpt":{"rendered":"<p>En gros, bougeoir classique &#8211; Chaux blanche (grand 37x10cm)&nbsp; Fabriqu\u00e9 en bois de manguier, connu pour sa solidit\u00e9 et sa durabilit\u00e9, chaque pi\u00e8ce est unique et pr\u00e9sente des motifs naturels de grain de bois. Ce bougeoir classique et haut arbore une silhouette traditionnelle avec une finition distressed whitewash, qui se marie sans effort avec diff\u00e9rents [&hellip;]<\/p>\n","protected":false},"featured_media":308262,"comment_status":"closed","ping_status":"open","template":"","meta":{"_angie_page":false},"product_brand":[],"product_cat":[17460,17461],"product_tag":[],"class_list":{"0":"post-236620","1":"product","2":"type-product","3":"status-publish","4":"has-post-thumbnail","6":"product_cat-bougeoirs","7":"product_cat-bougeoirs-et-bougies","8":"pa_collection-wooden-candle-holders-fr","9":"pa_made-in-inde","11":"first","12":"instock","13":"purchasable","14":"product-type-simple"},"supplier_id":null,"supplier_sku":"MWCS-05","barcode":null,"atum_controlled":true,"out_stock_date":null,"out_stock_threshold":null,"inheritable":false,"inbound_stock":null,"stock_on_hold":0,"sold_today":0,"sales_last_days":0,"reserved_stock":null,"customer_returns":null,"warehouse_damage":null,"lost_in_post":null,"other_logs":null,"out_stock_days":0,"lost_sales":0,"has_location":null,"update_date":"2026-04-27T07:14:23","atum_locations":[],"atum_stock_status":"instock","restock_status":false,"low_stock_amount":"","sales_update_date":"2026-01-30T01:26:17","calc_backorders":null,"_links":{"self":[{"href":"https:\/\/aromasentia.com\/fr\/wp-json\/wp\/v2\/product\/236620","targetHints":{"allow":["GET"]}}],"collection":[{"href":"https:\/\/aromasentia.com\/fr\/wp-json\/wp\/v2\/product"}],"about":[{"href":"https:\/\/aromasentia.com\/fr\/wp-json\/wp\/v2\/types\/product"}],"replies":[{"embeddable":true,"href":"https:\/\/aromasentia.com\/fr\/wp-json\/wp\/v2\/comments?post=236620"}],"version-history":[{"count":0,"href":"https:\/\/aromasentia.com\/fr\/wp-json\/wp\/v2\/product\/236620\/revisions"}],"wp:featuredmedia":[{"embeddable":true,"href":"https:\/\/aromasentia.com\/fr\/wp-json\/wp\/v2\/media\/308262"}],"wp:attachment":[{"href":"https:\/\/aromasentia.com\/fr\/wp-json\/wp\/v2\/media?parent=236620"}],"wp:term":[{"taxonomy":"product_brand","embeddable":true,"href":"https:\/\/aromasentia.com\/fr\/wp-json\/wp\/v2\/product_brand?post=236620"},{"taxonomy":"product_cat","embeddable":true,"href":"https:\/\/aromasentia.com\/fr\/wp-json\/wp\/v2\/product_cat?post=236620"},{"taxonomy":"product_tag","embeddable":true,"href":"https:\/\/aromasentia.com\/fr\/wp-json\/wp\/v2\/product_tag?post=236620"}],"curies":[{"name":"wp","href":"https:\/\/api.w.org\/{rel}","templated":true}]}}