{"id":236600,"date":"2025-03-21T11:28:36","date_gmt":"2025-03-21T11:28:36","guid":{"rendered":"https:\/\/aromasentia.com\/product\/magic-spell-candle-seduction\/"},"modified":"2025-06-23T19:02:57","modified_gmt":"2025-06-23T19:02:57","slug":"bougie-magique-seduction","status":"publish","type":"product","link":"https:\/\/aromasentia.com\/fr\/bougie-magique-seduction\/","title":{"rendered":"Bougie Magique &#8211; S\u00e9duction"},"content":{"rendered":"<p><strong><span style=\"color: rgb(75, 80, 88);\">Bougie en cire de soja avec pierres pr\u00e9cieuses MIXTES &amp; YLANG YLANG &amp; PATCHOULI&nbsp;<\/span><\/strong><\/p>\n<p><strong><span style=\"color: rgb(75, 80, 88);\">A quoi sert votre Bougie Magique &#8211; S\u00e9duction ?<\/span><\/strong>&nbsp;<\/p>\n<p>&#8211; Pour enflammer la passion, l&rsquo;attrait et l&rsquo;attraction magn\u00e9tique.&nbsp;<\/p>\n<p>&#8211; Pour \u00e9veiller votre sensualit\u00e9, renforcer votre charisme et cr\u00e9er une aura irr\u00e9sistible.&nbsp;<\/p>\n<p>Dans cette bougie, vous d\u00e9couvrirez un m\u00e9lange exquis de pierres pr\u00e9cieuses connues pour leur capacit\u00e9 \u00e0 exacerber la passion et \u00e0 attirer l&rsquo;amour. Le parfum envo\u00fbtant de l&rsquo;<strong>ylang-ylang et du patchouli<\/strong>, connus pour leurs propri\u00e9t\u00e9s aphrodisiaques et leur capacit\u00e9 \u00e0 renforcer la sensualit\u00e9 et l&rsquo;attirance, remplit l&rsquo;air, cr\u00e9ant une ambiance qui exsude l&rsquo;allure, la passion et le magn\u00e9tisme. Il s&rsquo;agit de bougies <strong>en cire de soja<\/strong>. L&rsquo;avantage de la cire de soja est qu&rsquo;elle poss\u00e8de d&rsquo;excellentes qualit\u00e9s de r\u00e9tention des parfums et qu&rsquo;elle les diffuse de mani\u00e8re homog\u00e8ne tout au long de la combustion.&nbsp;<\/p>\n<p>Les bougies au soja br\u00fblent plus proprement, plus froidement et durent plus longtemps que les bougies \u00e0 la paraffine. Elles laissent peu de r\u00e9sidus de cire.&nbsp;<\/p>\n<p><strong><span style=\"color: rgb(75, 80, 88);\">Comment utiliser votre bougie magique :&nbsp;<\/span><\/strong>Tout d&rsquo;abord, choisissez la bougie ou la combinaison de bougies qui repr\u00e9sente les choses que vous d\u00e9sirez le plus dans votre vie. Cr\u00e9ez un espace dans votre maison et commencez \u00e0 cr\u00e9er un mini sanctuaire pour vos d\u00e9sirs. Disposez votre bougie avec des objets personnels dans sa lumi\u00e8re, des photos, des bijoux et des pierres pr\u00e9cieuses. N&rsquo;allumez pas la bougie imm\u00e9diatement. Laissez-la reposer en paix.&nbsp;<\/p>\n<p>Vous saurez quand le moment sera venu d\u2019allumer la flamme. Asseyez-vous paisiblement avec votre flamme et utilisez le temps pour la m\u00e9ditation et la r\u00e9flexion. Lorsque la bougie est \u00e9teinte et la flamme \u00e9teinte, vous pouvez nettoyer les r\u00e9sidus de cire \u00e0 l&rsquo;eau chaude et r\u00e9cup\u00e9rer les pierres pr\u00e9cieuses que vous trouverez. Gardez-les sur vous pour prolonger la magie.&nbsp;<\/p>\n<p>Pour un bon karma, le tube de bougie en verre doit \u00eatre recycl\u00e9 et r\u00e9utilis\u00e9. Par exemple. pour le stockage ou pour contenir une fleur.&nbsp;<\/p>\n<p>* Dur\u00e9e de combustion : 50 heures &#8211; Bougie en cire de soja * Poids : 280g H : 20 cm P : 5 cm&nbsp;<\/p>\n<p>Con&ccedil;u en Espagne, fabriqu\u00e9 en Chine.&nbsp;<\/p>\n<p><strong><span style=\"color: rgb(141, 186, 216);\">Commandez maintenant et envo\u00fbtez vos clients avec ces bougies magiques.<\/span><\/strong><\/p>\n","protected":false},"excerpt":{"rendered":"<p>Bougie en cire de soja avec pierres pr\u00e9cieuses MIXTES &amp; YLANG YLANG &amp; PATCHOULI&nbsp; A quoi sert votre Bougie Magique &#8211; S\u00e9duction ?&nbsp; &#8211; Pour enflammer la passion, l&rsquo;attrait et l&rsquo;attraction magn\u00e9tique.&nbsp; &#8211; Pour \u00e9veiller votre sensualit\u00e9, renforcer votre charisme et cr\u00e9er une aura irr\u00e9sistible.&nbsp; Dans cette bougie, vous d\u00e9couvrirez un m\u00e9lange exquis de pierres [&hellip;]<\/p>\n","protected":false},"featured_media":308121,"comment_status":"closed","ping_status":"open","template":"","meta":{"_angie_page":false},"product_brand":[],"product_cat":[17461,20263,19988],"product_tag":[],"class_list":{"0":"post-236600","1":"product","2":"type-product","3":"status-publish","4":"has-post-thumbnail","6":"product_cat-bougeoirs-et-bougies","7":"product_cat-bougies-lithotherapie","8":"product_cat-bougies-parfumees","9":"pa_collection-magic-spell-candles-fr","10":"pa_made-in-chine","12":"first","13":"instock","14":"purchasable","15":"product-type-simple"},"supplier_id":null,"supplier_sku":"MSC-12","barcode":null,"atum_controlled":true,"out_stock_date":null,"out_stock_threshold":null,"inheritable":false,"inbound_stock":null,"stock_on_hold":0,"sold_today":0,"sales_last_days":0,"reserved_stock":null,"customer_returns":null,"warehouse_damage":null,"lost_in_post":null,"other_logs":null,"out_stock_days":0,"lost_sales":0,"has_location":null,"update_date":"2026-05-04T00:03:58","atum_locations":[],"atum_stock_status":"instock","restock_status":false,"low_stock_amount":"","sales_update_date":"2025-09-05T00:21:50","calc_backorders":null,"_links":{"self":[{"href":"https:\/\/aromasentia.com\/fr\/wp-json\/wp\/v2\/product\/236600","targetHints":{"allow":["GET"]}}],"collection":[{"href":"https:\/\/aromasentia.com\/fr\/wp-json\/wp\/v2\/product"}],"about":[{"href":"https:\/\/aromasentia.com\/fr\/wp-json\/wp\/v2\/types\/product"}],"replies":[{"embeddable":true,"href":"https:\/\/aromasentia.com\/fr\/wp-json\/wp\/v2\/comments?post=236600"}],"version-history":[{"count":0,"href":"https:\/\/aromasentia.com\/fr\/wp-json\/wp\/v2\/product\/236600\/revisions"}],"wp:featuredmedia":[{"embeddable":true,"href":"https:\/\/aromasentia.com\/fr\/wp-json\/wp\/v2\/media\/308121"}],"wp:attachment":[{"href":"https:\/\/aromasentia.com\/fr\/wp-json\/wp\/v2\/media?parent=236600"}],"wp:term":[{"taxonomy":"product_brand","embeddable":true,"href":"https:\/\/aromasentia.com\/fr\/wp-json\/wp\/v2\/product_brand?post=236600"},{"taxonomy":"product_cat","embeddable":true,"href":"https:\/\/aromasentia.com\/fr\/wp-json\/wp\/v2\/product_cat?post=236600"},{"taxonomy":"product_tag","embeddable":true,"href":"https:\/\/aromasentia.com\/fr\/wp-json\/wp\/v2\/product_tag?post=236600"}],"curies":[{"name":"wp","href":"https:\/\/api.w.org\/{rel}","templated":true}]}}