{"id":236592,"date":"2025-03-21T11:28:36","date_gmt":"2025-03-21T11:28:36","guid":{"rendered":"https:\/\/aromasentia.com\/product\/magic-spell-candle-confidence\/"},"modified":"2025-06-23T19:02:56","modified_gmt":"2025-06-23T19:02:56","slug":"bougie-magique-confiance","status":"publish","type":"product","link":"https:\/\/aromasentia.com\/fr\/bougie-magique-confiance\/","title":{"rendered":"Bougie Magique &#8211; Confiance"},"content":{"rendered":"<p><strong><span style=\"color: rgb(75, 80, 88);\">Bougie en cire de soja avec pierres pr\u00e9cieuses \u0153IL DE TIGRE &amp; CANNELLE<\/span><\/strong>&nbsp;<\/p>\n<p>A quoi sert votre Bougie Magique &#8211; Confiance ?&nbsp;<\/p>\n<p>&#8211; Pour enflammer l&rsquo;assurance, renforcer votre esprit et rayonner un sens in\u00e9branlable de la confiance.&nbsp;<\/p>\n<p>&#8211; Pour stimuler votre estime de soi, renforcer votre force int\u00e9rieure et inspirer un \u00e9tat d&rsquo;esprit audacieux et sans peur. Dans la bougie, vous d\u00e9couvrirez un v\u00e9ritable \u0153il de tigre, connu comme la pierre du courage et de la protection, qui favorise la force int\u00e9rieure, la r\u00e9silience et la confiance en soi.&nbsp;<\/p>\n<p>Le parfum chaud et \u00e9pic\u00e9 de la <strong>cannelle<\/strong>, connue pour ses propri\u00e9t\u00e9s revigorantes et stimulantes, remplira l&rsquo;air, cr\u00e9ant une atmosph\u00e8re qui enflamme le courage, la d\u00e9termination et la confiance en soi. Il s&rsquo;agit de bougies en <strong>cire de soja<\/strong>.&nbsp;<\/p>\n<p>L&rsquo;avantage de la cire de soja est qu&rsquo;elle a d&rsquo;excellentes qualit\u00e9s de r\u00e9tention du parfum et qu&rsquo;elle le lib\u00e8re de mani\u00e8re uniforme tout au long de la combustion.&nbsp;<\/p>\n<p>Les bougies au soja br\u00fblent plus proprement, plus froidement et durent plus longtemps que les bougies \u00e0 la paraffine. Elles laissent peu de r\u00e9sidus de cire.&nbsp;<\/p>\n<p><strong><span style=\"color: rgb(75, 80, 88);\">Comment utiliser votre bougie magique :<\/span><\/strong> Tout d\u2019abord, s\u00e9lectionnez la bougie ou la combinaison de bougies qui repr\u00e9sentent les choses que vous d\u00e9sirez le plus dans votre vie.&nbsp;<\/p>\n<p>Cr\u00e9ez un espace dans votre maison et entreprenez de cr\u00e9er un mini sanctuaire selon vos envies. Disposez votre bougie avec des objets personnels dans sa lumi\u00e8re, des images, des bijoux et des pierres pr\u00e9cieuses. N&rsquo;allumez pas la bougie imm\u00e9diatement. Laissez-le reposer en paix. Vous saurez quand le moment sera venu d\u2019allumer la flamme.&nbsp;<\/p>\n<p>Asseyez-vous paisiblement avec votre flamme et utilisez le temps pour la m\u00e9ditation et la r\u00e9flexion. Lorsque la bougie est \u00e9teinte et la flamme \u00e9teinte, vous pouvez nettoyer les r\u00e9sidus de cire \u00e0 l&rsquo;eau chaude et r\u00e9cup\u00e9rer les pierres pr\u00e9cieuses que vous trouverez. Gardez-les sur vous pour prolonger la magie.<\/p>\n<p>Pour un bon karma, le tube de bougie en verre doit \u00eatre recycl\u00e9 et r\u00e9utilis\u00e9. Par exemple. pour le stockage ou pour contenir une fleur.&nbsp;<\/p>\n<p><strong><span style=\"color: rgb(75, 80, 88);\">* Dur\u00e9e de combustion : 50 heures &#8211; Bougie en cire de soja * Poids : 280g H : 20 cm P : 5 cm&nbsp;<\/span><\/strong><\/p>\n<p>Con&ccedil;u en Espagne, fabriqu\u00e9 en Chine.&nbsp;<\/p>\n<p><strong><span style=\"color: rgb(141, 186, 216);\">Commandez maintenant et envo\u00fbtez vos clients avec ces bougies magiques.<\/span><\/strong><\/p>\n","protected":false},"excerpt":{"rendered":"<p>Bougie en cire de soja avec pierres pr\u00e9cieuses \u0153IL DE TIGRE &amp; CANNELLE&nbsp; A quoi sert votre Bougie Magique &#8211; Confiance ?&nbsp; &#8211; Pour enflammer l&rsquo;assurance, renforcer votre esprit et rayonner un sens in\u00e9branlable de la confiance.&nbsp; &#8211; Pour stimuler votre estime de soi, renforcer votre force int\u00e9rieure et inspirer un \u00e9tat d&rsquo;esprit audacieux et [&hellip;]<\/p>\n","protected":false},"featured_media":308087,"comment_status":"closed","ping_status":"open","template":"","meta":{"_angie_page":false},"product_brand":[],"product_cat":[17461,20263,19988],"product_tag":[],"class_list":{"0":"post-236592","1":"product","2":"type-product","3":"status-publish","4":"has-post-thumbnail","6":"product_cat-bougeoirs-et-bougies","7":"product_cat-bougies-lithotherapie","8":"product_cat-bougies-parfumees","9":"pa_collection-magic-spell-candles-fr","10":"pa_made-in-chine","12":"first","13":"instock","14":"purchasable","15":"product-type-simple"},"supplier_id":null,"supplier_sku":"MSC-09","barcode":null,"atum_controlled":true,"out_stock_date":null,"out_stock_threshold":null,"inheritable":false,"inbound_stock":null,"stock_on_hold":0,"sold_today":0,"sales_last_days":0,"reserved_stock":null,"customer_returns":null,"warehouse_damage":null,"lost_in_post":null,"other_logs":null,"out_stock_days":0,"lost_sales":0,"has_location":null,"update_date":"2026-04-27T07:14:08","atum_locations":[],"atum_stock_status":"instock","restock_status":false,"low_stock_amount":"","sales_update_date":"2025-09-05T00:21:49","calc_backorders":null,"_links":{"self":[{"href":"https:\/\/aromasentia.com\/fr\/wp-json\/wp\/v2\/product\/236592","targetHints":{"allow":["GET"]}}],"collection":[{"href":"https:\/\/aromasentia.com\/fr\/wp-json\/wp\/v2\/product"}],"about":[{"href":"https:\/\/aromasentia.com\/fr\/wp-json\/wp\/v2\/types\/product"}],"replies":[{"embeddable":true,"href":"https:\/\/aromasentia.com\/fr\/wp-json\/wp\/v2\/comments?post=236592"}],"version-history":[{"count":0,"href":"https:\/\/aromasentia.com\/fr\/wp-json\/wp\/v2\/product\/236592\/revisions"}],"wp:featuredmedia":[{"embeddable":true,"href":"https:\/\/aromasentia.com\/fr\/wp-json\/wp\/v2\/media\/308087"}],"wp:attachment":[{"href":"https:\/\/aromasentia.com\/fr\/wp-json\/wp\/v2\/media?parent=236592"}],"wp:term":[{"taxonomy":"product_brand","embeddable":true,"href":"https:\/\/aromasentia.com\/fr\/wp-json\/wp\/v2\/product_brand?post=236592"},{"taxonomy":"product_cat","embeddable":true,"href":"https:\/\/aromasentia.com\/fr\/wp-json\/wp\/v2\/product_cat?post=236592"},{"taxonomy":"product_tag","embeddable":true,"href":"https:\/\/aromasentia.com\/fr\/wp-json\/wp\/v2\/product_tag?post=236592"}],"curies":[{"name":"wp","href":"https:\/\/api.w.org\/{rel}","templated":true}]}}