{"id":236584,"date":"2025-03-21T11:28:36","date_gmt":"2025-03-21T11:28:36","guid":{"rendered":"https:\/\/aromasentia.com\/product\/magic-spell-candle-success\/"},"modified":"2025-06-23T19:02:55","modified_gmt":"2025-06-23T19:02:55","slug":"bougie-magique-succes","status":"publish","type":"product","link":"https:\/\/aromasentia.com\/fr\/bougie-magique-succes\/","title":{"rendered":"Bougie Magique &#8211; Succ\u00e8s"},"content":{"rendered":"<p><strong><span style=\"color: rgb(75, 80, 88);\">Bougie en cire de soja avec pierres pr\u00e9cieuses AMETHYST et parfum LAVANDE &amp; FENOUIL&nbsp;<\/span><\/strong><\/p>\n<p>A quoi sert votre Bougie magique &#8211; Succ\u00e8s ?&nbsp;<\/p>\n<p>&#8211; Pour allumer l&rsquo;\u00e9tincelle de la r\u00e9ussite et vous propulser vers vos objectifs.&nbsp;<\/p>\n<p>&#8211; Pour attirer le succ\u00e8s, l&rsquo;abondance et la prosp\u00e9rit\u00e9 dans votre vie.&nbsp;<\/p>\n<p>Dans la bougie, vous d\u00e9couvrirez une v\u00e9ritable<strong>&nbsp;am\u00e9thyste<\/strong>, connue comme la pierre du succ\u00e8s, qui favorise la clart\u00e9 des pens\u00e9es, la force int\u00e9rieure et la croissance spirituelle.&nbsp;<\/p>\n<p>Le parfum captivant du <strong>fenouil et de la lavande<\/strong>, connu pour ses propri\u00e9t\u00e9s stimulantes et motivantes, remplira l&rsquo;air, cr\u00e9ant une atmosph\u00e8re qui inspire la concentration, la d\u00e9termination et la r\u00e9ussite, tandis que les nuances apaisantes de la lavande renforcent l&rsquo;aura de r\u00e9ussite et de positivit\u00e9. Il s&rsquo;agit de bougies en <strong>cire de soja<\/strong>. L&rsquo;avantage de la cire de soja est qu&rsquo;elle a d&rsquo;excellentes qualit\u00e9s de r\u00e9tention du parfum et qu&rsquo;elle le lib\u00e8re de mani\u00e8re uniforme tout au long de la combustion.&nbsp;<\/p>\n<p>Les bougies au soja br\u00fblent plus proprement, plus froidement et durent plus longtemps que les bougies \u00e0 la paraffine. Elles laissent peu de r\u00e9sidus de cire.&nbsp;<\/p>\n<p><strong><span style=\"color: rgb(75, 80, 88);\">Comment utiliser votre bougie magique :<\/span><\/strong> Tout d&rsquo;abord, choisissez la bougie ou la combinaison de bougies qui repr\u00e9sente les choses que vous d\u00e9sirez le plus dans votre vie.&nbsp;<\/p>\n<p>Cr\u00e9ez un espace dans votre maison et commencez \u00e0 cr\u00e9er un mini sanctuaire pour vos d\u00e9sirs. Disposez votre bougie avec des objets personnels dans sa lumi\u00e8re, des photos, des bijoux et des pierres pr\u00e9cieuses. N&rsquo;allumez pas la bougie imm\u00e9diatement. Laissez-la reposer en paix.&nbsp;<\/p>\n<p>Vous saurez quand le moment sera venu d&rsquo;allumer la flamme. Asseyez-vous paisiblement avec votre flamme et profitez-en pour m\u00e9diter et r\u00e9fl\u00e9chir.<\/p>\n<p>Pour un bon karma, le tube de bougie en verre doit \u00eatre recycl\u00e9 et r\u00e9utilis\u00e9. Par exemple. pour le stockage ou pour contenir une fleur.&nbsp;<\/p>\n<p>* Dur\u00e9e de combustion : 50 heures &#8211; Bougie en cire de soja * Poids : 280g H : 20 cm P : 5 cm&nbsp;<\/p>\n<p>Con&ccedil;u en Espagne, fabriqu\u00e9 en Chine.&nbsp;<\/p>\n<p><strong><span style=\"color: rgb(141, 186, 216);\">Commandez maintenant et envo\u00fbtez vos clients avec ces bougies magiques.<\/span><\/strong><\/p>\n","protected":false},"excerpt":{"rendered":"<p>Bougie en cire de soja avec pierres pr\u00e9cieuses AMETHYST et parfum LAVANDE &amp; FENOUIL&nbsp; A quoi sert votre Bougie magique &#8211; Succ\u00e8s ?&nbsp; &#8211; Pour allumer l&rsquo;\u00e9tincelle de la r\u00e9ussite et vous propulser vers vos objectifs.&nbsp; &#8211; Pour attirer le succ\u00e8s, l&rsquo;abondance et la prosp\u00e9rit\u00e9 dans votre vie.&nbsp; Dans la bougie, vous d\u00e9couvrirez une v\u00e9ritable&nbsp;am\u00e9thyste, [&hellip;]<\/p>\n","protected":false},"featured_media":308053,"comment_status":"closed","ping_status":"open","template":"","meta":{"_angie_page":false},"product_brand":[],"product_cat":[17461,20263,19988],"product_tag":[],"class_list":{"0":"post-236584","1":"product","2":"type-product","3":"status-publish","4":"has-post-thumbnail","6":"product_cat-bougeoirs-et-bougies","7":"product_cat-bougies-lithotherapie","8":"product_cat-bougies-parfumees","9":"pa_collection-magic-spell-candles-fr","10":"pa_made-in-chine","12":"first","13":"instock","14":"purchasable","15":"product-type-simple"},"supplier_id":null,"supplier_sku":"MSC-04","barcode":null,"atum_controlled":true,"out_stock_date":null,"out_stock_threshold":null,"inheritable":false,"inbound_stock":null,"stock_on_hold":0,"sold_today":0,"sales_last_days":0,"reserved_stock":null,"customer_returns":null,"warehouse_damage":null,"lost_in_post":null,"other_logs":null,"out_stock_days":0,"lost_sales":0,"has_location":null,"update_date":"2026-05-04T00:03:58","atum_locations":[],"atum_stock_status":"instock","restock_status":false,"low_stock_amount":"","sales_update_date":"2025-09-05T00:21:49","calc_backorders":null,"_links":{"self":[{"href":"https:\/\/aromasentia.com\/fr\/wp-json\/wp\/v2\/product\/236584","targetHints":{"allow":["GET"]}}],"collection":[{"href":"https:\/\/aromasentia.com\/fr\/wp-json\/wp\/v2\/product"}],"about":[{"href":"https:\/\/aromasentia.com\/fr\/wp-json\/wp\/v2\/types\/product"}],"replies":[{"embeddable":true,"href":"https:\/\/aromasentia.com\/fr\/wp-json\/wp\/v2\/comments?post=236584"}],"version-history":[{"count":0,"href":"https:\/\/aromasentia.com\/fr\/wp-json\/wp\/v2\/product\/236584\/revisions"}],"wp:featuredmedia":[{"embeddable":true,"href":"https:\/\/aromasentia.com\/fr\/wp-json\/wp\/v2\/media\/308053"}],"wp:attachment":[{"href":"https:\/\/aromasentia.com\/fr\/wp-json\/wp\/v2\/media?parent=236584"}],"wp:term":[{"taxonomy":"product_brand","embeddable":true,"href":"https:\/\/aromasentia.com\/fr\/wp-json\/wp\/v2\/product_brand?post=236584"},{"taxonomy":"product_cat","embeddable":true,"href":"https:\/\/aromasentia.com\/fr\/wp-json\/wp\/v2\/product_cat?post=236584"},{"taxonomy":"product_tag","embeddable":true,"href":"https:\/\/aromasentia.com\/fr\/wp-json\/wp\/v2\/product_tag?post=236584"}],"curies":[{"name":"wp","href":"https:\/\/api.w.org\/{rel}","templated":true}]}}