{"id":236572,"date":"2025-03-21T11:28:36","date_gmt":"2025-03-21T11:28:36","guid":{"rendered":"https:\/\/aromasentia.com\/product\/magic-spell-candle-luck\/"},"modified":"2025-06-23T19:02:53","modified_gmt":"2025-06-23T19:02:53","slug":"bougie-magique-chance","status":"publish","type":"product","link":"https:\/\/aromasentia.com\/fr\/bougie-magique-chance\/","title":{"rendered":"Bougie Magique &#8211; Chance"},"content":{"rendered":"<p><strong><span style=\"color: rgb(75, 80, 88);\">Bougie en cire de soja avec pierres pr\u00e9cieuses AGATE NOIRE et parfum LIQUORICE&nbsp;<\/span><\/strong><\/p>\n<p>A quoi sert votre Bougie magique &#8211; Chance ?&nbsp;<\/p>\n<p>&#8211; Pour inviter la bonne fortune, la s\u00e9rendipit\u00e9 et les r\u00e9sultats positifs dans votre vie.&nbsp;<\/p>\n<p>&#8211; Pour attirer les opportunit\u00e9s, accro\u00eetre la prosp\u00e9rit\u00e9 et cr\u00e9er un flux harmonieux d&rsquo;abondance.&nbsp;<\/p>\n<p>Dans la bougie, vous d\u00e9couvrirez une v\u00e9ritable <strong>agate noire<\/strong>, connue pour porter chance, \u00e9loigner les \u00e9nergies n\u00e9gatives et favoriser la force int\u00e9rieure.&nbsp;<\/p>\n<p>Le parfum envo\u00fbtant de la <strong>r\u00e9glisse<\/strong>, connue pour ses propri\u00e9t\u00e9s stimulantes et revigorantes, remplira l&rsquo;air, cr\u00e9ant une atmosph\u00e8re qui stimule l&rsquo;\u00e9nergie positive et attire la chance. Il s&rsquo;agit de bougies en <strong>cire de soja<\/strong>. L&rsquo;avantage de la cire de soja est qu&rsquo;elle poss\u00e8de d&rsquo;excellentes qualit\u00e9s de r\u00e9tention des parfums et qu&rsquo;elle les diffuse de mani\u00e8re homog\u00e8ne tout au long de la combustion.&nbsp;<\/p>\n<p>Les bougies de soja br\u00fblent plus proprement, plus froidement et durent plus longtemps que les bougies de paraffine. Elles laissent peu de r\u00e9sidus de cire.&nbsp;<\/p>\n<p><strong><span style=\"color: rgb(75, 80, 88);\">Comment utiliser votre bougie magique :<\/span><\/strong> Tout d&rsquo;abord, choisissez la bougie ou la combinaison de bougies qui repr\u00e9sente les choses que vous d\u00e9sirez le plus dans votre vie.&nbsp;<\/p>\n<p>Cr\u00e9ez un espace dans votre maison et commencez \u00e0 cr\u00e9er un mini sanctuaire pour vos d\u00e9sirs. Disposez votre bougie avec des objets personnels dans sa lumi\u00e8re, des photos, des bijoux et des pierres pr\u00e9cieuses.&nbsp;<\/p>\n<p>N&rsquo;allumez pas la bougie imm\u00e9diatement. Laissez-la reposer en paix. Vous saurez quand le moment sera venu d&rsquo;allumer la flamme. Asseyez-vous paisiblement avec votre flamme et profitez-en pour m\u00e9diter et r\u00e9fl\u00e9chir. Lorsque la bougie est \u00e9puis\u00e9e et que la flamme s&rsquo;est consum\u00e9e, vous pouvez nettoyer les r\u00e9sidus de cire \u00e0 l&rsquo;eau chaude et les r\u00e9cup\u00e9rer.<\/p>\n<p>Pour un bon karma, le tube de bougie en verre doit \u00eatre recycl\u00e9 et r\u00e9utilis\u00e9. Par exemple. pour le stockage ou pour contenir une fleur.&nbsp;<\/p>\n<p>* Dur\u00e9e de combustion : 50 heures &#8211; Bougie en cire de soja * Poids : 280g H : 20 cm P : 5 cm&nbsp;<\/p>\n<p>Con&ccedil;u en Espagne, fabriqu\u00e9 en Chine.&nbsp;<\/p>\n<p><strong><span style=\"color: rgb(141, 186, 216);\">Commandez maintenant et envo\u00fbtez vos clients avec ces bougies magiques.<\/span><\/strong><\/p>\n","protected":false},"excerpt":{"rendered":"<p>Bougie en cire de soja avec pierres pr\u00e9cieuses AGATE NOIRE et parfum LIQUORICE&nbsp; A quoi sert votre Bougie magique &#8211; Chance ?&nbsp; &#8211; Pour inviter la bonne fortune, la s\u00e9rendipit\u00e9 et les r\u00e9sultats positifs dans votre vie.&nbsp; &#8211; Pour attirer les opportunit\u00e9s, accro\u00eetre la prosp\u00e9rit\u00e9 et cr\u00e9er un flux harmonieux d&rsquo;abondance.&nbsp; Dans la bougie, vous [&hellip;]<\/p>\n","protected":false},"featured_media":307906,"comment_status":"closed","ping_status":"open","template":"","meta":{"_angie_page":false},"product_brand":[],"product_cat":[17461,20263,19988],"product_tag":[],"class_list":{"0":"post-236572","1":"product","2":"type-product","3":"status-publish","4":"has-post-thumbnail","6":"product_cat-bougeoirs-et-bougies","7":"product_cat-bougies-lithotherapie","8":"product_cat-bougies-parfumees","9":"pa_collection-magic-spell-candles-fr","10":"pa_made-in-chine","12":"first","13":"instock","14":"purchasable","15":"product-type-simple"},"supplier_id":null,"supplier_sku":"MSC-08","barcode":null,"atum_controlled":true,"out_stock_date":null,"out_stock_threshold":null,"inheritable":false,"inbound_stock":null,"stock_on_hold":0,"sold_today":0,"sales_last_days":0,"reserved_stock":null,"customer_returns":null,"warehouse_damage":null,"lost_in_post":null,"other_logs":null,"out_stock_days":0,"lost_sales":0,"has_location":null,"update_date":"2026-05-04T00:03:58","atum_locations":[],"atum_stock_status":"instock","restock_status":false,"low_stock_amount":"","sales_update_date":"2025-09-05T00:21:48","calc_backorders":null,"_links":{"self":[{"href":"https:\/\/aromasentia.com\/fr\/wp-json\/wp\/v2\/product\/236572","targetHints":{"allow":["GET"]}}],"collection":[{"href":"https:\/\/aromasentia.com\/fr\/wp-json\/wp\/v2\/product"}],"about":[{"href":"https:\/\/aromasentia.com\/fr\/wp-json\/wp\/v2\/types\/product"}],"replies":[{"embeddable":true,"href":"https:\/\/aromasentia.com\/fr\/wp-json\/wp\/v2\/comments?post=236572"}],"version-history":[{"count":0,"href":"https:\/\/aromasentia.com\/fr\/wp-json\/wp\/v2\/product\/236572\/revisions"}],"wp:featuredmedia":[{"embeddable":true,"href":"https:\/\/aromasentia.com\/fr\/wp-json\/wp\/v2\/media\/307906"}],"wp:attachment":[{"href":"https:\/\/aromasentia.com\/fr\/wp-json\/wp\/v2\/media?parent=236572"}],"wp:term":[{"taxonomy":"product_brand","embeddable":true,"href":"https:\/\/aromasentia.com\/fr\/wp-json\/wp\/v2\/product_brand?post=236572"},{"taxonomy":"product_cat","embeddable":true,"href":"https:\/\/aromasentia.com\/fr\/wp-json\/wp\/v2\/product_cat?post=236572"},{"taxonomy":"product_tag","embeddable":true,"href":"https:\/\/aromasentia.com\/fr\/wp-json\/wp\/v2\/product_tag?post=236572"}],"curies":[{"name":"wp","href":"https:\/\/api.w.org\/{rel}","templated":true}]}}