{"id":236568,"date":"2025-03-21T11:28:36","date_gmt":"2025-03-21T11:28:36","guid":{"rendered":"https:\/\/aromasentia.com\/product\/magic-spell-candle-balance\/"},"modified":"2025-06-23T19:02:53","modified_gmt":"2025-06-23T19:02:53","slug":"bougie-magique-equilibre","status":"publish","type":"product","link":"https:\/\/aromasentia.com\/fr\/bougie-magique-equilibre\/","title":{"rendered":"Bougie Magique &#8211; \u00c9quilibre"},"content":{"rendered":"<p><strong>Bougie en cire de soja avec pierres pr\u00e9cieuses AGATE NOIRE &amp; JASPE BLANC et YLANG YLANG&nbsp;<\/strong><\/p>\n<p>A quoi sert votre Bougie Magique &#8211; Equilibre ?&nbsp;<\/p>\n<p>&#8211; Pour r\u00e9tablir l&rsquo;harmonie, l&rsquo;\u00e9quilibre et la paix int\u00e9rieure.&nbsp;<\/p>\n<p>&#8211; Pour vous aider \u00e0 trouver la stabilit\u00e9, \u00e0 adopter la pleine conscience et \u00e0 cultiver un sentiment de bien-\u00eatre g\u00e9n\u00e9ral.&nbsp;<\/p>\n<p>La bougie contient de l&rsquo;<strong>agate noire<\/strong> authentique qui favorise la force int\u00e9rieure, la protection et l&rsquo;\u00e9quilibre, tandis que le<strong>&nbsp;jaspe blanc<\/strong> favorise la stabilit\u00e9, le calme et le bien-\u00eatre g\u00e9n\u00e9ral.&nbsp;<\/p>\n<p>Le <strong>parfum aromatique de l&rsquo;ylang-ylang<\/strong>, connu pour ses propri\u00e9t\u00e9s calmantes et \u00e9quilibrantes, remplira l&rsquo;air, cr\u00e9ant une ambiance qui favorise la relaxation, la s\u00e9r\u00e9nit\u00e9 et l&rsquo;harmonie int\u00e9rieure. Il s&rsquo;agit de bougies<strong>&nbsp;en cire de soja.&nbsp;<\/strong><\/p>\n<p>L&rsquo;avantage de la cire de soja est qu&rsquo;elle a d&rsquo;excellentes qualit\u00e9s de r\u00e9tention du parfum et qu&rsquo;elle le diffuse uniform\u00e9ment tout au long de la combustion. Les bougies de soja br\u00fblent plus proprement, plus froidement et durent plus longtemps que les bougies de paraffine. Elles laissent peu de r\u00e9sidus de cire.<\/p>\n<p><strong><span style=\"color: rgb(75, 80, 88);\">Comment utiliser votre bougie magique :<\/span><\/strong> Tout d\u2019abord, s\u00e9lectionnez la bougie ou la combinaison de bougies qui repr\u00e9sentent les choses que vous d\u00e9sirez le plus dans votre vie.&nbsp;<\/p>\n<p>Cr\u00e9ez un espace dans votre maison et entreprenez de cr\u00e9er un mini sanctuaire selon vos envies. Disposez votre bougie avec des objets personnels dans sa lumi\u00e8re, des images, des bijoux et des pierres pr\u00e9cieuses. N&rsquo;allumez pas la bougie imm\u00e9diatement. Laissez-le reposer en paix. Vous saurez quand le moment sera venu d\u2019allumer la flamme.&nbsp;<\/p>\n<p>Asseyez-vous paisiblement avec votre flamme et utilisez le temps pour la m\u00e9ditation et la r\u00e9flexion. Lorsque la bougie est \u00e9teinte et la flamme \u00e9teinte, vous pouvez nettoyer les r\u00e9sidus de cire \u00e0 l&rsquo;eau chaude et r\u00e9cup\u00e9rer les pierres pr\u00e9cieuses que vous trouverez. Gardez-les sur vous pour prolonger la magie.<\/p>\n<p>Pour un bon karma, le tube de bougie en verre doit \u00eatre recycl\u00e9 et r\u00e9utilis\u00e9. Par exemple. pour le stockage ou pour contenir une fleur.&nbsp;<\/p>\n<p><strong><span style=\"color: rgb(75, 80, 88);\">* Dur\u00e9e de combustion : 50 heures &#8211; Bougie en cire de soja * Poids : 280g H : 20 cm P : 5 cm&nbsp;<\/span><\/strong><\/p>\n<p>Con&ccedil;u en Espagne, fabriqu\u00e9 en Chine.&nbsp;<\/p>\n<p><strong><span style=\"color: rgb(141, 186, 216);\">Commandez maintenant et envo\u00fbtez vos clients avec ces bougies magiques.<\/span><\/strong><\/p>\n","protected":false},"excerpt":{"rendered":"<p>Bougie en cire de soja avec pierres pr\u00e9cieuses AGATE NOIRE &amp; JASPE BLANC et YLANG YLANG&nbsp; A quoi sert votre Bougie Magique &#8211; Equilibre ?&nbsp; &#8211; Pour r\u00e9tablir l&rsquo;harmonie, l&rsquo;\u00e9quilibre et la paix int\u00e9rieure.&nbsp; &#8211; Pour vous aider \u00e0 trouver la stabilit\u00e9, \u00e0 adopter la pleine conscience et \u00e0 cultiver un sentiment de bien-\u00eatre g\u00e9n\u00e9ral.&nbsp; [&hellip;]<\/p>\n","protected":false},"featured_media":307841,"comment_status":"closed","ping_status":"open","template":"","meta":{"_angie_page":false},"product_brand":[],"product_cat":[17461,20263,19988],"product_tag":[],"class_list":{"0":"post-236568","1":"product","2":"type-product","3":"status-publish","4":"has-post-thumbnail","6":"product_cat-bougeoirs-et-bougies","7":"product_cat-bougies-lithotherapie","8":"product_cat-bougies-parfumees","9":"pa_collection-magic-spell-candles-fr","10":"pa_made-in-chine","12":"first","13":"instock","14":"purchasable","15":"product-type-simple"},"supplier_id":null,"supplier_sku":"MSC-07","barcode":null,"atum_controlled":true,"out_stock_date":null,"out_stock_threshold":null,"inheritable":false,"inbound_stock":null,"stock_on_hold":0,"sold_today":0,"sales_last_days":0,"reserved_stock":null,"customer_returns":null,"warehouse_damage":null,"lost_in_post":null,"other_logs":null,"out_stock_days":0,"lost_sales":0,"has_location":null,"update_date":"2026-05-04T00:03:58","atum_locations":[],"atum_stock_status":"instock","restock_status":false,"low_stock_amount":"","sales_update_date":"2025-09-05T00:21:48","calc_backorders":null,"_links":{"self":[{"href":"https:\/\/aromasentia.com\/fr\/wp-json\/wp\/v2\/product\/236568","targetHints":{"allow":["GET"]}}],"collection":[{"href":"https:\/\/aromasentia.com\/fr\/wp-json\/wp\/v2\/product"}],"about":[{"href":"https:\/\/aromasentia.com\/fr\/wp-json\/wp\/v2\/types\/product"}],"replies":[{"embeddable":true,"href":"https:\/\/aromasentia.com\/fr\/wp-json\/wp\/v2\/comments?post=236568"}],"version-history":[{"count":0,"href":"https:\/\/aromasentia.com\/fr\/wp-json\/wp\/v2\/product\/236568\/revisions"}],"wp:featuredmedia":[{"embeddable":true,"href":"https:\/\/aromasentia.com\/fr\/wp-json\/wp\/v2\/media\/307841"}],"wp:attachment":[{"href":"https:\/\/aromasentia.com\/fr\/wp-json\/wp\/v2\/media?parent=236568"}],"wp:term":[{"taxonomy":"product_brand","embeddable":true,"href":"https:\/\/aromasentia.com\/fr\/wp-json\/wp\/v2\/product_brand?post=236568"},{"taxonomy":"product_cat","embeddable":true,"href":"https:\/\/aromasentia.com\/fr\/wp-json\/wp\/v2\/product_cat?post=236568"},{"taxonomy":"product_tag","embeddable":true,"href":"https:\/\/aromasentia.com\/fr\/wp-json\/wp\/v2\/product_tag?post=236568"}],"curies":[{"name":"wp","href":"https:\/\/api.w.org\/{rel}","templated":true}]}}