{"id":236544,"date":"2025-03-21T11:30:21","date_gmt":"2025-03-21T11:30:21","guid":{"rendered":"https:\/\/aromasentia.com\/product\/pillar-candle-80x200mm-red\/"},"modified":"2025-06-23T19:02:48","modified_gmt":"2025-06-23T19:02:48","slug":"bougie-pilier-80x200mm-rouge","status":"publish","type":"product","link":"https:\/\/aromasentia.com\/fr\/bougie-pilier-80x200mm-rouge\/","title":{"rendered":"Bougie Pilier 80x200mm &#8211; Rouge"},"content":{"rendered":"<p><strong><span style=\"color: rgb(75, 80, 88);\">Grossiste Bougies Pilier &#8211; 80&#215;200 mm<\/span><\/strong><strong><span style=\"color: rgb(75, 80, 88);\">&nbsp;&#8211; Rouge<\/span><\/strong> seront parfaites pour d\u00e9corer votre int\u00e9rieur. Elles fonctionnent bien comme d\u00e9coration de la chemin\u00e9e et aussi comme ajout romantique au d\u00eener.&nbsp;<\/p>\n<p>Ces bougies tremp\u00e9es sont fabriqu\u00e9es \u00e0 partir de cire de paraffine. Dur\u00e9e de combustion : 90 heures&nbsp;<\/p>\n<p>Remarque : veuillez lire l&rsquo;\u00e9tiquette avant utilisation.&nbsp;<\/p>\n<p><strong><span style=\"color: rgb(141, 186, 216);\">Commandez aujourd&rsquo;hui pour obtenir cet excellent vendeur tout au long de l&rsquo;ann\u00e9e.<\/span><\/strong><\/p>\n","protected":false},"excerpt":{"rendered":"<p>Grossiste Bougies Pilier &#8211; 80&#215;200 mm&nbsp;&#8211; Rouge seront parfaites pour d\u00e9corer votre int\u00e9rieur. Elles fonctionnent bien comme d\u00e9coration de la chemin\u00e9e et aussi comme ajout romantique au d\u00eener.&nbsp; Ces bougies tremp\u00e9es sont fabriqu\u00e9es \u00e0 partir de cire de paraffine. Dur\u00e9e de combustion : 90 heures&nbsp; Remarque : veuillez lire l&rsquo;\u00e9tiquette avant utilisation.&nbsp; Commandez aujourd&rsquo;hui pour [&hellip;]<\/p>\n","protected":false},"featured_media":309190,"comment_status":"closed","ping_status":"open","template":"","meta":{"_angie_page":false},"product_brand":[],"product_cat":[17461,20047],"product_tag":[],"class_list":{"0":"post-236544","1":"product","2":"type-product","3":"status-publish","4":"has-post-thumbnail","6":"product_cat-bougeoirs-et-bougies","7":"product_cat-bougies-piliers","8":"pa_collection-pillar-candle-fr","9":"pa_made-in-pologne","11":"first","12":"instock","13":"purchasable","14":"product-type-simple"},"supplier_id":null,"supplier_sku":"PC-16","barcode":null,"atum_controlled":true,"out_stock_date":null,"out_stock_threshold":null,"inheritable":false,"inbound_stock":null,"stock_on_hold":0,"sold_today":0,"sales_last_days":0,"reserved_stock":null,"customer_returns":null,"warehouse_damage":null,"lost_in_post":null,"other_logs":null,"out_stock_days":0,"lost_sales":0,"has_location":null,"update_date":"2026-04-27T07:17:45","atum_locations":[],"atum_stock_status":"instock","restock_status":false,"low_stock_amount":"","sales_update_date":"2026-01-30T01:25:41","calc_backorders":null,"_links":{"self":[{"href":"https:\/\/aromasentia.com\/fr\/wp-json\/wp\/v2\/product\/236544","targetHints":{"allow":["GET"]}}],"collection":[{"href":"https:\/\/aromasentia.com\/fr\/wp-json\/wp\/v2\/product"}],"about":[{"href":"https:\/\/aromasentia.com\/fr\/wp-json\/wp\/v2\/types\/product"}],"replies":[{"embeddable":true,"href":"https:\/\/aromasentia.com\/fr\/wp-json\/wp\/v2\/comments?post=236544"}],"version-history":[{"count":0,"href":"https:\/\/aromasentia.com\/fr\/wp-json\/wp\/v2\/product\/236544\/revisions"}],"wp:featuredmedia":[{"embeddable":true,"href":"https:\/\/aromasentia.com\/fr\/wp-json\/wp\/v2\/media\/309190"}],"wp:attachment":[{"href":"https:\/\/aromasentia.com\/fr\/wp-json\/wp\/v2\/media?parent=236544"}],"wp:term":[{"taxonomy":"product_brand","embeddable":true,"href":"https:\/\/aromasentia.com\/fr\/wp-json\/wp\/v2\/product_brand?post=236544"},{"taxonomy":"product_cat","embeddable":true,"href":"https:\/\/aromasentia.com\/fr\/wp-json\/wp\/v2\/product_cat?post=236544"},{"taxonomy":"product_tag","embeddable":true,"href":"https:\/\/aromasentia.com\/fr\/wp-json\/wp\/v2\/product_tag?post=236544"}],"curies":[{"name":"wp","href":"https:\/\/api.w.org\/{rel}","templated":true}]}}