{"id":236496,"date":"2025-03-21T11:30:21","date_gmt":"2025-03-21T11:30:21","guid":{"rendered":"https:\/\/aromasentia.com\/product\/set-of-pillar-candles-40x80mm-4-pieces-red\/"},"modified":"2025-06-23T19:02:43","modified_gmt":"2025-06-23T19:02:43","slug":"set-de-4-bougies-pilier-40x80mm-rouge","status":"publish","type":"product","link":"https:\/\/aromasentia.com\/fr\/set-de-4-bougies-pilier-40x80mm-rouge\/","title":{"rendered":"Set de 4 Bougies Pilier 40x80mm &#8211; Rouge"},"content":{"rendered":"<p><strong><span style=\"color: rgb(75, 80, 88);\">Les Bougies Pilier 40&#215;80 mm Rouge<\/span><\/strong> seront parfaites pour d\u00e9corer votre int\u00e9rieur. Elles fonctionnent bien comme d\u00e9coration de la chemin\u00e9e et aussi comme ajout romantique au d\u00eener.&nbsp;<\/p>\n<p>Ces bougies tremp\u00e9es sont disponibles en 2 couleurs.&nbsp;<\/p>\n<p><strong><span style=\"color: rgb(141, 186, 216);\">Dur\u00e9e de combustion : 9h&nbsp;<\/span><\/strong><\/p>\n<p>NB : Veuillez lire l&rsquo;\u00e9tiquette avant utilisation.<\/p>\n","protected":false},"excerpt":{"rendered":"<p>Les Bougies Pilier 40&#215;80 mm Rouge seront parfaites pour d\u00e9corer votre int\u00e9rieur. Elles fonctionnent bien comme d\u00e9coration de la chemin\u00e9e et aussi comme ajout romantique au d\u00eener.&nbsp; Ces bougies tremp\u00e9es sont disponibles en 2 couleurs.&nbsp; Dur\u00e9e de combustion : 9h&nbsp; NB : Veuillez lire l&rsquo;\u00e9tiquette avant utilisation.<\/p>\n","protected":false},"featured_media":308522,"comment_status":"closed","ping_status":"open","template":"","meta":{"_angie_page":false},"product_brand":[],"product_cat":[17461,20047],"product_tag":[],"class_list":{"0":"post-236496","1":"product","2":"type-product","3":"status-publish","4":"has-post-thumbnail","6":"product_cat-bougeoirs-et-bougies","7":"product_cat-bougies-piliers","8":"pa_collection-pillar-candle-fr","9":"pa_made-in-pologne","11":"first","12":"instock","13":"purchasable","14":"product-type-simple"},"supplier_id":null,"supplier_sku":"PC-04","barcode":null,"atum_controlled":true,"out_stock_date":null,"out_stock_threshold":null,"inheritable":false,"inbound_stock":null,"stock_on_hold":0,"sold_today":0,"sales_last_days":0,"reserved_stock":null,"customer_returns":null,"warehouse_damage":null,"lost_in_post":null,"other_logs":null,"out_stock_days":0,"lost_sales":0,"has_location":null,"update_date":"2026-04-27T07:17:35","atum_locations":[],"atum_stock_status":"instock","restock_status":false,"low_stock_amount":"","sales_update_date":"2026-01-30T01:24:40","calc_backorders":null,"_links":{"self":[{"href":"https:\/\/aromasentia.com\/fr\/wp-json\/wp\/v2\/product\/236496","targetHints":{"allow":["GET"]}}],"collection":[{"href":"https:\/\/aromasentia.com\/fr\/wp-json\/wp\/v2\/product"}],"about":[{"href":"https:\/\/aromasentia.com\/fr\/wp-json\/wp\/v2\/types\/product"}],"replies":[{"embeddable":true,"href":"https:\/\/aromasentia.com\/fr\/wp-json\/wp\/v2\/comments?post=236496"}],"version-history":[{"count":0,"href":"https:\/\/aromasentia.com\/fr\/wp-json\/wp\/v2\/product\/236496\/revisions"}],"wp:featuredmedia":[{"embeddable":true,"href":"https:\/\/aromasentia.com\/fr\/wp-json\/wp\/v2\/media\/308522"}],"wp:attachment":[{"href":"https:\/\/aromasentia.com\/fr\/wp-json\/wp\/v2\/media?parent=236496"}],"wp:term":[{"taxonomy":"product_brand","embeddable":true,"href":"https:\/\/aromasentia.com\/fr\/wp-json\/wp\/v2\/product_brand?post=236496"},{"taxonomy":"product_cat","embeddable":true,"href":"https:\/\/aromasentia.com\/fr\/wp-json\/wp\/v2\/product_cat?post=236496"},{"taxonomy":"product_tag","embeddable":true,"href":"https:\/\/aromasentia.com\/fr\/wp-json\/wp\/v2\/product_tag?post=236496"}],"curies":[{"name":"wp","href":"https:\/\/api.w.org\/{rel}","templated":true}]}}