{"id":236484,"date":"2025-03-21T11:30:21","date_gmt":"2025-03-21T11:30:21","guid":{"rendered":"https:\/\/aromasentia.com\/product\/set-of-pillar-candles-40x60mm-4-pieces-ivory\/"},"modified":"2025-06-23T19:02:40","modified_gmt":"2025-06-23T19:02:40","slug":"set-de-4-bougies-pilier-40x60mm-ivoire","status":"publish","type":"product","link":"https:\/\/aromasentia.com\/fr\/set-de-4-bougies-pilier-40x60mm-ivoire\/","title":{"rendered":"Set de 4 Bougies Pilier 40x60mm &#8211; Ivoire"},"content":{"rendered":"<p><strong><span style=\"color: rgb(75, 80, 88);\">Les Bougies Pilier Ivoire<\/span><\/strong> seront parfaites pour d\u00e9corer votre int\u00e9rieur. Elles fonctionnent bien comme d\u00e9coration de la chemin\u00e9e et aussi comme ajout romantique au d\u00eener. Ces bougies tremp\u00e9es sont disponibles en 2 couleurs.&nbsp;<\/p>\n<p>Dur\u00e9e de combustion : 7h&nbsp;<\/p>\n<p>Tailles des Bougies : H : 5,5 D : 3,5 cm&nbsp;<\/p>\n<p><strong><span style=\"color: rgb(141, 186, 216);\">NB : Veuillez lire l&rsquo;\u00e9tiquette avant utilisation.<\/span><\/strong><\/p>\n","protected":false},"excerpt":{"rendered":"<p>Les Bougies Pilier Ivoire seront parfaites pour d\u00e9corer votre int\u00e9rieur. Elles fonctionnent bien comme d\u00e9coration de la chemin\u00e9e et aussi comme ajout romantique au d\u00eener. Ces bougies tremp\u00e9es sont disponibles en 2 couleurs.&nbsp; Dur\u00e9e de combustion : 7h&nbsp; Tailles des Bougies : H : 5,5 D : 3,5 cm&nbsp; NB : Veuillez lire l&rsquo;\u00e9tiquette avant [&hellip;]<\/p>\n","protected":false},"featured_media":308375,"comment_status":"closed","ping_status":"open","template":"","meta":{"_angie_page":false},"product_brand":[],"product_cat":[17461,20047],"product_tag":[],"class_list":{"0":"post-236484","1":"product","2":"type-product","3":"status-publish","4":"has-post-thumbnail","6":"product_cat-bougeoirs-et-bougies","7":"product_cat-bougies-piliers","8":"pa_collection-pillar-candle-fr","9":"pa_made-in-pologne","11":"first","12":"instock","13":"purchasable","14":"product-type-simple"},"supplier_id":null,"supplier_sku":"PC-01","barcode":null,"atum_controlled":true,"out_stock_date":null,"out_stock_threshold":null,"inheritable":false,"inbound_stock":null,"stock_on_hold":0,"sold_today":0,"sales_last_days":0,"reserved_stock":null,"customer_returns":null,"warehouse_damage":null,"lost_in_post":null,"other_logs":null,"out_stock_days":0,"lost_sales":0,"has_location":null,"update_date":"2026-04-27T07:17:35","atum_locations":[],"atum_stock_status":"instock","restock_status":false,"low_stock_amount":"","sales_update_date":"2026-01-30T01:24:46","calc_backorders":null,"_links":{"self":[{"href":"https:\/\/aromasentia.com\/fr\/wp-json\/wp\/v2\/product\/236484","targetHints":{"allow":["GET"]}}],"collection":[{"href":"https:\/\/aromasentia.com\/fr\/wp-json\/wp\/v2\/product"}],"about":[{"href":"https:\/\/aromasentia.com\/fr\/wp-json\/wp\/v2\/types\/product"}],"replies":[{"embeddable":true,"href":"https:\/\/aromasentia.com\/fr\/wp-json\/wp\/v2\/comments?post=236484"}],"version-history":[{"count":0,"href":"https:\/\/aromasentia.com\/fr\/wp-json\/wp\/v2\/product\/236484\/revisions"}],"wp:featuredmedia":[{"embeddable":true,"href":"https:\/\/aromasentia.com\/fr\/wp-json\/wp\/v2\/media\/308375"}],"wp:attachment":[{"href":"https:\/\/aromasentia.com\/fr\/wp-json\/wp\/v2\/media?parent=236484"}],"wp:term":[{"taxonomy":"product_brand","embeddable":true,"href":"https:\/\/aromasentia.com\/fr\/wp-json\/wp\/v2\/product_brand?post=236484"},{"taxonomy":"product_cat","embeddable":true,"href":"https:\/\/aromasentia.com\/fr\/wp-json\/wp\/v2\/product_cat?post=236484"},{"taxonomy":"product_tag","embeddable":true,"href":"https:\/\/aromasentia.com\/fr\/wp-json\/wp\/v2\/product_tag?post=236484"}],"curies":[{"name":"wp","href":"https:\/\/api.w.org\/{rel}","templated":true}]}}