{"id":236400,"date":"2025-03-21T11:31:49","date_gmt":"2025-03-21T11:31:49","guid":{"rendered":"https:\/\/aromasentia.com\/product\/petrified-wood-candle-holder-single-low\/"},"modified":"2025-06-23T19:02:27","modified_gmt":"2025-06-23T19:02:27","slug":"bougeoir-en-bois-petrifie-simple-bas","status":"publish","type":"product","link":"https:\/\/aromasentia.com\/fr\/bougeoir-en-bois-petrifie-simple-bas\/","title":{"rendered":"Bougeoir en Bois P\u00e9trifi\u00e9 &#8211; Simple Bas"},"content":{"rendered":"<p>Laissez vos clients cr\u00e9er une belle d\u00e9coration avec ces<strong><span style=\"color: rgb(75, 80, 88);\">&nbsp;Bougeoirs en Bois p\u00e9trifi\u00e9 en gros &#8211; Simple Bas<\/span><\/strong>. Ils sont parfaits pour cr\u00e9er une ambiance chaleureuse. Dot\u00e9 d&rsquo;un bois naturel aux tons bruns, il convient \u00e0 tout type d&rsquo;int\u00e9rieur apportant une atmosph\u00e8re agr\u00e9able et chaleureuse. Ils seraient particuli\u00e8rement beaux comme centre de table sur n&rsquo;importe quelle table.&nbsp;<\/p>\n<p>Fait \u00e0 la main avec amour en Indon\u00e9sie par des artisans habiles et donc chaque pi\u00e8ce est unique et peut \u00eatre consid\u00e9r\u00e9e comme une \u0153uvre d&rsquo;art. Vous pouvez associer ces bougeoirs avec du verre fondu sur bois pour un effet sensationnel dans votre boutique. Apportez un nouveau style aux maisons de vos clients.&nbsp;<\/p>\n<p><strong><span style=\"color: rgb(75, 80, 88);\">VEUILLEZ NOTER : En raison des mat\u00e9riaux naturels, de l\u00e9g\u00e8res variations et imperfections peuvent se produire. <\/span><\/strong><\/p>\n<p><strong><span style=\"color: rgb(141, 186, 216);\">Commandez maintenant et ravissez vos clients avec ces bougeoirs inspir\u00e9s de la nature.<\/span><\/strong><\/p>\n","protected":false},"excerpt":{"rendered":"<p>Laissez vos clients cr\u00e9er une belle d\u00e9coration avec ces&nbsp;Bougeoirs en Bois p\u00e9trifi\u00e9 en gros &#8211; Simple Bas. Ils sont parfaits pour cr\u00e9er une ambiance chaleureuse. Dot\u00e9 d&rsquo;un bois naturel aux tons bruns, il convient \u00e0 tout type d&rsquo;int\u00e9rieur apportant une atmosph\u00e8re agr\u00e9able et chaleureuse. Ils seraient particuli\u00e8rement beaux comme centre de table sur n&rsquo;importe quelle [&hellip;]<\/p>\n","protected":false},"featured_media":310037,"comment_status":"closed","ping_status":"open","template":"","meta":{"_angie_page":false},"product_brand":[],"product_cat":[25716,17460,17461,25226],"product_tag":[],"class_list":{"0":"post-236400","1":"product","2":"type-product","3":"status-publish","4":"has-post-thumbnail","6":"product_cat-bois-petrifie","7":"product_cat-bougeoirs","8":"product_cat-bougeoirs-et-bougies","9":"product_cat-pierres-et-mineraux","10":"pa_collection-petrified-wood-candle-holders-fr","11":"pa_made-in-indonesie","13":"first","14":"instock","15":"purchasable","16":"product-type-simple"},"supplier_id":null,"supplier_sku":"PetW-01","barcode":null,"atum_controlled":true,"out_stock_date":null,"out_stock_threshold":null,"inheritable":false,"inbound_stock":null,"stock_on_hold":0,"sold_today":0,"sales_last_days":0,"reserved_stock":null,"customer_returns":null,"warehouse_damage":null,"lost_in_post":null,"other_logs":null,"out_stock_days":0,"lost_sales":0,"has_location":null,"update_date":"2026-04-27T07:17:53","atum_locations":[],"atum_stock_status":"instock","restock_status":false,"low_stock_amount":"","sales_update_date":"2026-01-30T01:26:23","calc_backorders":null,"_links":{"self":[{"href":"https:\/\/aromasentia.com\/fr\/wp-json\/wp\/v2\/product\/236400","targetHints":{"allow":["GET"]}}],"collection":[{"href":"https:\/\/aromasentia.com\/fr\/wp-json\/wp\/v2\/product"}],"about":[{"href":"https:\/\/aromasentia.com\/fr\/wp-json\/wp\/v2\/types\/product"}],"replies":[{"embeddable":true,"href":"https:\/\/aromasentia.com\/fr\/wp-json\/wp\/v2\/comments?post=236400"}],"version-history":[{"count":0,"href":"https:\/\/aromasentia.com\/fr\/wp-json\/wp\/v2\/product\/236400\/revisions"}],"wp:featuredmedia":[{"embeddable":true,"href":"https:\/\/aromasentia.com\/fr\/wp-json\/wp\/v2\/media\/310037"}],"wp:attachment":[{"href":"https:\/\/aromasentia.com\/fr\/wp-json\/wp\/v2\/media?parent=236400"}],"wp:term":[{"taxonomy":"product_brand","embeddable":true,"href":"https:\/\/aromasentia.com\/fr\/wp-json\/wp\/v2\/product_brand?post=236400"},{"taxonomy":"product_cat","embeddable":true,"href":"https:\/\/aromasentia.com\/fr\/wp-json\/wp\/v2\/product_cat?post=236400"},{"taxonomy":"product_tag","embeddable":true,"href":"https:\/\/aromasentia.com\/fr\/wp-json\/wp\/v2\/product_tag?post=236400"}],"curies":[{"name":"wp","href":"https:\/\/api.w.org\/{rel}","templated":true}]}}