{"id":236320,"date":"2025-03-21T11:33:11","date_gmt":"2025-03-21T11:33:11","guid":{"rendered":"https:\/\/aromasentia.com\/product\/set-of-10-spell-candles-good-energy\/"},"modified":"2025-06-23T19:02:17","modified_gmt":"2025-06-23T19:02:17","slug":"lot-de-10-bougies-de-sortilege-bonne-energie","status":"publish","type":"product","link":"https:\/\/aromasentia.com\/fr\/lot-de-10-bougies-de-sortilege-bonne-energie\/","title":{"rendered":"Lot de 10 Bougies de Sortil\u00e8ge &#8211; Bonne Energie"},"content":{"rendered":"<p>Un ensemble de <b>10 Bougies de Sortil\u00e8ge &#8211; Bonne \u00e9nergie&nbsp;&#8211; Orange<\/b> d\u00e9di\u00e9es \u00e0 \u00eatre utilis\u00e9es lors des rituels de transformation.&nbsp;<\/p>\n<p>La magie des bougies est l&rsquo;une des m\u00e9thodes les plus simples pour soutenir la manifestation de l&rsquo;intention ou de la volont\u00e9. La bonne couleur de la bougie renforce l&rsquo;\u00e9l\u00e9ment feu, fournit une protection \u00e9nerg\u00e9tique et facilite la recherche de solutions.&nbsp;<\/p>\n<p>\u00e9crivez simplement votre intention en violet et br\u00fblez la feuille dans un r\u00e9cipient s\u00fbr.&nbsp;<\/p>\n<p>Pour que le rituel soit termin\u00e9, la bougie doit \u00eatre compl\u00e8tement br\u00fbl\u00e9e.&nbsp;<\/p>\n<p><strong><span style=\"color: rgb(75, 80, 88);\">Taille d&rsquo;une bougie : 12,5x1cm<\/span><\/strong><\/p>\n","protected":false},"excerpt":{"rendered":"<p>Un ensemble de 10 Bougies de Sortil\u00e8ge &#8211; Bonne \u00e9nergie&nbsp;&#8211; Orange d\u00e9di\u00e9es \u00e0 \u00eatre utilis\u00e9es lors des rituels de transformation.&nbsp; La magie des bougies est l&rsquo;une des m\u00e9thodes les plus simples pour soutenir la manifestation de l&rsquo;intention ou de la volont\u00e9. La bonne couleur de la bougie renforce l&rsquo;\u00e9l\u00e9ment feu, fournit une protection \u00e9nerg\u00e9tique et [&hellip;]<\/p>\n","protected":false},"featured_media":310673,"comment_status":"closed","ping_status":"open","template":"","meta":[],"product_brand":[],"product_cat":[17461],"product_tag":[],"class_list":{"0":"post-236320","1":"product","2":"type-product","3":"status-publish","4":"has-post-thumbnail","6":"product_cat-bougeoirs-et-bougies","7":"pa_made-in-inde","9":"first","10":"outofstock","11":"purchasable","12":"product-type-simple"},"supplier_id":null,"supplier_sku":"SCand-02","barcode":null,"atum_controlled":true,"out_stock_date":"2025-10-09 12:47:10","out_stock_threshold":null,"inheritable":false,"inbound_stock":null,"stock_on_hold":0,"sold_today":0,"sales_last_days":0,"reserved_stock":null,"customer_returns":null,"warehouse_damage":null,"lost_in_post":null,"other_logs":null,"out_stock_days":112,"lost_sales":0,"has_location":null,"update_date":"2026-01-30T01:25:13","atum_locations":[],"atum_stock_status":"outofstock","restock_status":false,"low_stock_amount":"","sales_update_date":"2026-01-30T01:25:13","calc_backorders":null,"_links":{"self":[{"href":"https:\/\/aromasentia.com\/fr\/wp-json\/wp\/v2\/product\/236320","targetHints":{"allow":["GET"]}}],"collection":[{"href":"https:\/\/aromasentia.com\/fr\/wp-json\/wp\/v2\/product"}],"about":[{"href":"https:\/\/aromasentia.com\/fr\/wp-json\/wp\/v2\/types\/product"}],"replies":[{"embeddable":true,"href":"https:\/\/aromasentia.com\/fr\/wp-json\/wp\/v2\/comments?post=236320"}],"version-history":[{"count":0,"href":"https:\/\/aromasentia.com\/fr\/wp-json\/wp\/v2\/product\/236320\/revisions"}],"wp:featuredmedia":[{"embeddable":true,"href":"https:\/\/aromasentia.com\/fr\/wp-json\/wp\/v2\/media\/310673"}],"wp:attachment":[{"href":"https:\/\/aromasentia.com\/fr\/wp-json\/wp\/v2\/media?parent=236320"}],"wp:term":[{"taxonomy":"product_brand","embeddable":true,"href":"https:\/\/aromasentia.com\/fr\/wp-json\/wp\/v2\/product_brand?post=236320"},{"taxonomy":"product_cat","embeddable":true,"href":"https:\/\/aromasentia.com\/fr\/wp-json\/wp\/v2\/product_cat?post=236320"},{"taxonomy":"product_tag","embeddable":true,"href":"https:\/\/aromasentia.com\/fr\/wp-json\/wp\/v2\/product_tag?post=236320"}],"curies":[{"name":"wp","href":"https:\/\/api.w.org\/{rel}","templated":true}]}}