{"id":236308,"date":"2025-03-21T11:33:11","date_gmt":"2025-03-21T11:33:11","guid":{"rendered":"https:\/\/aromasentia.com\/product\/no-4-granite-candle-holder\/"},"modified":"2025-06-23T19:02:15","modified_gmt":"2025-06-23T19:02:15","slug":"bougeoirs-anniversaire-en-granite-no-4","status":"publish","type":"product","link":"https:\/\/aromasentia.com\/fr\/bougeoirs-anniversaire-en-granite-no-4\/","title":{"rendered":"Bougeoirs anniversaire en Granite No.4"},"content":{"rendered":"<p>Incroyable bougeoirs en granite pour anniversaire ou occasion sp\u00e9ciale No.4._x000D_<br \/>\n<br \/> _x000D_<br \/>\nChaque num\u00e9ro est soigneusement fabriqu\u00e9 \u00e0 la main en Indon\u00e9sie par une petite entreprise familiale afin de leur donner cette qualit\u00e9 et un aspect cr\u00e9atif vintage._x000D_<br \/>\n<br \/> _x000D_<br \/>\nCes bougeoirs en forme de num\u00e9ros en gr\u00e8s donneront un caract\u00e8re sp\u00e9cial \u00e0 vos f\u00eates d&rsquo;anniversaire.<br \/> _x000D_<br \/>\nEn raison de leur mat\u00e9riau de qualit\u00e9, ils pourraient \u00e9galement \u00eatre utilis\u00e9s en tant que d\u00e9corations dans votre maison.<\/p>\n","protected":false},"excerpt":{"rendered":"<p>Incroyable bougeoirs en granite pour anniversaire ou occasion sp\u00e9ciale No.4._x000D_ _x000D_ Chaque num\u00e9ro est soigneusement fabriqu\u00e9 \u00e0 la main en Indon\u00e9sie par une petite entreprise familiale afin de leur donner cette qualit\u00e9 et un aspect cr\u00e9atif vintage._x000D_ _x000D_ Ces bougeoirs en forme de num\u00e9ros en gr\u00e8s donneront un caract\u00e8re sp\u00e9cial \u00e0 vos f\u00eates d&rsquo;anniversaire. _x000D_ [&hellip;]<\/p>\n","protected":false},"featured_media":310534,"comment_status":"closed","ping_status":"open","template":"","meta":[],"product_brand":[],"product_cat":[17461],"product_tag":[],"class_list":{"0":"post-236308","1":"product","2":"type-product","3":"status-publish","4":"has-post-thumbnail","6":"product_cat-bougeoirs-et-bougies","7":"pa_made-in-indonesie","9":"first","10":"instock","11":"purchasable","12":"product-type-simple"},"supplier_id":null,"supplier_sku":"SBN-04S","barcode":null,"atum_controlled":true,"out_stock_date":null,"out_stock_threshold":null,"inheritable":false,"inbound_stock":null,"stock_on_hold":0,"sold_today":0,"sales_last_days":0,"reserved_stock":null,"customer_returns":null,"warehouse_damage":null,"lost_in_post":null,"other_logs":null,"out_stock_days":0,"lost_sales":0,"has_location":null,"update_date":"2026-02-11T09:36:48","atum_locations":[],"atum_stock_status":"instock","restock_status":false,"low_stock_amount":"","sales_update_date":"2025-09-05T00:22:02","calc_backorders":null,"_links":{"self":[{"href":"https:\/\/aromasentia.com\/fr\/wp-json\/wp\/v2\/product\/236308","targetHints":{"allow":["GET"]}}],"collection":[{"href":"https:\/\/aromasentia.com\/fr\/wp-json\/wp\/v2\/product"}],"about":[{"href":"https:\/\/aromasentia.com\/fr\/wp-json\/wp\/v2\/types\/product"}],"replies":[{"embeddable":true,"href":"https:\/\/aromasentia.com\/fr\/wp-json\/wp\/v2\/comments?post=236308"}],"version-history":[{"count":0,"href":"https:\/\/aromasentia.com\/fr\/wp-json\/wp\/v2\/product\/236308\/revisions"}],"wp:featuredmedia":[{"embeddable":true,"href":"https:\/\/aromasentia.com\/fr\/wp-json\/wp\/v2\/media\/310534"}],"wp:attachment":[{"href":"https:\/\/aromasentia.com\/fr\/wp-json\/wp\/v2\/media?parent=236308"}],"wp:term":[{"taxonomy":"product_brand","embeddable":true,"href":"https:\/\/aromasentia.com\/fr\/wp-json\/wp\/v2\/product_brand?post=236308"},{"taxonomy":"product_cat","embeddable":true,"href":"https:\/\/aromasentia.com\/fr\/wp-json\/wp\/v2\/product_cat?post=236308"},{"taxonomy":"product_tag","embeddable":true,"href":"https:\/\/aromasentia.com\/fr\/wp-json\/wp\/v2\/product_tag?post=236308"}],"curies":[{"name":"wp","href":"https:\/\/api.w.org\/{rel}","templated":true}]}}