{"id":236268,"date":"2025-03-21T11:36:29","date_gmt":"2025-03-21T11:36:29","guid":{"rendered":"https:\/\/aromasentia.com\/product\/soybean-jar-candle-bamboo\/"},"modified":"2025-06-23T19:02:11","modified_gmt":"2025-06-23T19:02:11","slug":"bougie-a-la-cire-de-soja-bambou","status":"publish","type":"product","link":"https:\/\/aromasentia.com\/fr\/bougie-a-la-cire-de-soja-bambou\/","title":{"rendered":"Bougie \u00e0 la cire de soja &#8211; Bambou"},"content":{"rendered":"<p>Con&ccedil;ue pour faire un beau cadeau attentionn\u00e9, la<strong><span style=\"color: rgb(75, 80, 88);\">&nbsp;Bougie en pot de soja en Bambou<\/span><\/strong> sera un compl\u00e9ment parfait \u00e0 votre magasin. Cette bougie est fabriqu\u00e9e \u00e0 partir d&rsquo;huile de soja hydrog\u00e9n\u00e9e, ce qui signifie qu&rsquo;elle est exempte de cire synth\u00e9tique ou de paraffine.&nbsp;<\/p>\n<p>Pr\u00e9sent\u00e9e dans un gros bocal en verre recycl\u00e9, cette belle bougie peut \u00eatre r\u00e9utilis\u00e9e et est joliment emball\u00e9e avec une housse anti-poussi\u00e8re sp\u00e9ciale.&nbsp;<\/p>\n<p>Et si son bel emballage ne le vend pas \u00e0 vos clients, <strong><span style=\"color: rgb(75, 80, 88);\">son parfum aromatique de bambou<\/span><\/strong> le fera certainement.<\/p>\n<p>&nbsp;Avec cette bougie, vous pouvez am\u00e9liorer votre vie de bougie et celle de vos clients. La cire de soja est tellement plus propre et plus naturelle que les bougies \u00e0 la paraffine. Un peu plus cher mais &ccedil;a vaut le coup.&nbsp;<\/p>\n<p>Les bougies en pot de soja br\u00fblent plus proprement et plus froides et laissent un r\u00e9sidu de cire minimal. Oui, plus cher que la cire de paraffine, mais comparez notre prix de la cire de soja &#8211; fabriqu\u00e9e dans notre propre usine pour garantir la puret\u00e9 et la qualit\u00e9 &#8211; une grande valeur par rapport aux produits existants. Niveau de parfum garanti de 3 %, longue combustion et tr\u00e8s respectueux de l&rsquo;environnement.&nbsp;<\/p>\n<p><strong><span style=\"color: rgb(75, 80, 88);\">Haute qualit\u00e9, bon rapport qualit\u00e9-prix, apparence et odeur incroyables&#8230; <\/span><\/strong><\/p>\n<p>Comment vos clients pourront-ils r\u00e9sister !?&nbsp;<\/p>\n<p>* Veuillez ne pas graver la bougie en continu pendant une longue p\u00e9riode.&nbsp;<\/p>\n<p>* Assurez-vous que la m\u00e8che ne d\u00e9passe pas 5-10 mm avant d&rsquo;utiliser la bougie (coupez avant chaque utilisation si n\u00e9cessaire)&nbsp;<\/p>\n<p><strong><span style=\"color: rgb(141, 186, 216);\">Commandez aujourd&rsquo;hui pour obtenir ce beau produit dans votre magasin.<\/span><\/strong><\/p>\n","protected":false},"excerpt":{"rendered":"<p>Con&ccedil;ue pour faire un beau cadeau attentionn\u00e9, la&nbsp;Bougie en pot de soja en Bambou sera un compl\u00e9ment parfait \u00e0 votre magasin. Cette bougie est fabriqu\u00e9e \u00e0 partir d&rsquo;huile de soja hydrog\u00e9n\u00e9e, ce qui signifie qu&rsquo;elle est exempte de cire synth\u00e9tique ou de paraffine.&nbsp; Pr\u00e9sent\u00e9e dans un gros bocal en verre recycl\u00e9, cette belle bougie peut [&hellip;]<\/p>\n","protected":false},"featured_media":311350,"comment_status":"closed","ping_status":"open","template":"","meta":[],"product_brand":[],"product_cat":[17461,19989,19988],"product_tag":[],"class_list":{"0":"post-236268","1":"product","2":"type-product","3":"status-publish","4":"has-post-thumbnail","6":"product_cat-bougeoirs-et-bougies","7":"product_cat-bougies-en-cire-de-soja","8":"product_cat-bougies-parfumees","9":"pa_collection-soy-wax-jar-candle-fr","10":"pa_made-in-chine","12":"first","13":"outofstock","14":"purchasable","15":"product-type-simple"},"supplier_id":null,"supplier_sku":"SoyC-07","barcode":null,"atum_controlled":true,"out_stock_date":"2025-10-09 12:45:21","out_stock_threshold":null,"inheritable":false,"inbound_stock":null,"stock_on_hold":0,"sold_today":0,"sales_last_days":0,"reserved_stock":null,"customer_returns":null,"warehouse_damage":null,"lost_in_post":null,"other_logs":null,"out_stock_days":112,"lost_sales":0,"has_location":null,"update_date":"2026-01-30T01:25:12","atum_locations":[],"atum_stock_status":"outofstock","restock_status":false,"low_stock_amount":"","sales_update_date":"2026-01-30T01:25:12","calc_backorders":null,"_links":{"self":[{"href":"https:\/\/aromasentia.com\/fr\/wp-json\/wp\/v2\/product\/236268","targetHints":{"allow":["GET"]}}],"collection":[{"href":"https:\/\/aromasentia.com\/fr\/wp-json\/wp\/v2\/product"}],"about":[{"href":"https:\/\/aromasentia.com\/fr\/wp-json\/wp\/v2\/types\/product"}],"replies":[{"embeddable":true,"href":"https:\/\/aromasentia.com\/fr\/wp-json\/wp\/v2\/comments?post=236268"}],"version-history":[{"count":0,"href":"https:\/\/aromasentia.com\/fr\/wp-json\/wp\/v2\/product\/236268\/revisions"}],"wp:featuredmedia":[{"embeddable":true,"href":"https:\/\/aromasentia.com\/fr\/wp-json\/wp\/v2\/media\/311350"}],"wp:attachment":[{"href":"https:\/\/aromasentia.com\/fr\/wp-json\/wp\/v2\/media?parent=236268"}],"wp:term":[{"taxonomy":"product_brand","embeddable":true,"href":"https:\/\/aromasentia.com\/fr\/wp-json\/wp\/v2\/product_brand?post=236268"},{"taxonomy":"product_cat","embeddable":true,"href":"https:\/\/aromasentia.com\/fr\/wp-json\/wp\/v2\/product_cat?post=236268"},{"taxonomy":"product_tag","embeddable":true,"href":"https:\/\/aromasentia.com\/fr\/wp-json\/wp\/v2\/product_tag?post=236268"}],"curies":[{"name":"wp","href":"https:\/\/api.w.org\/{rel}","templated":true}]}}