{"id":236240,"date":"2025-03-21T11:37:00","date_gmt":"2025-03-21T11:37:00","guid":{"rendered":"https:\/\/aromasentia.com\/product\/cucumber-soy-pot-of-fragrance-candles\/"},"modified":"2025-06-23T19:02:06","modified_gmt":"2025-06-23T19:02:06","slug":"bougies-en-pot-a-la-cire-de-soja-concombre","status":"publish","type":"product","link":"https:\/\/aromasentia.com\/fr\/bougies-en-pot-a-la-cire-de-soja-concombre\/","title":{"rendered":"Bougies en pot \u00e0 la cire de soja &#8211; Concombre"},"content":{"rendered":"<\/p>\n<p>Cette gamme de <strong>bougies de soja au concombre<\/strong> est pr\u00e9sent\u00e9e dans des bocaux en verre avec un couvercle en li\u00e8ge. Chaque bougie est munie d&rsquo;une \u00e9tiquette naturelle attach\u00e9e avec de la ficelle de jute. Chaque bo\u00eete contient 6 bougies en pot de soja pr\u00eates \u00e0 \u00eatre mises en rayon dans votre magasin.<\/p>\n<p>Les bougies en pot de soja sont fabriqu\u00e9es dans notre usine de Yiwu pour garantir puret\u00e9 et qualit\u00e9 et sont d&rsquo;un excellent rapport qualit\u00e9-prix par rapport aux produits \u00e0 base de soja existants. Le niveau de parfum est garanti \u00e0 3%, la combustion est longue et tr\u00e8s \u00e9cologique.<\/p>\n<p>La dur\u00e9e de combustion de cette bougie de soja est d&rsquo;environ 20 heures. Si vous souhaitez faire br\u00fbler votre bougie de cire de soja plus longtemps, il est important de la laisser br\u00fbler pendant environ 2 heures au d\u00e9but pour lui permettre de cr\u00e9er sa premi\u00e8re combustion de m\u00e9moire. Cela augmentera la diffusion du parfum et permettra \u00e0 la cire de fondre compl\u00e8tement. Pour \u00e9viter que votre bougie en cire de soja ne produise de la suie noire, coupez toujours la m\u00e8che \u00e0 &#038;frac14 ; avant d&rsquo;allumer la bougie. Faites toujours br\u00fbler votre bougie sur une surface stable et r\u00e9sistante \u00e0 la chaleur. Prot\u00e9gez-la des courants d&rsquo;air. Ne br\u00fblez pas la bougie lorsque la cire se trouve \u00e0 moins d&rsquo;un centim\u00e8tre du fond. Ne pas toucher ou d\u00e9placer la bougie pendant qu&rsquo;elle br\u00fble ou si la cire est chaude. Tenir la bougie hors de port\u00e9e des enfants et des animaux domestiques. Ne pas laisser la bougie sans surveillance pendant qu&rsquo;elle br\u00fble.<\/p>\n<p><strong>Veuillez ne pas faire br\u00fbler la bougie en continu pendant une longue p\u00e9riode<\/strong><\/p>\n<p><strong>Veuillez vous assurer que la m\u00e8che ne d\u00e9passe pas 5-10 mm avant d&rsquo;utiliser la bougie (veuillez la couper avant chaque utilisation si n\u00e9cessaire)<\/strong><\/p>\n<p><strong>.<\/p>\n","protected":false},"excerpt":{"rendered":"<p>Cette gamme de bougies de soja au concombre est pr\u00e9sent\u00e9e dans des bocaux en verre avec un couvercle en li\u00e8ge. Chaque bougie est munie d&rsquo;une \u00e9tiquette naturelle attach\u00e9e avec de la ficelle de jute. Chaque bo\u00eete contient 6 bougies en pot de soja pr\u00eates \u00e0 \u00eatre mises en rayon dans votre magasin. Les bougies en [&hellip;]<\/p>\n","protected":false},"featured_media":311814,"comment_status":"closed","ping_status":"open","template":"","meta":[],"product_brand":[],"product_cat":[17461,19989],"product_tag":[],"class_list":{"0":"post-236240","1":"product","2":"type-product","3":"status-publish","4":"has-post-thumbnail","6":"product_cat-bougeoirs-et-bougies","7":"product_cat-bougies-en-cire-de-soja","8":"pa_collection-soy-wax-candle-pots-fr","9":"pa_made-in-chine","11":"first","12":"instock","13":"purchasable","14":"product-type-simple"},"supplier_id":null,"supplier_sku":"SoyP-03","barcode":null,"atum_controlled":true,"out_stock_date":null,"out_stock_threshold":null,"inheritable":false,"inbound_stock":null,"stock_on_hold":0,"sold_today":0,"sales_last_days":0,"reserved_stock":null,"customer_returns":null,"warehouse_damage":null,"lost_in_post":null,"other_logs":null,"out_stock_days":0,"lost_sales":0,"has_location":null,"update_date":"2026-02-07T13:22:53","atum_locations":[],"atum_stock_status":"instock","restock_status":false,"low_stock_amount":"","sales_update_date":"2025-09-05T00:22:09","calc_backorders":null,"_links":{"self":[{"href":"https:\/\/aromasentia.com\/fr\/wp-json\/wp\/v2\/product\/236240","targetHints":{"allow":["GET"]}}],"collection":[{"href":"https:\/\/aromasentia.com\/fr\/wp-json\/wp\/v2\/product"}],"about":[{"href":"https:\/\/aromasentia.com\/fr\/wp-json\/wp\/v2\/types\/product"}],"replies":[{"embeddable":true,"href":"https:\/\/aromasentia.com\/fr\/wp-json\/wp\/v2\/comments?post=236240"}],"version-history":[{"count":0,"href":"https:\/\/aromasentia.com\/fr\/wp-json\/wp\/v2\/product\/236240\/revisions"}],"wp:featuredmedia":[{"embeddable":true,"href":"https:\/\/aromasentia.com\/fr\/wp-json\/wp\/v2\/media\/311814"}],"wp:attachment":[{"href":"https:\/\/aromasentia.com\/fr\/wp-json\/wp\/v2\/media?parent=236240"}],"wp:term":[{"taxonomy":"product_brand","embeddable":true,"href":"https:\/\/aromasentia.com\/fr\/wp-json\/wp\/v2\/product_brand?post=236240"},{"taxonomy":"product_cat","embeddable":true,"href":"https:\/\/aromasentia.com\/fr\/wp-json\/wp\/v2\/product_cat?post=236240"},{"taxonomy":"product_tag","embeddable":true,"href":"https:\/\/aromasentia.com\/fr\/wp-json\/wp\/v2\/product_tag?post=236240"}],"curies":[{"name":"wp","href":"https:\/\/api.w.org\/{rel}","templated":true}]}}