{"id":236204,"date":"2025-03-21T11:38:53","date_gmt":"2025-03-21T11:38:53","guid":{"rendered":"https:\/\/aromasentia.com\/product\/set-of-6-scented-tealights-strawberry\/"},"modified":"2025-06-23T19:02:01","modified_gmt":"2025-06-23T19:02:01","slug":"lot-de-6-bougies-chauffe-plat-parfumees-fraise","status":"publish","type":"product","link":"https:\/\/aromasentia.com\/fr\/lot-de-6-bougies-chauffe-plat-parfumees-fraise\/","title":{"rendered":"Lot de 6 Bougies Chauffe-Plat Parfum\u00e9es &#8211; Fraise"},"content":{"rendered":"<p><strong><span style=\"color: rgb(75, 80, 88);\">L&rsquo;ensemble de bougies chauffe-plat parfum\u00e9es &#8211; Fraise<\/span><\/strong> vous permet de cr\u00e9er rapidement et facilement une atmosph\u00e8re et une ambiance agr\u00e9ables.&nbsp;<\/p>\n<p>Les bougies chauffe-plat peuvent \u00eatre utilis\u00e9es dans une gamme de bougeoirs et de lanternes. Ils sont parfaits pour les petites pi\u00e8ces ou m\u00eame pour profiter d&rsquo;un bain relaxant.&nbsp;<\/p>\n<p>Coffret de 12 sets de 6 bougies chauffe-plat.&nbsp;<\/p>\n<p>Br\u00fblera jusqu&rsquo;\u00e0 4 heures.&nbsp;<\/p>\n<p>Taille de la bougie : 3,7&#215;1,2 cm (10 g)&nbsp;<\/p>\n<p>Taille de la bo\u00eete : bo\u00eete de 12x8x1,7 cm (70 g)&nbsp;<\/p>\n<p><strong><span style=\"color: rgb(141, 186, 216);\">Commandez aujourd&rsquo;hui pour faire des ventes r\u00e9p\u00e9t\u00e9es.<\/span><\/strong><\/p>\n","protected":false},"excerpt":{"rendered":"<p>L&rsquo;ensemble de bougies chauffe-plat parfum\u00e9es &#8211; Fraise vous permet de cr\u00e9er rapidement et facilement une atmosph\u00e8re et une ambiance agr\u00e9ables.&nbsp; Les bougies chauffe-plat peuvent \u00eatre utilis\u00e9es dans une gamme de bougeoirs et de lanternes. Ils sont parfaits pour les petites pi\u00e8ces ou m\u00eame pour profiter d&rsquo;un bain relaxant.&nbsp; Coffret de 12 sets de 6 bougies [&hellip;]<\/p>\n","protected":false},"featured_media":312375,"comment_status":"closed","ping_status":"open","template":"","meta":{"_angie_page":false},"product_brand":[],"product_cat":[17461,19988,20047,26534,26846,25842],"product_tag":[],"class_list":{"0":"post-236204","1":"product","2":"type-product","3":"status-publish","4":"has-post-thumbnail","6":"product_cat-bougeoirs-et-bougies","7":"product_cat-bougies-parfumees","8":"product_cat-bougies-piliers","9":"product_cat-fraise","10":"product_cat-fruite","11":"product_cat-senteurs-aromes","12":"pa_collection-set-of-6-scented-tealights-fr","13":"pa_made-in-pologne","15":"first","16":"instock","17":"purchasable","18":"product-type-simple"},"supplier_id":null,"supplier_sku":"STL-16","barcode":null,"atum_controlled":true,"out_stock_date":null,"out_stock_threshold":null,"inheritable":false,"inbound_stock":null,"stock_on_hold":0,"sold_today":0,"sales_last_days":0,"reserved_stock":null,"customer_returns":null,"warehouse_damage":null,"lost_in_post":null,"other_logs":null,"out_stock_days":0,"lost_sales":0,"has_location":null,"update_date":"2026-04-27T07:23:47","atum_locations":[],"atum_stock_status":"instock","restock_status":false,"low_stock_amount":"","sales_update_date":"2026-02-06T00:02:38","calc_backorders":null,"_links":{"self":[{"href":"https:\/\/aromasentia.com\/fr\/wp-json\/wp\/v2\/product\/236204","targetHints":{"allow":["GET"]}}],"collection":[{"href":"https:\/\/aromasentia.com\/fr\/wp-json\/wp\/v2\/product"}],"about":[{"href":"https:\/\/aromasentia.com\/fr\/wp-json\/wp\/v2\/types\/product"}],"replies":[{"embeddable":true,"href":"https:\/\/aromasentia.com\/fr\/wp-json\/wp\/v2\/comments?post=236204"}],"version-history":[{"count":0,"href":"https:\/\/aromasentia.com\/fr\/wp-json\/wp\/v2\/product\/236204\/revisions"}],"wp:featuredmedia":[{"embeddable":true,"href":"https:\/\/aromasentia.com\/fr\/wp-json\/wp\/v2\/media\/312375"}],"wp:attachment":[{"href":"https:\/\/aromasentia.com\/fr\/wp-json\/wp\/v2\/media?parent=236204"}],"wp:term":[{"taxonomy":"product_brand","embeddable":true,"href":"https:\/\/aromasentia.com\/fr\/wp-json\/wp\/v2\/product_brand?post=236204"},{"taxonomy":"product_cat","embeddable":true,"href":"https:\/\/aromasentia.com\/fr\/wp-json\/wp\/v2\/product_cat?post=236204"},{"taxonomy":"product_tag","embeddable":true,"href":"https:\/\/aromasentia.com\/fr\/wp-json\/wp\/v2\/product_tag?post=236204"}],"curies":[{"name":"wp","href":"https:\/\/api.w.org\/{rel}","templated":true}]}}