{"id":236196,"date":"2025-03-21T11:38:53","date_gmt":"2025-03-21T11:38:53","guid":{"rendered":"https:\/\/aromasentia.com\/product\/set-of-6-scented-tealights-tropical-fruit\/"},"modified":"2025-06-23T19:02:00","modified_gmt":"2025-06-23T19:02:00","slug":"lot-de-6-bougies-chauffe-plat-parfumees-fruits-tropicaux","status":"publish","type":"product","link":"https:\/\/aromasentia.com\/fr\/lot-de-6-bougies-chauffe-plat-parfumees-fruits-tropicaux\/","title":{"rendered":"Lot de 6 Bougies Chauffe-Plat Parfum\u00e9es &#8211; Fruits Tropicaux"},"content":{"rendered":"<p><strong><span style=\"color: rgb(251, 160, 38);\">Le lot de bougies \u00e0 r\u00e9chaud parfum\u00e9es &#8211; Fruits Tropicaux <\/span><\/strong>vous permet de cr\u00e9er rapidement et facilement une atmosph\u00e8re et une ambiance agr\u00e9ables.&nbsp;<\/p>\n<p>Les bougies \u00e0 r\u00e9chaud peuvent \u00eatre utilis\u00e9es dans toute une s\u00e9rie de bougeoirs et de lanternes. Elles sont parfaites pour les petites pi\u00e8ces ou m\u00eame pour un bain relaxant.&nbsp;<\/p>\n<p>Bo\u00eete de 12 lots de 6 bougies \u00e0 r\u00e9chaud.&nbsp;<\/p>\n<p>Dur\u00e9e de combustion : jusqu&rsquo;\u00e0 4 heures.&nbsp;<\/p>\n<p><strong><span style=\"color: rgb(75, 80, 88);\">Taille de la bougie : 3,7&#215;1,2 cm (10 g)&nbsp;<\/span><\/strong><\/p>\n<p><strong><span style=\"color: rgb(75, 80, 88);\">Taille de la bo\u00eete : 12x8x1,7 cm (70 g) <\/span><\/strong><\/p>\n<p><strong><span style=\"color: rgb(141, 186, 216);\">Commandez d\u00e8s aujourd&rsquo;hui pour r\u00e9aliser des ventes r\u00e9p\u00e9t\u00e9es de luminaires.<\/span><\/strong><\/p>\n","protected":false},"excerpt":{"rendered":"<p>Le lot de bougies \u00e0 r\u00e9chaud parfum\u00e9es &#8211; Fruits Tropicaux vous permet de cr\u00e9er rapidement et facilement une atmosph\u00e8re et une ambiance agr\u00e9ables.&nbsp; Les bougies \u00e0 r\u00e9chaud peuvent \u00eatre utilis\u00e9es dans toute une s\u00e9rie de bougeoirs et de lanternes. Elles sont parfaites pour les petites pi\u00e8ces ou m\u00eame pour un bain relaxant.&nbsp; Bo\u00eete de 12 [&hellip;]<\/p>\n","protected":false},"featured_media":312357,"comment_status":"closed","ping_status":"open","template":"","meta":{"_angie_page":false},"product_brand":[],"product_cat":[17461,19988,20047],"product_tag":[],"class_list":{"0":"post-236196","1":"product","2":"type-product","3":"status-publish","4":"has-post-thumbnail","6":"product_cat-bougeoirs-et-bougies","7":"product_cat-bougies-parfumees","8":"product_cat-bougies-piliers","9":"pa_collection-set-of-6-scented-tealights-fr","10":"pa_made-in-pologne","12":"first","13":"outofstock","14":"purchasable","15":"product-type-simple"},"supplier_id":null,"supplier_sku":"STL-14","barcode":null,"atum_controlled":true,"out_stock_date":"2026-04-25 15:18:01","out_stock_threshold":null,"inheritable":false,"inbound_stock":null,"stock_on_hold":0,"sold_today":0,"sales_last_days":0,"reserved_stock":null,"customer_returns":null,"warehouse_damage":null,"lost_in_post":null,"other_logs":null,"out_stock_days":0,"lost_sales":0,"has_location":null,"update_date":"2026-04-27T07:23:47","atum_locations":[],"atum_stock_status":"outofstock","restock_status":false,"low_stock_amount":"","sales_update_date":"2026-01-30T01:25:33","calc_backorders":null,"_links":{"self":[{"href":"https:\/\/aromasentia.com\/fr\/wp-json\/wp\/v2\/product\/236196","targetHints":{"allow":["GET"]}}],"collection":[{"href":"https:\/\/aromasentia.com\/fr\/wp-json\/wp\/v2\/product"}],"about":[{"href":"https:\/\/aromasentia.com\/fr\/wp-json\/wp\/v2\/types\/product"}],"replies":[{"embeddable":true,"href":"https:\/\/aromasentia.com\/fr\/wp-json\/wp\/v2\/comments?post=236196"}],"version-history":[{"count":0,"href":"https:\/\/aromasentia.com\/fr\/wp-json\/wp\/v2\/product\/236196\/revisions"}],"wp:featuredmedia":[{"embeddable":true,"href":"https:\/\/aromasentia.com\/fr\/wp-json\/wp\/v2\/media\/312357"}],"wp:attachment":[{"href":"https:\/\/aromasentia.com\/fr\/wp-json\/wp\/v2\/media?parent=236196"}],"wp:term":[{"taxonomy":"product_brand","embeddable":true,"href":"https:\/\/aromasentia.com\/fr\/wp-json\/wp\/v2\/product_brand?post=236196"},{"taxonomy":"product_cat","embeddable":true,"href":"https:\/\/aromasentia.com\/fr\/wp-json\/wp\/v2\/product_cat?post=236196"},{"taxonomy":"product_tag","embeddable":true,"href":"https:\/\/aromasentia.com\/fr\/wp-json\/wp\/v2\/product_tag?post=236196"}],"curies":[{"name":"wp","href":"https:\/\/api.w.org\/{rel}","templated":true}]}}