{"id":236092,"date":"2025-03-21T11:39:59","date_gmt":"2025-03-21T11:39:59","guid":{"rendered":"https:\/\/aromasentia.com\/product\/citronella-tealight-18x38-4hrs\/"},"modified":"2025-06-23T19:01:46","modified_gmt":"2025-06-23T19:01:46","slug":"photophore-citronnelle-18x38-4h","status":"publish","type":"product","link":"https:\/\/aromasentia.com\/fr\/photophore-citronnelle-18x38-4h\/","title":{"rendered":"Photophore Citronnelle 18&#215;38 &#8211; 4h"},"content":{"rendered":"<p>Tenez les insectes nuisibles \u00e0 distance avec cette bougie chauffe-plat \u00e0 la citronnelle, qui offre une protection d&rsquo;environ 4 heures. Infus\u00e9e d&rsquo;huile de citronnelle naturelle, r\u00e9put\u00e9e pour ses propri\u00e9t\u00e9s insectifuges, cette bougie chauffe-plat est parfaite pour les rassemblements en plein air, les terrasses ou le camping. Tout en diffusant une lumi\u00e8re douce, elle d\u00e9gage un ar\u00f4me frais et citronn\u00e9 que les moustiques et autres insectes volants n&rsquo;appr\u00e9cient pas. Gr\u00e2ce \u00e0 cette bougie chauffe-plat pratique et agr\u00e9ablement parfum\u00e9e, profitez de vos moments en plein air tout en \u00e9tant moins g\u00ean\u00e9 par les insectes.<\/p>\n","protected":false},"excerpt":{"rendered":"<p>Tenez les insectes nuisibles \u00e0 distance avec cette bougie chauffe-plat \u00e0 la citronnelle, qui offre une protection d&rsquo;environ 4 heures. Infus\u00e9e d&rsquo;huile de citronnelle naturelle, r\u00e9put\u00e9e pour ses propri\u00e9t\u00e9s insectifuges, cette bougie chauffe-plat est parfaite pour les rassemblements en plein air, les terrasses ou le camping. Tout en diffusant une lumi\u00e8re douce, elle d\u00e9gage un [&hellip;]<\/p>\n","protected":false},"featured_media":312679,"comment_status":"closed","ping_status":"open","template":"","meta":{"_angie_page":false},"product_brand":[],"product_cat":[17461,20047,26140,26818,25842],"product_tag":[],"class_list":{"0":"post-236092","1":"product","2":"type-product","3":"status-publish","4":"has-post-thumbnail","6":"product_cat-bougeoirs-et-bougies","7":"product_cat-bougies-piliers","8":"product_cat-citronnelle","9":"product_cat-hesperide-agrumes","10":"product_cat-senteurs-aromes","11":"pa_collection-bulk-tea-lights-fr","12":"pa_made-in-allemagne","14":"first","15":"outofstock","16":"purchasable","17":"product-type-simple"},"supplier_id":null,"supplier_sku":"TLS-13","barcode":null,"atum_controlled":true,"out_stock_date":"2025-09-05 16:36:56","out_stock_threshold":null,"inheritable":false,"inbound_stock":null,"stock_on_hold":0,"sold_today":0,"sales_last_days":0,"reserved_stock":null,"customer_returns":null,"warehouse_damage":null,"lost_in_post":null,"other_logs":null,"out_stock_days":0,"lost_sales":0,"has_location":null,"update_date":"2026-04-27T07:25:05","atum_locations":[],"atum_stock_status":"outofstock","restock_status":false,"low_stock_amount":"","sales_update_date":"2025-09-05T00:22:19","calc_backorders":null,"_links":{"self":[{"href":"https:\/\/aromasentia.com\/fr\/wp-json\/wp\/v2\/product\/236092","targetHints":{"allow":["GET"]}}],"collection":[{"href":"https:\/\/aromasentia.com\/fr\/wp-json\/wp\/v2\/product"}],"about":[{"href":"https:\/\/aromasentia.com\/fr\/wp-json\/wp\/v2\/types\/product"}],"replies":[{"embeddable":true,"href":"https:\/\/aromasentia.com\/fr\/wp-json\/wp\/v2\/comments?post=236092"}],"version-history":[{"count":0,"href":"https:\/\/aromasentia.com\/fr\/wp-json\/wp\/v2\/product\/236092\/revisions"}],"wp:featuredmedia":[{"embeddable":true,"href":"https:\/\/aromasentia.com\/fr\/wp-json\/wp\/v2\/media\/312679"}],"wp:attachment":[{"href":"https:\/\/aromasentia.com\/fr\/wp-json\/wp\/v2\/media?parent=236092"}],"wp:term":[{"taxonomy":"product_brand","embeddable":true,"href":"https:\/\/aromasentia.com\/fr\/wp-json\/wp\/v2\/product_brand?post=236092"},{"taxonomy":"product_cat","embeddable":true,"href":"https:\/\/aromasentia.com\/fr\/wp-json\/wp\/v2\/product_cat?post=236092"},{"taxonomy":"product_tag","embeddable":true,"href":"https:\/\/aromasentia.com\/fr\/wp-json\/wp\/v2\/product_tag?post=236092"}],"curies":[{"name":"wp","href":"https:\/\/api.w.org\/{rel}","templated":true}]}}