{"id":236072,"date":"2025-03-21T11:39:59","date_gmt":"2025-03-21T11:39:59","guid":{"rendered":"https:\/\/aromasentia.com\/product\/taper-candle-silver-metalic\/"},"modified":"2025-06-23T19:01:42","modified_gmt":"2025-06-23T19:01:42","slug":"bougie-conique-argent-metallise","status":"publish","type":"product","link":"https:\/\/aromasentia.com\/fr\/bougie-conique-argent-metallise\/","title":{"rendered":"Bougie Conique &#8211; Argent M\u00e9tallis\u00e9"},"content":{"rendered":"<p>Lumi\u00e8re du moment avec Vente en gros<strong><span style=\"color: rgb(75, 80, 88);\">&nbsp;Bougies C\u00f4nes &#8211; Argent M\u00e9tallis\u00e9.<\/span><\/strong> C&rsquo;est un produit essentiel pour chaque boutique de cadeaux. Id\u00e9al \u00e9galement pour les restaurants, la restauration et les r\u00e9ceptions.&nbsp;<\/p>\n<p>Parfait pour cr\u00e9er un \u00e9clairage d&rsquo;ambiance sur la table \u00e0 manger ou l&rsquo;espace de vie de vos clients. Les bougies coniques offrent une dur\u00e9e de combustion d&rsquo;environ 7 heures avec une flamme propre et uniforme, elles ne fument pas, ne coulent pas et sont sans odeur ni d\u00e9sordre. Fabriqu\u00e9 en Pologne. Vendues en boite de 10 bougies.&nbsp;<\/p>\n<p>Les bougies sont sur-tremp\u00e9es de couleur et fabriqu\u00e9es \u00e0 partir de cire de paraffine. * Hauteur : 24,5 cm * Diam\u00e8tre : 2,3 cm * Poids d&rsquo;une bougie : 0,53 g * Dur\u00e9e de combustion : 7 heures&nbsp;<\/p>\n<p><strong><span style=\"color: rgb(141, 186, 216);\">NB : Veuillez lire l&rsquo;\u00e9tiquette avant utilisation. Ces bougies sont presque trop belles pour \u00eatre allum\u00e9es. Faites le plein aujourd&rsquo;hui.<\/span><\/strong><\/p>\n","protected":false},"excerpt":{"rendered":"<p>Lumi\u00e8re du moment avec Vente en gros&nbsp;Bougies C\u00f4nes &#8211; Argent M\u00e9tallis\u00e9. C&rsquo;est un produit essentiel pour chaque boutique de cadeaux. Id\u00e9al \u00e9galement pour les restaurants, la restauration et les r\u00e9ceptions.&nbsp; Parfait pour cr\u00e9er un \u00e9clairage d&rsquo;ambiance sur la table \u00e0 manger ou l&rsquo;espace de vie de vos clients. Les bougies coniques offrent une dur\u00e9e de [&hellip;]<\/p>\n","protected":false},"featured_media":312626,"comment_status":"closed","ping_status":"open","template":"","meta":[],"product_brand":[],"product_cat":[17461,20047],"product_tag":[],"class_list":{"0":"post-236072","1":"product","2":"type-product","3":"status-publish","4":"has-post-thumbnail","6":"product_cat-bougeoirs-et-bougies","7":"product_cat-bougies-piliers","8":"pa_collection-pack-of-10-taper-candles-fr","9":"pa_made-in-pologne","11":"first","12":"outofstock","13":"purchasable","14":"product-type-simple"},"supplier_id":null,"supplier_sku":"TCand-11","barcode":null,"atum_controlled":true,"out_stock_date":"2025-09-05 16:26:50","out_stock_threshold":null,"inheritable":false,"inbound_stock":null,"stock_on_hold":0,"sold_today":0,"sales_last_days":0,"reserved_stock":null,"customer_returns":null,"warehouse_damage":null,"lost_in_post":null,"other_logs":null,"out_stock_days":0,"lost_sales":0,"has_location":null,"update_date":"2026-02-12T05:44:09","atum_locations":[],"atum_stock_status":"outofstock","restock_status":false,"low_stock_amount":"","sales_update_date":"2025-09-05T00:22:18","calc_backorders":null,"_links":{"self":[{"href":"https:\/\/aromasentia.com\/fr\/wp-json\/wp\/v2\/product\/236072","targetHints":{"allow":["GET"]}}],"collection":[{"href":"https:\/\/aromasentia.com\/fr\/wp-json\/wp\/v2\/product"}],"about":[{"href":"https:\/\/aromasentia.com\/fr\/wp-json\/wp\/v2\/types\/product"}],"replies":[{"embeddable":true,"href":"https:\/\/aromasentia.com\/fr\/wp-json\/wp\/v2\/comments?post=236072"}],"version-history":[{"count":0,"href":"https:\/\/aromasentia.com\/fr\/wp-json\/wp\/v2\/product\/236072\/revisions"}],"wp:featuredmedia":[{"embeddable":true,"href":"https:\/\/aromasentia.com\/fr\/wp-json\/wp\/v2\/media\/312626"}],"wp:attachment":[{"href":"https:\/\/aromasentia.com\/fr\/wp-json\/wp\/v2\/media?parent=236072"}],"wp:term":[{"taxonomy":"product_brand","embeddable":true,"href":"https:\/\/aromasentia.com\/fr\/wp-json\/wp\/v2\/product_brand?post=236072"},{"taxonomy":"product_cat","embeddable":true,"href":"https:\/\/aromasentia.com\/fr\/wp-json\/wp\/v2\/product_cat?post=236072"},{"taxonomy":"product_tag","embeddable":true,"href":"https:\/\/aromasentia.com\/fr\/wp-json\/wp\/v2\/product_tag?post=236072"}],"curies":[{"name":"wp","href":"https:\/\/api.w.org\/{rel}","templated":true}]}}