{"id":236028,"date":"2025-03-21T11:40:23","date_gmt":"2025-03-21T11:40:23","guid":{"rendered":"https:\/\/aromasentia.com\/product\/large-candle-stand-turquois-gold\/"},"modified":"2025-06-23T19:01:37","modified_gmt":"2025-06-23T19:01:37","slug":"bougeoir-bois-retro-grand-turquoise-or","status":"publish","type":"product","link":"https:\/\/aromasentia.com\/fr\/bougeoir-bois-retro-grand-turquoise-or\/","title":{"rendered":"Bougeoir Bois R\u00e9tro Grand &#8211; Turquoise &#038; Or"},"content":{"rendered":"<p><strong><span style=\"color: rgb(75, 80, 88);\">Grand bougeoir vintage &#8211; Turquoise &amp; Or&nbsp;<\/span><\/strong>&#8211; chandelier en bois fait main parfait et \u00e9l\u00e9gant. Les chandeliers orn\u00e9s sculpt\u00e9s \u00e0 la main sont les genoux de l&rsquo;abeille et se d\u00e9marqueront dans n&rsquo;importe quelle pi\u00e8ce ou couloir. Ils sont id\u00e9aux pour contenir des bougies d&rsquo;\u00e9glise.&nbsp;<\/p>\n<p>Excellente qualit\u00e9 et design contemporain, ce bougeoir romantique est fabriqu\u00e9 \u00e0 partir de bois d&rsquo;Albesia durable. Peintes \u00e0 la main individuellement en Indon\u00e9sie selon des normes \u00e9lev\u00e9es et fournies emball\u00e9es individuellement et munies d&rsquo;un code-barres.&nbsp;<\/p>\n<p>Ajoutez une touche de style boh\u00e8me chic \u00e0 n&rsquo;importe quelle table. D\u00e9coration de mariage parfaite. Ce sont des valeurs imbattables.&nbsp;<\/p>\n<p><strong><span style=\"color: rgb(141, 186, 216);\">Commandez aujourd&rsquo;hui.<\/span><\/strong><\/p>\n","protected":false},"excerpt":{"rendered":"<p>Grand bougeoir vintage &#8211; Turquoise &amp; Or&nbsp;&#8211; chandelier en bois fait main parfait et \u00e9l\u00e9gant. Les chandeliers orn\u00e9s sculpt\u00e9s \u00e0 la main sont les genoux de l&rsquo;abeille et se d\u00e9marqueront dans n&rsquo;importe quelle pi\u00e8ce ou couloir. Ils sont id\u00e9aux pour contenir des bougies d&rsquo;\u00e9glise.&nbsp; Excellente qualit\u00e9 et design contemporain, ce bougeoir romantique est fabriqu\u00e9 \u00e0 [&hellip;]<\/p>\n","protected":false},"featured_media":313094,"comment_status":"closed","ping_status":"open","template":"","meta":{"_angie_page":false},"product_brand":[],"product_cat":[17460,17461],"product_tag":[],"class_list":{"0":"post-236028","1":"product","2":"type-product","3":"status-publish","4":"has-post-thumbnail","6":"product_cat-bougeoirs","7":"product_cat-bougeoirs-et-bougies","8":"pa_collection-vintage-candle-stands-fr","9":"pa_made-in-indonesie","11":"first","12":"instock","13":"purchasable","14":"product-type-simple"},"supplier_id":null,"supplier_sku":"Vinstics-04","barcode":null,"atum_controlled":true,"out_stock_date":null,"out_stock_threshold":null,"inheritable":false,"inbound_stock":null,"stock_on_hold":0,"sold_today":0,"sales_last_days":0,"reserved_stock":null,"customer_returns":null,"warehouse_damage":null,"lost_in_post":null,"other_logs":null,"out_stock_days":0,"lost_sales":0,"has_location":null,"update_date":"2026-04-27T07:26:15","atum_locations":[],"atum_stock_status":"instock","restock_status":false,"low_stock_amount":"","sales_update_date":"2025-09-05T00:22:22","calc_backorders":null,"_links":{"self":[{"href":"https:\/\/aromasentia.com\/fr\/wp-json\/wp\/v2\/product\/236028","targetHints":{"allow":["GET"]}}],"collection":[{"href":"https:\/\/aromasentia.com\/fr\/wp-json\/wp\/v2\/product"}],"about":[{"href":"https:\/\/aromasentia.com\/fr\/wp-json\/wp\/v2\/types\/product"}],"replies":[{"embeddable":true,"href":"https:\/\/aromasentia.com\/fr\/wp-json\/wp\/v2\/comments?post=236028"}],"version-history":[{"count":0,"href":"https:\/\/aromasentia.com\/fr\/wp-json\/wp\/v2\/product\/236028\/revisions"}],"wp:featuredmedia":[{"embeddable":true,"href":"https:\/\/aromasentia.com\/fr\/wp-json\/wp\/v2\/media\/313094"}],"wp:attachment":[{"href":"https:\/\/aromasentia.com\/fr\/wp-json\/wp\/v2\/media?parent=236028"}],"wp:term":[{"taxonomy":"product_brand","embeddable":true,"href":"https:\/\/aromasentia.com\/fr\/wp-json\/wp\/v2\/product_brand?post=236028"},{"taxonomy":"product_cat","embeddable":true,"href":"https:\/\/aromasentia.com\/fr\/wp-json\/wp\/v2\/product_cat?post=236028"},{"taxonomy":"product_tag","embeddable":true,"href":"https:\/\/aromasentia.com\/fr\/wp-json\/wp\/v2\/product_tag?post=236028"}],"curies":[{"name":"wp","href":"https:\/\/api.w.org\/{rel}","templated":true}]}}