{"id":235956,"date":"2025-03-21T11:41:09","date_gmt":"2025-03-21T11:41:09","guid":{"rendered":"https:\/\/aromasentia.com\/product\/wooden-birthday-number-no-1\/"},"modified":"2025-06-23T19:01:26","modified_gmt":"2025-06-23T19:01:26","slug":"bougeoirs-chiffres-en-bois-no-1","status":"publish","type":"product","link":"https:\/\/aromasentia.com\/fr\/bougeoirs-chiffres-en-bois-no-1\/","title":{"rendered":"Bougeoirs Chiffres en bois &#8211; No 1"},"content":{"rendered":"<p>Ces chiffres sont sculpt\u00e9s \u00e0 la main \u00e0 partir de bois d&rsquo;Alb\u00e9sia et blanchis (frott\u00e9s \u00e0 la main) pour ce look branch\u00e9 et antique. Un village entier sur les rives du Mont Agung est employ\u00e9 pour accomplir nos commandes.<br \/>_x000D_<br \/>\nJe vous ai d\u00e9j\u00e0 parl\u00e9 de ce gentil couple qui tient ce commerce. C&rsquo;est l&rsquo;homme \u00e0 la t\u00eate du village et il est heureux de donner un emploi \u00e0 tout son village.<br \/>_x000D_<br \/>\nPourquoi des chiffres? Eh bien, je suis all\u00e9 rendre visite \u00e0 un vieil ami il y a quelque temps, il \u00e9tait assis dans sa salle \u00e0 manger avec un verre de vin et parlait des vieux jours. Sur une \u00e9tag\u00e8re, \u00e0 cot\u00e9 de la t\u00e9l\u00e9 se trouvait un beau chiffre sculpt\u00e9 \u00a0\u00bb60\u00a0\u00bb entour\u00e9 par des photos de son soixanti\u00e8me anniversaire.<br \/>_x000D_<br \/>\nIl me dit: \u00a0\u00bb Ma femme a fait cela pour moi \u00ab\u00a0. Quel beau cadeau j&rsquo;ai alors pens\u00e9 et ai eu l&rsquo;id\u00e9e des num\u00e9ros ou chiffres en bois. Puis, j&rsquo;ai pens\u00e9 pourquoi ne pas faire une place pour une bougie chauffe plat sur le haut des chiffres._x000D_<br \/>\nG\u00e9nial car maintenant les chiffres peuvent \u00eatre utilis\u00e9s comme une sorte de g\u00e2teau d&rsquo;anniversaire &#8211; vous pouvez souffler les bougies. Cela pourrait m\u00eame aller sur le dessus d&rsquo;un g\u00e2teau si vous le souhaitez ou dans un arrangement floral. Un cadeau d&rsquo;anniversaire parfait et \u00e9galement utile comme bougeoir simple et \u00e9l\u00e9gant.<br \/>_x000D_<br \/>\nNous parions que vous pourriez vendre un certain nombre de ces chiffres&#8230;<\/p>\n","protected":false},"excerpt":{"rendered":"<p>Ces chiffres sont sculpt\u00e9s \u00e0 la main \u00e0 partir de bois d&rsquo;Alb\u00e9sia et blanchis (frott\u00e9s \u00e0 la main) pour ce look branch\u00e9 et antique. Un village entier sur les rives du Mont Agung est employ\u00e9 pour accomplir nos commandes._x000D_ Je vous ai d\u00e9j\u00e0 parl\u00e9 de ce gentil couple qui tient ce commerce. C&rsquo;est l&rsquo;homme \u00e0 [&hellip;]<\/p>\n","protected":false},"featured_media":313169,"comment_status":"closed","ping_status":"open","template":"","meta":{"_angie_page":false},"product_brand":[],"product_cat":[17461],"product_tag":[],"class_list":{"0":"post-235956","1":"product","2":"type-product","3":"status-publish","4":"has-post-thumbnail","6":"product_cat-bougeoirs-et-bougies","7":"pa_made-in-indonesie","9":"first","10":"instock","11":"purchasable","12":"product-type-simple"},"supplier_id":null,"supplier_sku":"WBN-01","barcode":null,"atum_controlled":true,"out_stock_date":null,"out_stock_threshold":null,"inheritable":false,"inbound_stock":null,"stock_on_hold":0,"sold_today":0,"sales_last_days":0,"reserved_stock":null,"customer_returns":null,"warehouse_damage":null,"lost_in_post":null,"other_logs":null,"out_stock_days":0,"lost_sales":0,"has_location":null,"update_date":"2026-04-29T01:06:31","atum_locations":[],"atum_stock_status":"instock","restock_status":false,"low_stock_amount":"","sales_update_date":"2025-09-05T00:22:23","calc_backorders":null,"_links":{"self":[{"href":"https:\/\/aromasentia.com\/fr\/wp-json\/wp\/v2\/product\/235956","targetHints":{"allow":["GET"]}}],"collection":[{"href":"https:\/\/aromasentia.com\/fr\/wp-json\/wp\/v2\/product"}],"about":[{"href":"https:\/\/aromasentia.com\/fr\/wp-json\/wp\/v2\/types\/product"}],"replies":[{"embeddable":true,"href":"https:\/\/aromasentia.com\/fr\/wp-json\/wp\/v2\/comments?post=235956"}],"version-history":[{"count":0,"href":"https:\/\/aromasentia.com\/fr\/wp-json\/wp\/v2\/product\/235956\/revisions"}],"wp:featuredmedia":[{"embeddable":true,"href":"https:\/\/aromasentia.com\/fr\/wp-json\/wp\/v2\/media\/313169"}],"wp:attachment":[{"href":"https:\/\/aromasentia.com\/fr\/wp-json\/wp\/v2\/media?parent=235956"}],"wp:term":[{"taxonomy":"product_brand","embeddable":true,"href":"https:\/\/aromasentia.com\/fr\/wp-json\/wp\/v2\/product_brand?post=235956"},{"taxonomy":"product_cat","embeddable":true,"href":"https:\/\/aromasentia.com\/fr\/wp-json\/wp\/v2\/product_cat?post=235956"},{"taxonomy":"product_tag","embeddable":true,"href":"https:\/\/aromasentia.com\/fr\/wp-json\/wp\/v2\/product_tag?post=235956"}],"curies":[{"name":"wp","href":"https:\/\/api.w.org\/{rel}","templated":true}]}}