{"id":235940,"date":"2025-03-21T11:42:30","date_gmt":"2025-03-21T11:42:30","guid":{"rendered":"https:\/\/aromasentia.com\/product\/zodiac-crystal-candle-with-gemstone-bracelet-aries\/"},"modified":"2025-06-23T19:01:24","modified_gmt":"2025-06-23T19:01:24","slug":"bougie-de-cristal-du-zodiaque-avec-bracelet-de-pierres-precieuses-belier","status":"publish","type":"product","link":"https:\/\/aromasentia.com\/fr\/bougie-de-cristal-du-zodiaque-avec-bracelet-de-pierres-precieuses-belier\/","title":{"rendered":"Bougie de Cristal du Zodiaque avec Bracelet de Pierres Pr\u00e9cieuses  &#8211; B\u00e9lier"},"content":{"rendered":"<p><strong>Enflammez l&rsquo;\u00e9nergie audacieuse et intr\u00e9pide du B\u00e9lier avec cette Bougie de Cristal du Zodiaque.&nbsp;<\/strong><\/p>\n<p>Le parfum vivifiant refl\u00e8te l&rsquo;esprit dynamique et confiant de ce signe ardent, cr\u00e9ant une atmosph\u00e8re stimulante pour les nouveaux d\u00e9parts.&nbsp;<\/p>\n<p><strong>L&rsquo;ensemble comprend un puissant bracelet de pierres pr\u00e9cieuses compos\u00e9 de jaspe rouge, de pierre de sang et d&rsquo;h\u00e9matite<\/strong>, soigneusement choisis pour soutenir la force et la d\u00e9termination du B\u00e9lier :&nbsp;<\/p>\n<p>-Le jaspe rouge stimule le courage et la vitalit\u00e9. La pierre de sang renforce la r\u00e9sistance et la concentration&nbsp;<\/p>\n<p>-L&rsquo;h\u00e9matite fixe l&rsquo;\u00e9nergie et favorise l&rsquo;\u00e9quilibre Parfait pour c\u00e9l\u00e9brer la nature inarr\u00eatable du B\u00e9lier, cet ensemble bougie et bracelet constitue un cadeau significatif ou un rituel personnel d&rsquo;autonomisation.&nbsp;<\/p>\n<p><strong>Notes de t\u00eate :<\/strong> Pin, Eucalyptus, Sauge, Thym, Sel de mer, Ozone&nbsp;<\/p>\n<p><strong>Notes de c\u0153ur :<\/strong> Rose, Lys, Jasmin, Lilas, Violette&nbsp;<\/p>\n<p><strong>Notes de fond :<\/strong> Bois de c\u00e8dre, ambre<\/p>\n","protected":false},"excerpt":{"rendered":"<p>Enflammez l&rsquo;\u00e9nergie audacieuse et intr\u00e9pide du B\u00e9lier avec cette Bougie de Cristal du Zodiaque.&nbsp; Le parfum vivifiant refl\u00e8te l&rsquo;esprit dynamique et confiant de ce signe ardent, cr\u00e9ant une atmosph\u00e8re stimulante pour les nouveaux d\u00e9parts.&nbsp; L&rsquo;ensemble comprend un puissant bracelet de pierres pr\u00e9cieuses compos\u00e9 de jaspe rouge, de pierre de sang et d&rsquo;h\u00e9matite, soigneusement choisis pour [&hellip;]<\/p>\n","protected":false},"featured_media":314023,"comment_status":"closed","ping_status":"open","template":"","meta":{"_angie_page":false},"product_brand":[],"product_cat":[17461,25206],"product_tag":[],"class_list":{"0":"post-235940","1":"product","2":"type-product","3":"status-publish","4":"has-post-thumbnail","6":"product_cat-bougeoirs-et-bougies","7":"product_cat-bracelets","8":"pa_collection-zodiac-crystal-candles-with-gemstone-bracelet-fr","9":"pa_made-in-chine","11":"first","12":"instock","13":"purchasable","14":"product-type-simple"},"supplier_id":null,"supplier_sku":"ZCC-03","barcode":null,"atum_controlled":true,"out_stock_date":null,"out_stock_threshold":null,"inheritable":false,"inbound_stock":null,"stock_on_hold":0,"sold_today":0,"sales_last_days":0,"reserved_stock":null,"customer_returns":null,"warehouse_damage":null,"lost_in_post":null,"other_logs":null,"out_stock_days":0,"lost_sales":0,"has_location":null,"update_date":"2026-04-27T07:27:29","atum_locations":[],"atum_stock_status":"instock","restock_status":false,"low_stock_amount":"","sales_update_date":"2025-09-05T00:22:27","calc_backorders":null,"_links":{"self":[{"href":"https:\/\/aromasentia.com\/fr\/wp-json\/wp\/v2\/product\/235940","targetHints":{"allow":["GET"]}}],"collection":[{"href":"https:\/\/aromasentia.com\/fr\/wp-json\/wp\/v2\/product"}],"about":[{"href":"https:\/\/aromasentia.com\/fr\/wp-json\/wp\/v2\/types\/product"}],"replies":[{"embeddable":true,"href":"https:\/\/aromasentia.com\/fr\/wp-json\/wp\/v2\/comments?post=235940"}],"version-history":[{"count":0,"href":"https:\/\/aromasentia.com\/fr\/wp-json\/wp\/v2\/product\/235940\/revisions"}],"wp:featuredmedia":[{"embeddable":true,"href":"https:\/\/aromasentia.com\/fr\/wp-json\/wp\/v2\/media\/314023"}],"wp:attachment":[{"href":"https:\/\/aromasentia.com\/fr\/wp-json\/wp\/v2\/media?parent=235940"}],"wp:term":[{"taxonomy":"product_brand","embeddable":true,"href":"https:\/\/aromasentia.com\/fr\/wp-json\/wp\/v2\/product_brand?post=235940"},{"taxonomy":"product_cat","embeddable":true,"href":"https:\/\/aromasentia.com\/fr\/wp-json\/wp\/v2\/product_cat?post=235940"},{"taxonomy":"product_tag","embeddable":true,"href":"https:\/\/aromasentia.com\/fr\/wp-json\/wp\/v2\/product_tag?post=235940"}],"curies":[{"name":"wp","href":"https:\/\/api.w.org\/{rel}","templated":true}]}}