{"id":235936,"date":"2025-03-21T11:42:30","date_gmt":"2025-03-21T11:42:30","guid":{"rendered":"https:\/\/aromasentia.com\/product\/zodiac-crystal-candle-with-gemstone-bracelet-pisces\/"},"modified":"2025-06-23T19:01:24","modified_gmt":"2025-06-23T19:01:24","slug":"bougie-de-cristal-du-zodiaque-avec-bracelet-de-pierres-precieuses-poisson","status":"publish","type":"product","link":"https:\/\/aromasentia.com\/fr\/bougie-de-cristal-du-zodiaque-avec-bracelet-de-pierres-precieuses-poisson\/","title":{"rendered":"Bougie de Cristal du Zodiaque avec Bracelet de Pierres Pr\u00e9cieuses  &#8211; Poisson"},"content":{"rendered":"<p>Plongez dans le monde r\u00eaveur et intuitif des Poissons avec cette Bougie de Cristal du Zodiaque.&nbsp;<\/p>\n<p>Son parfum apaisant d&rsquo;aigue-marine et de fum\u00e9e c\u00e9leste cr\u00e9e une atmosph\u00e8re apaisante d&rsquo;un autre monde, parfaite pour ce signe compatissant et cr\u00e9atif.&nbsp;<\/p>\n<p>L&rsquo;ensemble comprend <strong>un d\u00e9licat bracelet de pierres pr\u00e9cieuses compos\u00e9 de pierre de lune, de turquoise et d&rsquo;aigue-marine,<\/strong> choisies pour \u00eatre en r\u00e9sonance avec la nature douce et spirituelle des Poissons :&nbsp;<\/p>\n<p>-La pierre de lune renforce l&rsquo;intuition et l&rsquo;\u00e9quilibre \u00e9motionnel&nbsp;<\/p>\n<p>-La turquoise favorise la gu\u00e9rison et l&rsquo;expression personnelle L&rsquo;aigue-marine favorise le calme et la clart\u00e9.&nbsp;<\/p>\n<p>Cette association magique d&rsquo;une bougie et d&rsquo;un bracelet est id\u00e9ale pour prendre soin de soi, pour m\u00e9diter ou comme cadeau significatif pour les Poissons.&nbsp;<\/p>\n<p><strong>Notes de t\u00eate :&nbsp;<\/strong>Citron, Bergamote, Poivre rose&nbsp;<\/p>\n<p><strong>Notes de c\u0153ur :<\/strong> Violette, Jasmin, Patchouli&nbsp;<\/p>\n<p><strong>Notes de fond :&nbsp;<\/strong>Tonka, daim, ambre, musc, vanille<\/p>\n","protected":false},"excerpt":{"rendered":"<p>Plongez dans le monde r\u00eaveur et intuitif des Poissons avec cette Bougie de Cristal du Zodiaque.&nbsp; Son parfum apaisant d&rsquo;aigue-marine et de fum\u00e9e c\u00e9leste cr\u00e9e une atmosph\u00e8re apaisante d&rsquo;un autre monde, parfaite pour ce signe compatissant et cr\u00e9atif.&nbsp; L&rsquo;ensemble comprend un d\u00e9licat bracelet de pierres pr\u00e9cieuses compos\u00e9 de pierre de lune, de turquoise et d&rsquo;aigue-marine, [&hellip;]<\/p>\n","protected":false},"featured_media":313990,"comment_status":"closed","ping_status":"open","template":"","meta":{"_angie_page":false},"product_brand":[],"product_cat":[17461,25206],"product_tag":[],"class_list":{"0":"post-235936","1":"product","2":"type-product","3":"status-publish","4":"has-post-thumbnail","6":"product_cat-bougeoirs-et-bougies","7":"product_cat-bracelets","8":"pa_collection-zodiac-crystal-candles-with-gemstone-bracelet-fr","9":"pa_made-in-chine","11":"first","12":"instock","13":"purchasable","14":"product-type-simple"},"supplier_id":null,"supplier_sku":"ZCC-02","barcode":null,"atum_controlled":true,"out_stock_date":null,"out_stock_threshold":null,"inheritable":false,"inbound_stock":null,"stock_on_hold":0,"sold_today":0,"sales_last_days":0,"reserved_stock":null,"customer_returns":null,"warehouse_damage":null,"lost_in_post":null,"other_logs":null,"out_stock_days":0,"lost_sales":0,"has_location":null,"update_date":"2026-04-28T18:50:50","atum_locations":[],"atum_stock_status":"instock","restock_status":false,"low_stock_amount":"","sales_update_date":"2025-09-05T00:22:27","calc_backorders":null,"_links":{"self":[{"href":"https:\/\/aromasentia.com\/fr\/wp-json\/wp\/v2\/product\/235936","targetHints":{"allow":["GET"]}}],"collection":[{"href":"https:\/\/aromasentia.com\/fr\/wp-json\/wp\/v2\/product"}],"about":[{"href":"https:\/\/aromasentia.com\/fr\/wp-json\/wp\/v2\/types\/product"}],"replies":[{"embeddable":true,"href":"https:\/\/aromasentia.com\/fr\/wp-json\/wp\/v2\/comments?post=235936"}],"version-history":[{"count":0,"href":"https:\/\/aromasentia.com\/fr\/wp-json\/wp\/v2\/product\/235936\/revisions"}],"wp:featuredmedia":[{"embeddable":true,"href":"https:\/\/aromasentia.com\/fr\/wp-json\/wp\/v2\/media\/313990"}],"wp:attachment":[{"href":"https:\/\/aromasentia.com\/fr\/wp-json\/wp\/v2\/media?parent=235936"}],"wp:term":[{"taxonomy":"product_brand","embeddable":true,"href":"https:\/\/aromasentia.com\/fr\/wp-json\/wp\/v2\/product_brand?post=235936"},{"taxonomy":"product_cat","embeddable":true,"href":"https:\/\/aromasentia.com\/fr\/wp-json\/wp\/v2\/product_cat?post=235936"},{"taxonomy":"product_tag","embeddable":true,"href":"https:\/\/aromasentia.com\/fr\/wp-json\/wp\/v2\/product_tag?post=235936"}],"curies":[{"name":"wp","href":"https:\/\/api.w.org\/{rel}","templated":true}]}}