{"id":235912,"date":"2025-03-21T11:42:30","date_gmt":"2025-03-21T11:42:30","guid":{"rendered":"https:\/\/aromasentia.com\/product\/white-label-soy-wax-jar-candle-so-delicious\/"},"modified":"2025-06-23T19:01:18","modified_gmt":"2025-06-23T19:01:18","slug":"bougies-cire-de-soja-sans-etiquette-so-delicious","status":"publish","type":"product","link":"https:\/\/aromasentia.com\/fr\/bougies-cire-de-soja-sans-etiquette-so-delicious\/","title":{"rendered":"Bougies Cire de Soja Sans Etiquette &#8211; So Delicious"},"content":{"rendered":"<p>Votre marque m\u00e9rite d&apos;\u00eatre partout ! Les bougies sont une pi\u00e8ce d\u00e9corative intemporelle ayant la capacit\u00e9 de promouvoir votre marque et de renforcer votre cause. C&apos;est pourquoi nous pr\u00e9sentons la nouvelle gamme de Bougies en Cire de Soja Sans \u00e9tiquettes, pour vous aider \u00e0 cr\u00e9er vos propres bougies de marque sans d\u00e9pense excessive.Maintenant, vous pouvez concevoir vos propres bougies pour votre magasin, restaurant et bar, chambres d&apos;h\u00f4tes ou toutes les occasions sp\u00e9ciales imaginables. Que ce soit pour un mariage, la Saint-Valentin, No&euml;l ou juste un cadeau client, une bougie de marque priv\u00e9e offrira un sentiment tout particulier \u00e0 chaque utilisation.<\/p>\n<p>Ces bougies personnalisables en cire de soja sont pr\u00e9sent\u00e9es dans de gros pots en verre recycl\u00e9 avec un couvercle anti-poussi\u00e8re sp\u00e9cial et une \u00e9tiquette d&apos;avertissement sur la base avec le code-barre. Ajoutez simplement votre logo ou votre design et personnalisez-les. Soyez cr\u00e9atifs !<\/p>\n<p><strong>Dur\u00e9e de combustion 30-35 heures H: 8 cm, l: 7 cm, P: 7 cm<\/strong><\/p>\n<p>Alors enfilez votre chapeau artisanal, personnalisez votre propre bougie et allumez quelques ventes suppl\u00e9mentaires.&nbsp;<\/p>\n<p>Commandez d\u00e8s aujourd&apos;hui!<\/p>\n","protected":false},"excerpt":{"rendered":"<p>Votre marque m\u00e9rite d&apos;\u00eatre partout ! Les bougies sont une pi\u00e8ce d\u00e9corative intemporelle ayant la capacit\u00e9 de promouvoir votre marque et de renforcer votre cause. C&apos;est pourquoi nous pr\u00e9sentons la nouvelle gamme de Bougies en Cire de Soja Sans \u00e9tiquettes, pour vous aider \u00e0 cr\u00e9er vos propres bougies de marque sans d\u00e9pense excessive.Maintenant, vous pouvez [&hellip;]<\/p>\n","protected":false},"featured_media":313760,"comment_status":"closed","ping_status":"open","template":"","meta":[],"product_brand":[],"product_cat":[17461,19989,19988],"product_tag":[],"class_list":{"0":"post-235912","1":"product","2":"type-product","3":"status-publish","4":"has-post-thumbnail","6":"product_cat-bougeoirs-et-bougies","7":"product_cat-bougies-en-cire-de-soja","8":"product_cat-bougies-parfumees","9":"pa_collection-white-label-unbranded-soy-wax-jar-candles-fr","10":"pa_made-in-chine","12":"first","13":"outofstock","14":"purchasable","15":"product-type-simple"},"supplier_id":null,"supplier_sku":"WLSoyC-08","barcode":null,"atum_controlled":true,"out_stock_date":"2025-10-09 12:42:28","out_stock_threshold":null,"inheritable":false,"inbound_stock":null,"stock_on_hold":0,"sold_today":0,"sales_last_days":0,"reserved_stock":null,"customer_returns":null,"warehouse_damage":null,"lost_in_post":null,"other_logs":null,"out_stock_days":112,"lost_sales":0,"has_location":null,"update_date":"2026-01-30T01:25:12","atum_locations":[],"atum_stock_status":"outofstock","restock_status":false,"low_stock_amount":"","sales_update_date":"2026-01-30T01:25:12","calc_backorders":null,"_links":{"self":[{"href":"https:\/\/aromasentia.com\/fr\/wp-json\/wp\/v2\/product\/235912","targetHints":{"allow":["GET"]}}],"collection":[{"href":"https:\/\/aromasentia.com\/fr\/wp-json\/wp\/v2\/product"}],"about":[{"href":"https:\/\/aromasentia.com\/fr\/wp-json\/wp\/v2\/types\/product"}],"replies":[{"embeddable":true,"href":"https:\/\/aromasentia.com\/fr\/wp-json\/wp\/v2\/comments?post=235912"}],"version-history":[{"count":0,"href":"https:\/\/aromasentia.com\/fr\/wp-json\/wp\/v2\/product\/235912\/revisions"}],"wp:featuredmedia":[{"embeddable":true,"href":"https:\/\/aromasentia.com\/fr\/wp-json\/wp\/v2\/media\/313760"}],"wp:attachment":[{"href":"https:\/\/aromasentia.com\/fr\/wp-json\/wp\/v2\/media?parent=235912"}],"wp:term":[{"taxonomy":"product_brand","embeddable":true,"href":"https:\/\/aromasentia.com\/fr\/wp-json\/wp\/v2\/product_brand?post=235912"},{"taxonomy":"product_cat","embeddable":true,"href":"https:\/\/aromasentia.com\/fr\/wp-json\/wp\/v2\/product_cat?post=235912"},{"taxonomy":"product_tag","embeddable":true,"href":"https:\/\/aromasentia.com\/fr\/wp-json\/wp\/v2\/product_tag?post=235912"}],"curies":[{"name":"wp","href":"https:\/\/api.w.org\/{rel}","templated":true}]}}