{"id":235884,"date":"2025-03-21T11:43:56","date_gmt":"2025-03-21T11:43:56","guid":{"rendered":"https:\/\/aromasentia.com\/product\/zodiac-crystal-candle-with-gemstone-bracelet-libra\/"},"modified":"2025-06-23T19:01:15","modified_gmt":"2025-06-23T19:01:15","slug":"bougie-de-cristal-du-zodiaque-avec-bracelet-de-pierres-precieuses-balance","status":"publish","type":"product","link":"https:\/\/aromasentia.com\/fr\/bougie-de-cristal-du-zodiaque-avec-bracelet-de-pierres-precieuses-balance\/","title":{"rendered":"Bougie de Cristal du Zodiaque avec Bracelet de Pierres Pr\u00e9cieuses  &#8211; Balance"},"content":{"rendered":"<p><strong>Balance, trouvez votre \u00e9quilibre dans la danse cosmique.&nbsp;<\/strong><\/p>\n<p>Dansez, Balance, et laissez vos r\u00eaves s&rsquo;envoler sur les ailes d&rsquo;un \u00e9quilibre parfait.&nbsp;<\/p>\n<p><strong>L&rsquo;ensemble comprend un bracelet de pierres pr\u00e9cieuses compos\u00e9 d&rsquo;aventurine verte, d&rsquo;opale et de quartz rose&nbsp;<\/strong>s\u00e9lectionn\u00e9s pour r\u00e9sonner avec l&rsquo;esprit diplomatique de la Balance, amplifiant leur charme et favorisant l&rsquo;\u00e9quilibre dans leurs relations.&nbsp;<\/p>\n<p>-L&rsquo;aventurine verte aide \u00e0 trouver la clart\u00e9 et l&rsquo;\u00e9quilibre dans la prise de d\u00e9cision.&nbsp;<\/p>\n<p>-L&rsquo;opale renforce le charme naturel et la cr\u00e9ativit\u00e9 de la Balance.&nbsp;<\/p>\n<p>-Le quartz rose les aide \u00e0 maintenir l&rsquo;harmonie dans leurs relations.&nbsp;<\/p>\n<p>Les Balance, les charmeurs diplomatiques, recherchent l&rsquo;harmonie en toutes choses, naviguant gracieusement dans les situations avec un temp\u00e9rament \u00e9gal et un sens aigu de l&rsquo;\u00e9quit\u00e9. Leur amour de la beaut\u00e9 et de l&rsquo;\u00e9quilibre fait d&rsquo;elles des papillons sociaux.&nbsp;<\/p>\n<p><strong>Notes de t\u00eate :<\/strong> Herbes, \u00e9pices, agrumes.<\/p>\n<p><strong>Notes de c\u0153ur :<\/strong> Rose, G\u00e9ranium.&nbsp;<\/p>\n<p><strong>Notes de fond :<\/strong> mousse de ch\u00eane, vanille, musc.<\/p>\n","protected":false},"excerpt":{"rendered":"<p>Balance, trouvez votre \u00e9quilibre dans la danse cosmique.&nbsp; Dansez, Balance, et laissez vos r\u00eaves s&rsquo;envoler sur les ailes d&rsquo;un \u00e9quilibre parfait.&nbsp; L&rsquo;ensemble comprend un bracelet de pierres pr\u00e9cieuses compos\u00e9 d&rsquo;aventurine verte, d&rsquo;opale et de quartz rose&nbsp;s\u00e9lectionn\u00e9s pour r\u00e9sonner avec l&rsquo;esprit diplomatique de la Balance, amplifiant leur charme et favorisant l&rsquo;\u00e9quilibre dans leurs relations.&nbsp; -L&rsquo;aventurine verte [&hellip;]<\/p>\n","protected":false},"featured_media":314221,"comment_status":"closed","ping_status":"open","template":"","meta":{"_angie_page":false},"product_brand":[],"product_cat":[17461,25206],"product_tag":[],"class_list":{"0":"post-235884","1":"product","2":"type-product","3":"status-publish","4":"has-post-thumbnail","6":"product_cat-bougeoirs-et-bougies","7":"product_cat-bracelets","8":"pa_collection-zodiac-crystal-candles-with-gemstone-bracelet-fr","9":"pa_made-in-chine","11":"first","12":"instock","13":"purchasable","14":"product-type-simple"},"supplier_id":null,"supplier_sku":"ZCC-09","barcode":null,"atum_controlled":true,"out_stock_date":null,"out_stock_threshold":null,"inheritable":false,"inbound_stock":null,"stock_on_hold":0,"sold_today":0,"sales_last_days":0,"reserved_stock":null,"customer_returns":null,"warehouse_damage":null,"lost_in_post":null,"other_logs":null,"out_stock_days":0,"lost_sales":0,"has_location":null,"update_date":"2026-04-27T07:27:30","atum_locations":[],"atum_stock_status":"instock","restock_status":false,"low_stock_amount":"","sales_update_date":"2025-09-05T00:22:28","calc_backorders":null,"_links":{"self":[{"href":"https:\/\/aromasentia.com\/fr\/wp-json\/wp\/v2\/product\/235884","targetHints":{"allow":["GET"]}}],"collection":[{"href":"https:\/\/aromasentia.com\/fr\/wp-json\/wp\/v2\/product"}],"about":[{"href":"https:\/\/aromasentia.com\/fr\/wp-json\/wp\/v2\/types\/product"}],"replies":[{"embeddable":true,"href":"https:\/\/aromasentia.com\/fr\/wp-json\/wp\/v2\/comments?post=235884"}],"version-history":[{"count":0,"href":"https:\/\/aromasentia.com\/fr\/wp-json\/wp\/v2\/product\/235884\/revisions"}],"wp:featuredmedia":[{"embeddable":true,"href":"https:\/\/aromasentia.com\/fr\/wp-json\/wp\/v2\/media\/314221"}],"wp:attachment":[{"href":"https:\/\/aromasentia.com\/fr\/wp-json\/wp\/v2\/media?parent=235884"}],"wp:term":[{"taxonomy":"product_brand","embeddable":true,"href":"https:\/\/aromasentia.com\/fr\/wp-json\/wp\/v2\/product_brand?post=235884"},{"taxonomy":"product_cat","embeddable":true,"href":"https:\/\/aromasentia.com\/fr\/wp-json\/wp\/v2\/product_cat?post=235884"},{"taxonomy":"product_tag","embeddable":true,"href":"https:\/\/aromasentia.com\/fr\/wp-json\/wp\/v2\/product_tag?post=235884"}],"curies":[{"name":"wp","href":"https:\/\/api.w.org\/{rel}","templated":true}]}}