{"id":235880,"date":"2025-03-21T11:43:56","date_gmt":"2025-03-21T11:43:56","guid":{"rendered":"https:\/\/aromasentia.com\/product\/zodiac-crystal-candle-with-gemstone-bracelet-virgo\/"},"modified":"2025-06-23T19:01:14","modified_gmt":"2025-06-23T19:01:14","slug":"bougie-de-cristal-du-zodiaque-avec-bracelet-de-pierres-precieuses-vierge","status":"publish","type":"product","link":"https:\/\/aromasentia.com\/fr\/bougie-de-cristal-du-zodiaque-avec-bracelet-de-pierres-precieuses-vierge\/","title":{"rendered":"Bougie de Cristal du Zodiaque avec Bracelet de Pierres Pr\u00e9cieuses  &#8211; Vierge"},"content":{"rendered":"<p><strong>Embrassez l&rsquo;\u00e9nergie pratique mais profond\u00e9ment intuitive de la Vierge avec cette bougie en cristal du zodiaque.&nbsp;<\/strong><\/p>\n<p>Le parfum terreux de l&rsquo;oud cr\u00e9e une atmosph\u00e8re ancr\u00e9e et apaisante, refl\u00e9tant l&rsquo;amour de la Vierge pour l&rsquo;ordre, la nature et l&rsquo;\u00e9quilibre.&nbsp;<\/p>\n<p><strong>L&rsquo;ensemble comprend un bracelet de pierres pr\u00e9cieuses compos\u00e9 d&rsquo;am\u00e9thyste, de cornaline et d&rsquo;agate mousse<\/strong>, s\u00e9lectionn\u00e9es pour \u00eatre en r\u00e9sonance avec les qualit\u00e9s nourrici\u00e8res et analytiques de la Vierge :&nbsp;<\/p>\n<p>L&rsquo;am\u00e9thyste favorise la clart\u00e9 et la perspicacit\u00e9 spirituelle&nbsp;<\/p>\n<p>La cornaline stimule la motivation et la cr\u00e9ativit\u00e9 L&rsquo;agate mousse favorise la croissance et la connexion \u00e0 la nature.&nbsp;<\/p>\n<p>Cette combinaison de bougie et de bracelet, \u00e0 la fois apaisante et stimulante, est parfaite pour la pleine conscience, le soin de soi ou comme cadeau attentionn\u00e9 pour la Vierge.&nbsp;<\/p>\n<p><strong>Notes de t\u00eate :&nbsp;<\/strong>Framboise, clou de girofle&nbsp;<\/p>\n<p><strong>Notes de c\u0153ur :&nbsp;<\/strong>Rose, G\u00e9ranium, Jasmin, Praline&nbsp;<\/p>\n<p><strong>Notes de fond :<\/strong> Oudh, Ambre, Musc, Vanille<\/p>\n","protected":false},"excerpt":{"rendered":"<p>Embrassez l&rsquo;\u00e9nergie pratique mais profond\u00e9ment intuitive de la Vierge avec cette bougie en cristal du zodiaque.&nbsp; Le parfum terreux de l&rsquo;oud cr\u00e9e une atmosph\u00e8re ancr\u00e9e et apaisante, refl\u00e9tant l&rsquo;amour de la Vierge pour l&rsquo;ordre, la nature et l&rsquo;\u00e9quilibre.&nbsp; L&rsquo;ensemble comprend un bracelet de pierres pr\u00e9cieuses compos\u00e9 d&rsquo;am\u00e9thyste, de cornaline et d&rsquo;agate mousse, s\u00e9lectionn\u00e9es pour \u00eatre [&hellip;]<\/p>\n","protected":false},"featured_media":314188,"comment_status":"closed","ping_status":"open","template":"","meta":{"_angie_page":false},"product_brand":[],"product_cat":[17461,25206],"product_tag":[],"class_list":{"0":"post-235880","1":"product","2":"type-product","3":"status-publish","4":"has-post-thumbnail","6":"product_cat-bougeoirs-et-bougies","7":"product_cat-bracelets","8":"pa_collection-zodiac-crystal-candles-with-gemstone-bracelet-fr","9":"pa_made-in-chine","11":"first","12":"instock","13":"purchasable","14":"product-type-simple"},"supplier_id":null,"supplier_sku":"ZCC-08","barcode":null,"atum_controlled":true,"out_stock_date":null,"out_stock_threshold":null,"inheritable":false,"inbound_stock":null,"stock_on_hold":0,"sold_today":0,"sales_last_days":0,"reserved_stock":null,"customer_returns":null,"warehouse_damage":null,"lost_in_post":null,"other_logs":null,"out_stock_days":0,"lost_sales":0,"has_location":null,"update_date":"2026-04-27T07:27:30","atum_locations":[],"atum_stock_status":"instock","restock_status":false,"low_stock_amount":"","sales_update_date":"2025-09-05T00:22:28","calc_backorders":null,"_links":{"self":[{"href":"https:\/\/aromasentia.com\/fr\/wp-json\/wp\/v2\/product\/235880","targetHints":{"allow":["GET"]}}],"collection":[{"href":"https:\/\/aromasentia.com\/fr\/wp-json\/wp\/v2\/product"}],"about":[{"href":"https:\/\/aromasentia.com\/fr\/wp-json\/wp\/v2\/types\/product"}],"replies":[{"embeddable":true,"href":"https:\/\/aromasentia.com\/fr\/wp-json\/wp\/v2\/comments?post=235880"}],"version-history":[{"count":0,"href":"https:\/\/aromasentia.com\/fr\/wp-json\/wp\/v2\/product\/235880\/revisions"}],"wp:featuredmedia":[{"embeddable":true,"href":"https:\/\/aromasentia.com\/fr\/wp-json\/wp\/v2\/media\/314188"}],"wp:attachment":[{"href":"https:\/\/aromasentia.com\/fr\/wp-json\/wp\/v2\/media?parent=235880"}],"wp:term":[{"taxonomy":"product_brand","embeddable":true,"href":"https:\/\/aromasentia.com\/fr\/wp-json\/wp\/v2\/product_brand?post=235880"},{"taxonomy":"product_cat","embeddable":true,"href":"https:\/\/aromasentia.com\/fr\/wp-json\/wp\/v2\/product_cat?post=235880"},{"taxonomy":"product_tag","embeddable":true,"href":"https:\/\/aromasentia.com\/fr\/wp-json\/wp\/v2\/product_tag?post=235880"}],"curies":[{"name":"wp","href":"https:\/\/api.w.org\/{rel}","templated":true}]}}