{"id":235876,"date":"2025-03-21T11:43:56","date_gmt":"2025-03-21T11:43:56","guid":{"rendered":"https:\/\/aromasentia.com\/product\/zodiac-crystal-candle-with-gemstone-bracelet-leo\/"},"modified":"2025-06-23T19:01:14","modified_gmt":"2025-06-23T19:01:14","slug":"bougie-de-cristal-du-zodiaque-avec-bracelet-de-pierres-precieuses-lion","status":"publish","type":"product","link":"https:\/\/aromasentia.com\/fr\/bougie-de-cristal-du-zodiaque-avec-bracelet-de-pierres-precieuses-lion\/","title":{"rendered":"Bougie de Cristal du Zodiaque avec Bracelet de Pierres Pr\u00e9cieuses  &#8211; Lion"},"content":{"rendered":"<p><strong>Lib\u00e9rez l&rsquo;\u00e9nergie audacieuse et rayonnante du Lion avec cette Bougie de Cristal du Zodiaque. <\/strong><\/p>\n<p>Le parfum chaud et vivifiant de la citrine givr\u00e9e et du gingembre remplit l&rsquo;air, correspondant parfaitement \u00e0 l&rsquo;esprit vibrant et confiant de ce signe de feu.<\/p>\n<p><strong>L&rsquo;ensemble comprend un puissant bracelet de pierres pr\u00e9cieuses compos\u00e9 d&rsquo;\u0153il de tigre et de cornaline<\/strong>, soigneusement s\u00e9lectionn\u00e9s pour amplifier les forces du Lion :&nbsp;<\/p>\n<p>-L&rsquo;\u0153il de tigre renforce le courage et le pouvoir personnel&nbsp;<\/p>\n<p>-La cornaline stimule la cr\u00e9ativit\u00e9 et la motivation.&nbsp;<\/p>\n<p>Cette association audacieuse d&rsquo;une bougie et d&rsquo;un bracelet est parfaite pour renforcer le Lion qui sommeille en vous, ce qui en fait un cadeau id\u00e9al ou un compl\u00e9ment personnel au rituel de soin de soi.&nbsp;<\/p>\n<p><strong>Notes de t\u00eate : <\/strong>Nectarine, agrumes, notes vertes&nbsp;<\/p>\n<p><strong>Notes de c\u0153ur :<\/strong> P\u00e9tales de rose, Muguet, Gingembre&nbsp;<\/p>\n<p><strong>Notes de fond :<\/strong> Musc, bois<\/p>\n","protected":false},"excerpt":{"rendered":"<p>Lib\u00e9rez l&rsquo;\u00e9nergie audacieuse et rayonnante du Lion avec cette Bougie de Cristal du Zodiaque. Le parfum chaud et vivifiant de la citrine givr\u00e9e et du gingembre remplit l&rsquo;air, correspondant parfaitement \u00e0 l&rsquo;esprit vibrant et confiant de ce signe de feu. L&rsquo;ensemble comprend un puissant bracelet de pierres pr\u00e9cieuses compos\u00e9 d&rsquo;\u0153il de tigre et de cornaline, [&hellip;]<\/p>\n","protected":false},"featured_media":314155,"comment_status":"closed","ping_status":"open","template":"","meta":{"_angie_page":false},"product_brand":[],"product_cat":[17461,25206],"product_tag":[],"class_list":{"0":"post-235876","1":"product","2":"type-product","3":"status-publish","4":"has-post-thumbnail","6":"product_cat-bougeoirs-et-bougies","7":"product_cat-bracelets","8":"pa_collection-zodiac-crystal-candles-with-gemstone-bracelet-fr","9":"pa_made-in-chine","11":"first","12":"instock","13":"purchasable","14":"product-type-simple"},"supplier_id":null,"supplier_sku":"ZCC-07","barcode":null,"atum_controlled":true,"out_stock_date":null,"out_stock_threshold":null,"inheritable":false,"inbound_stock":null,"stock_on_hold":0,"sold_today":0,"sales_last_days":0,"reserved_stock":null,"customer_returns":null,"warehouse_damage":null,"lost_in_post":null,"other_logs":null,"out_stock_days":0,"lost_sales":0,"has_location":null,"update_date":"2026-04-27T07:27:30","atum_locations":[],"atum_stock_status":"instock","restock_status":false,"low_stock_amount":"","sales_update_date":"2025-09-05T00:22:28","calc_backorders":null,"_links":{"self":[{"href":"https:\/\/aromasentia.com\/fr\/wp-json\/wp\/v2\/product\/235876","targetHints":{"allow":["GET"]}}],"collection":[{"href":"https:\/\/aromasentia.com\/fr\/wp-json\/wp\/v2\/product"}],"about":[{"href":"https:\/\/aromasentia.com\/fr\/wp-json\/wp\/v2\/types\/product"}],"replies":[{"embeddable":true,"href":"https:\/\/aromasentia.com\/fr\/wp-json\/wp\/v2\/comments?post=235876"}],"version-history":[{"count":0,"href":"https:\/\/aromasentia.com\/fr\/wp-json\/wp\/v2\/product\/235876\/revisions"}],"wp:featuredmedia":[{"embeddable":true,"href":"https:\/\/aromasentia.com\/fr\/wp-json\/wp\/v2\/media\/314155"}],"wp:attachment":[{"href":"https:\/\/aromasentia.com\/fr\/wp-json\/wp\/v2\/media?parent=235876"}],"wp:term":[{"taxonomy":"product_brand","embeddable":true,"href":"https:\/\/aromasentia.com\/fr\/wp-json\/wp\/v2\/product_brand?post=235876"},{"taxonomy":"product_cat","embeddable":true,"href":"https:\/\/aromasentia.com\/fr\/wp-json\/wp\/v2\/product_cat?post=235876"},{"taxonomy":"product_tag","embeddable":true,"href":"https:\/\/aromasentia.com\/fr\/wp-json\/wp\/v2\/product_tag?post=235876"}],"curies":[{"name":"wp","href":"https:\/\/api.w.org\/{rel}","templated":true}]}}