{"id":235852,"date":"2025-03-21T14:37:32","date_gmt":"2025-03-21T14:37:32","guid":{"rendered":"https:\/\/aromasentia.com\/product\/all-natural-bag-blue-stonewash-mandala-harmony\/"},"modified":"2025-06-23T19:01:11","modified_gmt":"2025-06-23T19:01:11","slug":"sac-entierement-naturel-delavage-bleu-mandala-harmonie","status":"publish","type":"product","link":"https:\/\/aromasentia.com\/fr\/sac-entierement-naturel-delavage-bleu-mandala-harmonie\/","title":{"rendered":"Sac Enti\u00e8rement Naturel &#8211; D\u00e9lavage Bleu &#8211; Mandala &#8211; Harmonie"},"content":{"rendered":"<h1>Sac Enti\u00e8rement Naturel &#8211; D\u00e9lavage Bleu &#8211; Mandala &#8211; Harmonie<\/h1>\n<p>Plongez dans l&rsquo;harmonie et l&rsquo;\u00e9quilibre avec notre sac enti\u00e8rement naturel, d\u00e9licatement d\u00e9lav\u00e9 dans une teinte apaisante de bleu. Orn\u00e9e d&rsquo;un magnifique mandala, cette pi\u00e8ce exquise incarne la beaut\u00e9 et la profondeur de l&rsquo;art spirituel.<\/p>\n<p>Fabriqu\u00e9 \u00e0 partir de mat\u00e9riaux naturels de haute qualit\u00e9, ce sac t\u00e9moigne de notre engagement envers la durabilit\u00e9 et le respect de l&rsquo;environnement. Le d\u00e9lav\u00e9 bleu \u00e9voque la s\u00e9r\u00e9nit\u00e9 des vastes \u00e9tendues d&rsquo;eau, tandis que le mandala, symbole universel d&rsquo;harmonie et d&rsquo;\u00e9quilibre, ajoute une touche de sophistication et de spiritualit\u00e9 \u00e0 cet accessoire embl\u00e9matique.<\/p>\n<p>Que ce soit pour une journ\u00e9e de travail dynamique ou une escapade m\u00e9ditative, ce sac est le compagnon id\u00e9al pour transporter leurs essentiels avec \u00e9l\u00e9gance et tranquillit\u00e9 d&rsquo;esprit.<\/p>\n<p>Offrez \u00e0 votre client\u00e8le une exp\u00e9rience unique en leur proposant ce sac qui allie style, confort et spiritualit\u00e9.&nbsp;<\/p>\n<p><strong><span style=\"color: rgb(141, 186, 216);\">Commandez d\u00e8s maintenant et invitez-les \u00e0 se laisser envelopper par la beaut\u00e9 du mandala pour trouver l&rsquo;harmonie dans chaque instant de leur vie.<\/span><\/strong><\/p>\n","protected":false},"excerpt":{"rendered":"<p>Sac Enti\u00e8rement Naturel &#8211; D\u00e9lavage Bleu &#8211; Mandala &#8211; Harmonie Plongez dans l&rsquo;harmonie et l&rsquo;\u00e9quilibre avec notre sac enti\u00e8rement naturel, d\u00e9licatement d\u00e9lav\u00e9 dans une teinte apaisante de bleu. Orn\u00e9e d&rsquo;un magnifique mandala, cette pi\u00e8ce exquise incarne la beaut\u00e9 et la profondeur de l&rsquo;art spirituel. Fabriqu\u00e9 \u00e0 partir de mat\u00e9riaux naturels de haute qualit\u00e9, ce sac [&hellip;]<\/p>\n","protected":false},"featured_media":314430,"comment_status":"closed","ping_status":"open","template":"","meta":{"_angie_page":false},"product_brand":[],"product_cat":[19652,19651],"product_tag":[],"class_list":{"0":"post-235852","1":"product","2":"type-product","3":"status-publish","4":"has-post-thumbnail","6":"product_cat-sacs-sacs-a-dos","7":"product_cat-sacs-ecologiques","8":"pa_collection-all-natural-bags-fr","9":"pa_made-in-inde","11":"first","12":"instock","13":"purchasable","14":"product-type-simple"},"supplier_id":null,"supplier_sku":"ANB-04","barcode":null,"atum_controlled":true,"out_stock_date":null,"out_stock_threshold":null,"inheritable":false,"inbound_stock":null,"stock_on_hold":0,"sold_today":0,"sales_last_days":0,"reserved_stock":null,"customer_returns":null,"warehouse_damage":null,"lost_in_post":null,"other_logs":null,"out_stock_days":0,"lost_sales":0,"has_location":null,"update_date":"2026-04-27T06:50:22","atum_locations":[],"atum_stock_status":"instock","restock_status":false,"low_stock_amount":"","sales_update_date":"2026-01-30T01:25:50","calc_backorders":null,"_links":{"self":[{"href":"https:\/\/aromasentia.com\/fr\/wp-json\/wp\/v2\/product\/235852","targetHints":{"allow":["GET"]}}],"collection":[{"href":"https:\/\/aromasentia.com\/fr\/wp-json\/wp\/v2\/product"}],"about":[{"href":"https:\/\/aromasentia.com\/fr\/wp-json\/wp\/v2\/types\/product"}],"replies":[{"embeddable":true,"href":"https:\/\/aromasentia.com\/fr\/wp-json\/wp\/v2\/comments?post=235852"}],"version-history":[{"count":0,"href":"https:\/\/aromasentia.com\/fr\/wp-json\/wp\/v2\/product\/235852\/revisions"}],"wp:featuredmedia":[{"embeddable":true,"href":"https:\/\/aromasentia.com\/fr\/wp-json\/wp\/v2\/media\/314430"}],"wp:attachment":[{"href":"https:\/\/aromasentia.com\/fr\/wp-json\/wp\/v2\/media?parent=235852"}],"wp:term":[{"taxonomy":"product_brand","embeddable":true,"href":"https:\/\/aromasentia.com\/fr\/wp-json\/wp\/v2\/product_brand?post=235852"},{"taxonomy":"product_cat","embeddable":true,"href":"https:\/\/aromasentia.com\/fr\/wp-json\/wp\/v2\/product_cat?post=235852"},{"taxonomy":"product_tag","embeddable":true,"href":"https:\/\/aromasentia.com\/fr\/wp-json\/wp\/v2\/product_tag?post=235852"}],"curies":[{"name":"wp","href":"https:\/\/api.w.org\/{rel}","templated":true}]}}