{"id":235836,"date":"2025-03-21T14:37:32","date_gmt":"2025-03-21T14:37:32","guid":{"rendered":"https:\/\/aromasentia.com\/product\/agnes-and-cat-cotton-bag-6oz-35x30-cm-naturally-artisan\/"},"modified":"2025-06-23T19:01:07","modified_gmt":"2025-06-23T19:01:07","slug":"sac-en-coton-agnes-and-cat-6oz-35x30-cm-artisan-naturel","status":"publish","type":"product","link":"https:\/\/aromasentia.com\/fr\/sac-en-coton-agnes-and-cat-6oz-35x30-cm-artisan-naturel\/","title":{"rendered":"Sac en coton Agnes and Cat 6oz &#8211; 35&#215;30 cm &#8211; Artisan Naturel"},"content":{"rendered":"<p><strong><span style=\"color: rgb(75, 80, 88);\">Ces sacs fourre-tout Agn\u00e8s et chat<\/span><\/strong> en gros sont magnifiquement fabriqu\u00e9s en coton en Inde. Ils sont livr\u00e9s avec notre logo &#8211; Naturally Artisan &#8211; imprim\u00e9 dessus et de solides lani\u00e8res noires.&nbsp;<\/p>\n<p>Ils sont id\u00e9aux pour emballer nos produits et pour les clients \u00e0 emporter.&nbsp;<\/p>\n<p>Ces sacs fourre-tout sont un autre moyen facile pour vos clients d&rsquo;\u00eatre respectueux de l&rsquo;environnement et d&rsquo;avoir un beau sac qu&rsquo;ils peuvent utiliser et r\u00e9utiliser ! Vendu par lot de 10.&nbsp;<\/p>\n<p><strong><span style=\"color: rgb(141, 186, 216);\">Commandez maintenant. Utilisez et r\u00e9utilisez ! Soyez plus respectueux de l&rsquo;environnement.<\/span><\/strong><\/p>\n","protected":false},"excerpt":{"rendered":"<p>Ces sacs fourre-tout Agn\u00e8s et chat en gros sont magnifiquement fabriqu\u00e9s en coton en Inde. Ils sont livr\u00e9s avec notre logo &#8211; Naturally Artisan &#8211; imprim\u00e9 dessus et de solides lani\u00e8res noires.&nbsp; Ils sont id\u00e9aux pour emballer nos produits et pour les clients \u00e0 emporter.&nbsp; Ces sacs fourre-tout sont un autre moyen facile pour vos [&hellip;]<\/p>\n","protected":false},"featured_media":314338,"comment_status":"closed","ping_status":"open","template":"","meta":{"_angie_page":false},"product_brand":[27089],"product_cat":[19652,19651,19722],"product_tag":[],"class_list":{"0":"post-235836","1":"product","2":"type-product","3":"status-publish","4":"has-post-thumbnail","6":"product_brand-agnes-and-cat","7":"product_cat-sacs-sacs-a-dos","8":"product_cat-sacs-ecologiques","9":"product_cat-sacs-ethno-nepalais-et-sacs-bandouliere","10":"pa_collection-agnes-cat-cotton-tote-bags-fr","11":"pa_made-in-inde","13":"first","14":"instock","15":"purchasable","16":"product-type-simple"},"supplier_id":null,"supplier_sku":"ACCBag-02","barcode":null,"atum_controlled":true,"out_stock_date":null,"out_stock_threshold":null,"inheritable":false,"inbound_stock":null,"stock_on_hold":0,"sold_today":0,"sales_last_days":0,"reserved_stock":null,"customer_returns":null,"warehouse_damage":null,"lost_in_post":null,"other_logs":null,"out_stock_days":0,"lost_sales":0,"has_location":null,"update_date":"2026-04-27T06:49:08","atum_locations":[],"atum_stock_status":"instock","restock_status":false,"low_stock_amount":"","sales_update_date":"2026-02-06T00:01:45","calc_backorders":null,"_links":{"self":[{"href":"https:\/\/aromasentia.com\/fr\/wp-json\/wp\/v2\/product\/235836","targetHints":{"allow":["GET"]}}],"collection":[{"href":"https:\/\/aromasentia.com\/fr\/wp-json\/wp\/v2\/product"}],"about":[{"href":"https:\/\/aromasentia.com\/fr\/wp-json\/wp\/v2\/types\/product"}],"replies":[{"embeddable":true,"href":"https:\/\/aromasentia.com\/fr\/wp-json\/wp\/v2\/comments?post=235836"}],"version-history":[{"count":0,"href":"https:\/\/aromasentia.com\/fr\/wp-json\/wp\/v2\/product\/235836\/revisions"}],"wp:featuredmedia":[{"embeddable":true,"href":"https:\/\/aromasentia.com\/fr\/wp-json\/wp\/v2\/media\/314338"}],"wp:attachment":[{"href":"https:\/\/aromasentia.com\/fr\/wp-json\/wp\/v2\/media?parent=235836"}],"wp:term":[{"taxonomy":"product_brand","embeddable":true,"href":"https:\/\/aromasentia.com\/fr\/wp-json\/wp\/v2\/product_brand?post=235836"},{"taxonomy":"product_cat","embeddable":true,"href":"https:\/\/aromasentia.com\/fr\/wp-json\/wp\/v2\/product_cat?post=235836"},{"taxonomy":"product_tag","embeddable":true,"href":"https:\/\/aromasentia.com\/fr\/wp-json\/wp\/v2\/product_tag?post=235836"}],"curies":[{"name":"wp","href":"https:\/\/api.w.org\/{rel}","templated":true}]}}