{"id":235760,"date":"2025-03-21T14:37:36","date_gmt":"2025-03-21T14:37:36","guid":{"rendered":"https:\/\/aromasentia.com\/product\/hop-hare-bamboo-socks-36-40-lucky-elephant\/"},"modified":"2025-06-23T19:00:55","modified_gmt":"2025-06-23T19:00:55","slug":"chaussettes-en-bambou-hop-hare-36-40-elephant-chanceux","status":"publish","type":"product","link":"https:\/\/aromasentia.com\/fr\/chaussettes-en-bambou-hop-hare-36-40-elephant-chanceux\/","title":{"rendered":"Chaussettes en Bambou Hop Hare (36-40) &#8211; \u00c9l\u00e9phant chanceux"},"content":{"rendered":"<p><font color=\"#4b5058\"><b>Les chaussettes Hop Hare \u00e9l\u00e9phant&nbsp;Chanceux sont disponibles en deux tailles :<\/b><\/font>&nbsp;<\/p>\n<p>3,5-6,5 UK (36-40 EU) et 7,5-11,5 UK (41-46 EU).&nbsp;<\/p>\n<p>Fabriqu\u00e9 en Turquie.&nbsp;<\/p>\n<p>Composition : 70% Bambou, 28,5% Polyamide, 1,5% \u00e9lasthanne.&nbsp;<\/p>\n<p>Pourquoi des chaussettes en bambou ?&nbsp;<\/p>\n<p>&#8211; respirant&nbsp;<\/p>\n<p>&#8211; antibact\u00e9rien&nbsp;<\/p>\n<p>&#8211; thermo r\u00e9gulateur&nbsp;<\/p>\n<p>&#8211; \u00e9vacuation de l&rsquo;humidit\u00e9&nbsp;<\/p>\n<p>&#8211; couture d&rsquo;orteil lisse&nbsp;<\/p>\n<p>&#8211; fibres de bambou respectueuses de l&rsquo;environnement<\/p>\n","protected":false},"excerpt":{"rendered":"<p>Les chaussettes Hop Hare \u00e9l\u00e9phant&nbsp;Chanceux sont disponibles en deux tailles :&nbsp; 3,5-6,5 UK (36-40 EU) et 7,5-11,5 UK (41-46 EU).&nbsp; Fabriqu\u00e9 en Turquie.&nbsp; Composition : 70% Bambou, 28,5% Polyamide, 1,5% \u00e9lasthanne.&nbsp; Pourquoi des chaussettes en bambou ?&nbsp; &#8211; respirant&nbsp; &#8211; antibact\u00e9rien&nbsp; &#8211; thermo r\u00e9gulateur&nbsp; &#8211; \u00e9vacuation de l&rsquo;humidit\u00e9&nbsp; &#8211; couture d&rsquo;orteil lisse&nbsp; &#8211; fibres de [&hellip;]<\/p>\n","protected":false},"featured_media":314983,"comment_status":"closed","ping_status":"open","template":"","meta":[],"product_brand":[27113],"product_cat":[26612,25836],"product_tag":[],"class_list":{"0":"post-235760","1":"product","2":"type-product","3":"status-publish","4":"has-post-thumbnail","6":"product_brand-hop-hare","7":"product_cat-chaussettes","8":"product_cat-vetements","9":"pa_collection-hop-hare-bamboo-socks-fr","10":"pa_made-in-turquie","12":"first","13":"instock","14":"purchasable","15":"product-type-simple"},"supplier_id":null,"supplier_sku":"BamS-02F","barcode":null,"atum_controlled":true,"out_stock_date":null,"out_stock_threshold":null,"inheritable":false,"inbound_stock":null,"stock_on_hold":0,"sold_today":0,"sales_last_days":0,"reserved_stock":null,"customer_returns":null,"warehouse_damage":null,"lost_in_post":null,"other_logs":null,"out_stock_days":34,"lost_sales":0,"has_location":null,"update_date":"2026-01-27T15:18:18","atum_locations":[],"atum_stock_status":"instock","restock_status":false,"low_stock_amount":"","sales_update_date":"2025-10-09T03:25:02","calc_backorders":null,"_links":{"self":[{"href":"https:\/\/aromasentia.com\/fr\/wp-json\/wp\/v2\/product\/235760","targetHints":{"allow":["GET"]}}],"collection":[{"href":"https:\/\/aromasentia.com\/fr\/wp-json\/wp\/v2\/product"}],"about":[{"href":"https:\/\/aromasentia.com\/fr\/wp-json\/wp\/v2\/types\/product"}],"replies":[{"embeddable":true,"href":"https:\/\/aromasentia.com\/fr\/wp-json\/wp\/v2\/comments?post=235760"}],"version-history":[{"count":0,"href":"https:\/\/aromasentia.com\/fr\/wp-json\/wp\/v2\/product\/235760\/revisions"}],"wp:featuredmedia":[{"embeddable":true,"href":"https:\/\/aromasentia.com\/fr\/wp-json\/wp\/v2\/media\/314983"}],"wp:attachment":[{"href":"https:\/\/aromasentia.com\/fr\/wp-json\/wp\/v2\/media?parent=235760"}],"wp:term":[{"taxonomy":"product_brand","embeddable":true,"href":"https:\/\/aromasentia.com\/fr\/wp-json\/wp\/v2\/product_brand?post=235760"},{"taxonomy":"product_cat","embeddable":true,"href":"https:\/\/aromasentia.com\/fr\/wp-json\/wp\/v2\/product_cat?post=235760"},{"taxonomy":"product_tag","embeddable":true,"href":"https:\/\/aromasentia.com\/fr\/wp-json\/wp\/v2\/product_tag?post=235760"}],"curies":[{"name":"wp","href":"https:\/\/api.w.org\/{rel}","templated":true}]}}