{"id":235684,"date":"2025-03-21T14:37:40","date_gmt":"2025-03-21T14:37:40","guid":{"rendered":"https:\/\/aromasentia.com\/product\/hop-hare-bamboo-socks-36-40-pentagram-and-evil-eye\/"},"modified":"2025-06-23T19:00:45","modified_gmt":"2025-06-23T19:00:45","slug":"chaussettes-bambou-hop-hare-36-40-pentagramme-et-mauvais-oeil","status":"publish","type":"product","link":"https:\/\/aromasentia.com\/fr\/chaussettes-bambou-hop-hare-36-40-pentagramme-et-mauvais-oeil\/","title":{"rendered":"Chaussettes Bambou Hop Hare (36-40) &#8211; Pentagramme et Mauvais \u0152il"},"content":{"rendered":"<p><strong><span style=\"color: rgb(75, 80, 88);\">Les chaussettes Hop Hare Pentagramme et Mauvais oeil sont disponibles en deux tailles :<\/span><\/strong>&nbsp;<\/p>\n<p>3,5-6,5 UK (36-40 EU) et 7,5-11,5 UK (41-46 EU).&nbsp;<\/p>\n<p>Fabriqu\u00e9 en Turquie.&nbsp;<\/p>\n<p>Composition : 70% Bambou, 28,5% Polyamide, 1,5% \u00e9lasthanne.&nbsp;<\/p>\n<p>Pourquoi des chaussettes en bambou ?&nbsp;<\/p>\n<p>&#8211; respirant&nbsp;<\/p>\n<p>&#8211; antibact\u00e9rien&nbsp;<\/p>\n<p>&#8211; thermo r\u00e9gulateur&nbsp;<\/p>\n<p>&#8211; \u00e9vacuation de l&rsquo;humidit\u00e9&nbsp;<\/p>\n<p>&#8211; couture d&rsquo;orteil lisse&nbsp;<\/p>\n<p>&#8211; fibres de bambou respectueuses de l&rsquo;environnement<\/p>\n","protected":false},"excerpt":{"rendered":"<p>Les chaussettes Hop Hare Pentagramme et Mauvais oeil sont disponibles en deux tailles :&nbsp; 3,5-6,5 UK (36-40 EU) et 7,5-11,5 UK (41-46 EU).&nbsp; Fabriqu\u00e9 en Turquie.&nbsp; Composition : 70% Bambou, 28,5% Polyamide, 1,5% \u00e9lasthanne.&nbsp; Pourquoi des chaussettes en bambou ?&nbsp; &#8211; respirant&nbsp; &#8211; antibact\u00e9rien&nbsp; &#8211; thermo r\u00e9gulateur&nbsp; &#8211; \u00e9vacuation de l&rsquo;humidit\u00e9&nbsp; &#8211; couture d&rsquo;orteil lisse&nbsp; [&hellip;]<\/p>\n","protected":false},"featured_media":315552,"comment_status":"closed","ping_status":"open","template":"","meta":[],"product_brand":[27113],"product_cat":[26612,25836],"product_tag":[],"class_list":{"0":"post-235684","1":"product","2":"type-product","3":"status-publish","4":"has-post-thumbnail","6":"product_brand-hop-hare","7":"product_cat-chaussettes","8":"product_cat-vetements","9":"pa_collection-hop-hare-bamboo-socks-fr","10":"pa_made-in-turquie","12":"first","13":"instock","14":"purchasable","15":"product-type-simple"},"supplier_id":null,"supplier_sku":"BamS-20F","barcode":null,"atum_controlled":true,"out_stock_date":null,"out_stock_threshold":null,"inheritable":false,"inbound_stock":null,"stock_on_hold":0,"sold_today":0,"sales_last_days":0,"reserved_stock":null,"customer_returns":null,"warehouse_damage":null,"lost_in_post":null,"other_logs":null,"out_stock_days":0,"lost_sales":0,"has_location":null,"update_date":"2026-01-29T22:40:16","atum_locations":[],"atum_stock_status":"instock","restock_status":false,"low_stock_amount":"","sales_update_date":"2025-10-09T03:25:11","calc_backorders":null,"_links":{"self":[{"href":"https:\/\/aromasentia.com\/fr\/wp-json\/wp\/v2\/product\/235684","targetHints":{"allow":["GET"]}}],"collection":[{"href":"https:\/\/aromasentia.com\/fr\/wp-json\/wp\/v2\/product"}],"about":[{"href":"https:\/\/aromasentia.com\/fr\/wp-json\/wp\/v2\/types\/product"}],"replies":[{"embeddable":true,"href":"https:\/\/aromasentia.com\/fr\/wp-json\/wp\/v2\/comments?post=235684"}],"version-history":[{"count":0,"href":"https:\/\/aromasentia.com\/fr\/wp-json\/wp\/v2\/product\/235684\/revisions"}],"wp:featuredmedia":[{"embeddable":true,"href":"https:\/\/aromasentia.com\/fr\/wp-json\/wp\/v2\/media\/315552"}],"wp:attachment":[{"href":"https:\/\/aromasentia.com\/fr\/wp-json\/wp\/v2\/media?parent=235684"}],"wp:term":[{"taxonomy":"product_brand","embeddable":true,"href":"https:\/\/aromasentia.com\/fr\/wp-json\/wp\/v2\/product_brand?post=235684"},{"taxonomy":"product_cat","embeddable":true,"href":"https:\/\/aromasentia.com\/fr\/wp-json\/wp\/v2\/product_cat?post=235684"},{"taxonomy":"product_tag","embeddable":true,"href":"https:\/\/aromasentia.com\/fr\/wp-json\/wp\/v2\/product_tag?post=235684"}],"curies":[{"name":"wp","href":"https:\/\/api.w.org\/{rel}","templated":true}]}}