{"id":235544,"date":"2025-03-21T14:37:49","date_gmt":"2025-03-21T14:37:49","guid":{"rendered":"https:\/\/aromasentia.com\/product\/m-l-hop-hare-bamboo-socks-low-41-46-moonlight-wolfs\/"},"modified":"2025-06-23T19:00:26","modified_gmt":"2025-06-23T19:00:26","slug":"socquettes-courtes-en-bambou-hop-hare-m-l-41-46-moonlight-wolfs","status":"publish","type":"product","link":"https:\/\/aromasentia.com\/fr\/socquettes-courtes-en-bambou-hop-hare-m-l-41-46-moonlight-wolfs\/","title":{"rendered":"Socquettes  Courtes en Bambou Hop Hare M\/L (41-46) &#8211; Moonlight Wolfs"},"content":{"rendered":"<p>Adoptez l&rsquo;esprit sauvage avec les chaussettes basses en bambou Hop Hare M\/L (41-46) &#8211; Loups au clair de lune. Ces captivantes chaussettes basses en bambou (tailles 41-46) pr\u00e9sentent un motif mystique de loups au clair de lune, symbolisant l&rsquo;intuition, la libert\u00e9 et la loyaut\u00e9. Fabriqu\u00e9es en bambou incroyablement doux et respectueux de l&rsquo;environnement, elles offrent un confort sup\u00e9rieur. Un accessoire parfait pour ceux qui sont attir\u00e9s par la beaut\u00e9 sauvage de la nature et l&rsquo;allure \u00e9nigmatique du loup, ajoutant une touche de nature sauvage \u00e0 votre style.<\/p>\n","protected":false},"excerpt":{"rendered":"<p>Adoptez l&rsquo;esprit sauvage avec les chaussettes basses en bambou Hop Hare M\/L (41-46) &#8211; Loups au clair de lune. Ces captivantes chaussettes basses en bambou (tailles 41-46) pr\u00e9sentent un motif mystique de loups au clair de lune, symbolisant l&rsquo;intuition, la libert\u00e9 et la loyaut\u00e9. Fabriqu\u00e9es en bambou incroyablement doux et respectueux de l&rsquo;environnement, elles offrent [&hellip;]<\/p>\n","protected":false},"featured_media":316786,"comment_status":"closed","ping_status":"open","template":"","meta":[],"product_brand":[27113],"product_cat":[26612,25836],"product_tag":[],"class_list":{"0":"post-235544","1":"product","2":"type-product","3":"status-publish","4":"has-post-thumbnail","6":"product_brand-hop-hare","7":"product_cat-chaussettes","8":"product_cat-vetements","9":"pa_collection-hop-hore-bamboo-low-trainer-socks-fr","10":"pa_made-in-turquie","12":"first","13":"instock","14":"purchasable","15":"product-type-simple"},"supplier_id":null,"supplier_sku":"BamSL-14M","barcode":null,"atum_controlled":true,"out_stock_date":null,"out_stock_threshold":null,"inheritable":false,"inbound_stock":null,"stock_on_hold":0,"sold_today":0,"sales_last_days":0,"reserved_stock":null,"customer_returns":null,"warehouse_damage":null,"lost_in_post":null,"other_logs":null,"out_stock_days":0,"lost_sales":0,"has_location":null,"update_date":"2026-01-30T01:25:43","atum_locations":[],"atum_stock_status":"instock","restock_status":false,"low_stock_amount":"","sales_update_date":"2026-01-30T01:25:43","calc_backorders":null,"_links":{"self":[{"href":"https:\/\/aromasentia.com\/fr\/wp-json\/wp\/v2\/product\/235544","targetHints":{"allow":["GET"]}}],"collection":[{"href":"https:\/\/aromasentia.com\/fr\/wp-json\/wp\/v2\/product"}],"about":[{"href":"https:\/\/aromasentia.com\/fr\/wp-json\/wp\/v2\/types\/product"}],"replies":[{"embeddable":true,"href":"https:\/\/aromasentia.com\/fr\/wp-json\/wp\/v2\/comments?post=235544"}],"version-history":[{"count":0,"href":"https:\/\/aromasentia.com\/fr\/wp-json\/wp\/v2\/product\/235544\/revisions"}],"wp:featuredmedia":[{"embeddable":true,"href":"https:\/\/aromasentia.com\/fr\/wp-json\/wp\/v2\/media\/316786"}],"wp:attachment":[{"href":"https:\/\/aromasentia.com\/fr\/wp-json\/wp\/v2\/media?parent=235544"}],"wp:term":[{"taxonomy":"product_brand","embeddable":true,"href":"https:\/\/aromasentia.com\/fr\/wp-json\/wp\/v2\/product_brand?post=235544"},{"taxonomy":"product_cat","embeddable":true,"href":"https:\/\/aromasentia.com\/fr\/wp-json\/wp\/v2\/product_cat?post=235544"},{"taxonomy":"product_tag","embeddable":true,"href":"https:\/\/aromasentia.com\/fr\/wp-json\/wp\/v2\/product_tag?post=235544"}],"curies":[{"name":"wp","href":"https:\/\/api.w.org\/{rel}","templated":true}]}}