{"id":235540,"date":"2025-03-21T14:37:49","date_gmt":"2025-03-21T14:37:49","guid":{"rendered":"https:\/\/aromasentia.com\/product\/m-l-hop-hare-bamboo-socks-low-41-46-lucky-cat\/"},"modified":"2025-06-23T19:00:26","modified_gmt":"2025-06-23T19:00:26","slug":"socquettes-courtes-en-bambou-hop-hare-m-l-41-46-lucky-cat","status":"publish","type":"product","link":"https:\/\/aromasentia.com\/fr\/socquettes-courtes-en-bambou-hop-hare-m-l-41-46-lucky-cat\/","title":{"rendered":"Socquettes  Courtes en Bambou Hop Hare M\/L (41-46) &#8211; Lucky Cat"},"content":{"rendered":"<p>Invitez la prosp\u00e9rit\u00e9 avec les chaussettes basses en bambou Hop Hare M\/L (41-46) &#8211; Lucky Cat. Ces charmantes chaussettes basses en bambou, pour les tailles 41-46, sont orn\u00e9es du Maneki-neko, le chat japonais qui fait signe, un symbole populaire de chance et de fortune. Fabriqu\u00e9es en bambou exceptionnellement doux et respirant, elles assurent un confort tout au long de la journ\u00e9e tout en ajoutant une touche de charme fantaisiste. Une fa\u00e7on d\u00e9licieuse et discr\u00e8te d&#8217;emporter avec soi un petit suppl\u00e9ment de chance et d&rsquo;attrait f\u00e9lin.<\/p>\n","protected":false},"excerpt":{"rendered":"<p>Invitez la prosp\u00e9rit\u00e9 avec les chaussettes basses en bambou Hop Hare M\/L (41-46) &#8211; Lucky Cat. Ces charmantes chaussettes basses en bambou, pour les tailles 41-46, sont orn\u00e9es du Maneki-neko, le chat japonais qui fait signe, un symbole populaire de chance et de fortune. Fabriqu\u00e9es en bambou exceptionnellement doux et respirant, elles assurent un confort [&hellip;]<\/p>\n","protected":false},"featured_media":316737,"comment_status":"closed","ping_status":"open","template":"","meta":[],"product_brand":[27113],"product_cat":[26612,25836],"product_tag":[],"class_list":{"0":"post-235540","1":"product","2":"type-product","3":"status-publish","4":"has-post-thumbnail","6":"product_brand-hop-hare","7":"product_cat-chaussettes","8":"product_cat-vetements","9":"pa_collection-hop-hore-bamboo-low-trainer-socks-fr","10":"pa_made-in-turquie","12":"first","13":"outofstock","14":"purchasable","15":"product-type-simple"},"supplier_id":null,"supplier_sku":"BamSL-13M","barcode":null,"atum_controlled":true,"out_stock_date":"2026-02-09 10:23:43","out_stock_threshold":null,"inheritable":false,"inbound_stock":null,"stock_on_hold":0,"sold_today":0,"sales_last_days":0,"reserved_stock":null,"customer_returns":null,"warehouse_damage":null,"lost_in_post":null,"other_logs":null,"out_stock_days":0,"lost_sales":0,"has_location":null,"update_date":"2026-02-09T11:35:49","atum_locations":[],"atum_stock_status":"outofstock","restock_status":false,"low_stock_amount":"","sales_update_date":"2026-02-06T00:00:48","calc_backorders":null,"_links":{"self":[{"href":"https:\/\/aromasentia.com\/fr\/wp-json\/wp\/v2\/product\/235540","targetHints":{"allow":["GET"]}}],"collection":[{"href":"https:\/\/aromasentia.com\/fr\/wp-json\/wp\/v2\/product"}],"about":[{"href":"https:\/\/aromasentia.com\/fr\/wp-json\/wp\/v2\/types\/product"}],"replies":[{"embeddable":true,"href":"https:\/\/aromasentia.com\/fr\/wp-json\/wp\/v2\/comments?post=235540"}],"version-history":[{"count":0,"href":"https:\/\/aromasentia.com\/fr\/wp-json\/wp\/v2\/product\/235540\/revisions"}],"wp:featuredmedia":[{"embeddable":true,"href":"https:\/\/aromasentia.com\/fr\/wp-json\/wp\/v2\/media\/316737"}],"wp:attachment":[{"href":"https:\/\/aromasentia.com\/fr\/wp-json\/wp\/v2\/media?parent=235540"}],"wp:term":[{"taxonomy":"product_brand","embeddable":true,"href":"https:\/\/aromasentia.com\/fr\/wp-json\/wp\/v2\/product_brand?post=235540"},{"taxonomy":"product_cat","embeddable":true,"href":"https:\/\/aromasentia.com\/fr\/wp-json\/wp\/v2\/product_cat?post=235540"},{"taxonomy":"product_tag","embeddable":true,"href":"https:\/\/aromasentia.com\/fr\/wp-json\/wp\/v2\/product_tag?post=235540"}],"curies":[{"name":"wp","href":"https:\/\/api.w.org\/{rel}","templated":true}]}}