{"id":235448,"date":"2025-03-21T14:37:53","date_gmt":"2025-03-21T14:37:53","guid":{"rendered":"https:\/\/aromasentia.com\/product\/back-to-the-bazaar-bag-yellow-orange\/"},"modified":"2025-06-23T19:00:12","modified_gmt":"2025-06-23T19:00:12","slug":"sac-retour-au-bazar-jaune-orange","status":"publish","type":"product","link":"https:\/\/aromasentia.com\/fr\/sac-retour-au-bazar-jaune-orange\/","title":{"rendered":"Sac Retour au Bazar &#8211; Jaune &#038; Orange"},"content":{"rendered":"<p><strong><span style=\"color: rgb(75, 80, 88);\">Ce magnifique sac de bazar&nbsp;<\/span><\/strong>en gros peut contenir tout, des produits d&rsquo;\u00e9picerie aux serviettes de plage, ce qui en fait le sac de tous les jours id\u00e9al !&nbsp;<\/p>\n<p>Il a une petite poche \u00e0 l&rsquo;int\u00e9rieur, deux bretelles et une fermeture zipp\u00e9e sur le dessus pour garder vos objets en s\u00e9curit\u00e9.&nbsp;<\/p>\n<p>Dimensions : 45 x 13,5 x 41,5 cm Longueur du bracelet : 35 cm Conception r\u00e9sistante.&nbsp;<\/p>\n<p><strong><span style=\"color: rgb(141, 186, 216);\">Commandez aujourd&rsquo;hui pour r\u00e9aliser des ventes suppl\u00e9mentaires.<\/span><\/strong><\/p>\n","protected":false},"excerpt":{"rendered":"<p>Ce magnifique sac de bazar&nbsp;en gros peut contenir tout, des produits d&rsquo;\u00e9picerie aux serviettes de plage, ce qui en fait le sac de tous les jours id\u00e9al !&nbsp; Il a une petite poche \u00e0 l&rsquo;int\u00e9rieur, deux bretelles et une fermeture zipp\u00e9e sur le dessus pour garder vos objets en s\u00e9curit\u00e9.&nbsp; Dimensions : 45 x 13,5 [&hellip;]<\/p>\n","protected":false},"featured_media":317893,"comment_status":"closed","ping_status":"open","template":"","meta":[],"product_brand":[],"product_cat":[19652,19651],"product_tag":[],"class_list":{"0":"post-235448","1":"product","2":"type-product","3":"status-publish","4":"has-post-thumbnail","6":"product_cat-sacs-sacs-a-dos","7":"product_cat-sacs-ecologiques","8":"pa_made-in-chine","10":"first","11":"outofstock","12":"purchasable","13":"product-type-simple"},"supplier_id":null,"supplier_sku":"BAZ-01","barcode":null,"atum_controlled":true,"out_stock_date":"2025-10-09 12:35:48","out_stock_threshold":null,"inheritable":false,"inbound_stock":null,"stock_on_hold":0,"sold_today":0,"sales_last_days":0,"reserved_stock":null,"customer_returns":null,"warehouse_damage":null,"lost_in_post":null,"other_logs":null,"out_stock_days":112,"lost_sales":0,"has_location":null,"update_date":"2026-01-30T01:25:10","atum_locations":[],"atum_stock_status":"outofstock","restock_status":false,"low_stock_amount":"","sales_update_date":"2026-01-30T01:25:10","calc_backorders":null,"_links":{"self":[{"href":"https:\/\/aromasentia.com\/fr\/wp-json\/wp\/v2\/product\/235448","targetHints":{"allow":["GET"]}}],"collection":[{"href":"https:\/\/aromasentia.com\/fr\/wp-json\/wp\/v2\/product"}],"about":[{"href":"https:\/\/aromasentia.com\/fr\/wp-json\/wp\/v2\/types\/product"}],"replies":[{"embeddable":true,"href":"https:\/\/aromasentia.com\/fr\/wp-json\/wp\/v2\/comments?post=235448"}],"version-history":[{"count":0,"href":"https:\/\/aromasentia.com\/fr\/wp-json\/wp\/v2\/product\/235448\/revisions"}],"wp:featuredmedia":[{"embeddable":true,"href":"https:\/\/aromasentia.com\/fr\/wp-json\/wp\/v2\/media\/317893"}],"wp:attachment":[{"href":"https:\/\/aromasentia.com\/fr\/wp-json\/wp\/v2\/media?parent=235448"}],"wp:term":[{"taxonomy":"product_brand","embeddable":true,"href":"https:\/\/aromasentia.com\/fr\/wp-json\/wp\/v2\/product_brand?post=235448"},{"taxonomy":"product_cat","embeddable":true,"href":"https:\/\/aromasentia.com\/fr\/wp-json\/wp\/v2\/product_cat?post=235448"},{"taxonomy":"product_tag","embeddable":true,"href":"https:\/\/aromasentia.com\/fr\/wp-json\/wp\/v2\/product_tag?post=235448"}],"curies":[{"name":"wp","href":"https:\/\/api.w.org\/{rel}","templated":true}]}}