{"id":235436,"date":"2025-03-21T14:37:53","date_gmt":"2025-03-21T14:37:53","guid":{"rendered":"https:\/\/aromasentia.com\/product\/s-m-hop-hare-bamboo-socks-low-36-40-evil-eye-hamsa\/"},"modified":"2025-06-23T19:00:09","modified_gmt":"2025-06-23T19:00:09","slug":"socquettes-en-bambou-hop-hare-s-m-36-40-mauvais-oeil-main-de-fatma","status":"publish","type":"product","link":"https:\/\/aromasentia.com\/fr\/socquettes-en-bambou-hop-hare-s-m-36-40-mauvais-oeil-main-de-fatma\/","title":{"rendered":"Socquettes  en Bambou Hop Hare S\/M (36-40) &#8211; Mauvais \u0152il &#038; Main de Fatma"},"content":{"rendered":"<\/p>\n<p><strong>Les chaussettes Hop Hare Bamboo Low &#8211; Evil Eye &#038; ; Hamsa<\/strong> &#8211; &nbsp;un design captivant rencontre un confort exceptionnel. Ces chaussettes sont une repr\u00e9sentation \u00e9tonnante du mysticisme, des croyances, des traditions et des symboles puissants de protection et de bonne fortune, offrant une fusion de style et de signification spirituelle.&nbsp;<\/p>\n<p>Fabriqu\u00e9es en fil de bambou de haute qualit\u00e9. Les avantages de la<strong>&nbsp;fibre de bambou<\/strong>, tels que l&rsquo;excellente absorption de l&rsquo;humidit\u00e9 et la ventilation, aident \u00e0 garder les pieds au frais, au sec et sans odeur. La mati\u00e8re en bambou offre \u00e9galement un toucher doux et soyeux, ce qui rend ces chaussettes agr\u00e9ables \u00e0 porter.<\/p>\n<p>Le design s&rsquo;inspire des symboles <strong>Eilil Eye et Hamsa&nbsp;<\/strong>. Les motifs et les couleurs du symbole du mauvais \u0153il et du hamsa \u00e9voquent un sentiment de positivit\u00e9, repoussant les \u00e9nergies n\u00e9gatives et apportant chance et protection \u00e0 la personne qui les porte. La combinaison de ces symboles cr\u00e9e un m\u00e9lange harmonieux de croyances et de traditions anciennes qui transcendent les fronti\u00e8res culturelles. <\/p>\n<p>La coupe basse assure un look polyvalent et \u00e0 la mode qui se marie bien avec diff\u00e9rents styles de chaussures, des baskets aux mocassins.<\/p>\n<p>Les chaussettes Hop Hare sont disponibles en deux tailles : 3,5-6,5 UK (36-40 EU) et 7,5-11,5 UK (41-46 EU). Fabriqu\u00e9es en fil de bambou de haute qualit\u00e9, elles laissent les pieds respirer.<\/p>\n<p><em>Fabriqu\u00e9es en Turquie. Composition : 70% Bambou, 28.5% Polyamide, 1.5% Elasthanne.<\/em><\/p>\n<p><strong>Pourquoi des chaussettes en bambou ?<\/strong><\/p>\n<p>&#8211; respirantes<\/p>\n<p>&#8211; antibact\u00e9riennes<\/p>\n<p>&#8211; thermor\u00e9gulatrices<\/p>\n<p>&#8211; \u00e9vacuant l&rsquo;humidit\u00e9<\/p>\n<p>.- couture d&rsquo;orteil lisse<\/p>\n<p>&#8211; fibres de bambou respectueuses de l&rsquo;environnement<\/p>\n<p><strong>Commandez d\u00e8s maintenant et offrez \u00e0 vos clients un confort et un style respectueux de la plan\u00e8te.<\/strong><\/p>\n<p>Commandez d\u00e8s maintenant et offrez \u00e0 vos clients un confort et un style respectueux de la plan\u00e8te.<\/p>\n","protected":false},"excerpt":{"rendered":"<p>Les chaussettes Hop Hare Bamboo Low &#8211; Evil Eye &#038; ; Hamsa &#8211; &nbsp;un design captivant rencontre un confort exceptionnel. Ces chaussettes sont une repr\u00e9sentation \u00e9tonnante du mysticisme, des croyances, des traditions et des symboles puissants de protection et de bonne fortune, offrant une fusion de style et de signification spirituelle.&nbsp; Fabriqu\u00e9es en fil de [&hellip;]<\/p>\n","protected":false},"featured_media":317770,"comment_status":"closed","ping_status":"open","template":"","meta":{"_angie_page":false},"product_brand":[27113],"product_cat":[26612,25836],"product_tag":[],"class_list":{"0":"post-235436","1":"product","2":"type-product","3":"status-publish","4":"has-post-thumbnail","6":"product_brand-hop-hare","7":"product_cat-chaussettes","8":"product_cat-vetements","9":"pa_collection-hop-hore-bamboo-low-trainer-socks-fr","10":"pa_made-in-turquie","12":"first","13":"instock","14":"purchasable","15":"product-type-simple"},"supplier_id":null,"supplier_sku":"BamSL-18F","barcode":null,"atum_controlled":true,"out_stock_date":null,"out_stock_threshold":null,"inheritable":false,"inbound_stock":null,"stock_on_hold":0,"sold_today":0,"sales_last_days":0,"reserved_stock":null,"customer_returns":null,"warehouse_damage":null,"lost_in_post":null,"other_logs":null,"out_stock_days":0,"lost_sales":0,"has_location":null,"update_date":"2026-05-08T05:04:56","atum_locations":[],"atum_stock_status":"instock","restock_status":false,"low_stock_amount":"","sales_update_date":"2026-01-30T01:24:46","calc_backorders":null,"_links":{"self":[{"href":"https:\/\/aromasentia.com\/fr\/wp-json\/wp\/v2\/product\/235436","targetHints":{"allow":["GET"]}}],"collection":[{"href":"https:\/\/aromasentia.com\/fr\/wp-json\/wp\/v2\/product"}],"about":[{"href":"https:\/\/aromasentia.com\/fr\/wp-json\/wp\/v2\/types\/product"}],"replies":[{"embeddable":true,"href":"https:\/\/aromasentia.com\/fr\/wp-json\/wp\/v2\/comments?post=235436"}],"version-history":[{"count":0,"href":"https:\/\/aromasentia.com\/fr\/wp-json\/wp\/v2\/product\/235436\/revisions"}],"wp:featuredmedia":[{"embeddable":true,"href":"https:\/\/aromasentia.com\/fr\/wp-json\/wp\/v2\/media\/317770"}],"wp:attachment":[{"href":"https:\/\/aromasentia.com\/fr\/wp-json\/wp\/v2\/media?parent=235436"}],"wp:term":[{"taxonomy":"product_brand","embeddable":true,"href":"https:\/\/aromasentia.com\/fr\/wp-json\/wp\/v2\/product_brand?post=235436"},{"taxonomy":"product_cat","embeddable":true,"href":"https:\/\/aromasentia.com\/fr\/wp-json\/wp\/v2\/product_cat?post=235436"},{"taxonomy":"product_tag","embeddable":true,"href":"https:\/\/aromasentia.com\/fr\/wp-json\/wp\/v2\/product_tag?post=235436"}],"curies":[{"name":"wp","href":"https:\/\/api.w.org\/{rel}","templated":true}]}}